{"id":8535,"date":"2026-03-27T21:49:31","date_gmt":"2026-03-27T19:49:31","guid":{"rendered":"https:\/\/bigbuy.tupique.com\/produto\/6-in-1-folding-mandolin-grater-choppie-innovagoods\/"},"modified":"2026-05-11T21:23:44","modified_gmt":"2026-05-11T19:23:44","slug":"6-in-1-folding-mandolin-grater-choppie-innovagoods","status":"publish","type":"product","link":"https:\/\/tupique.com\/pt\/product\/6-in-1-folding-mandolin-grater-choppie-innovagoods\/","title":{"rendered":"Mandoline-R\u00e2pe Pliable 6 en 1 Choppie InnovaGoods"},"content":{"rendered":"<div class=\"col-md-6\"><b>InnovaGoods<\/b> vient vous aider \u00e0 cuisiner facilement et de mani\u00e8re amusante en vous offrant les meilleures nouveaut\u00e9s pour votre cuisine, comme <b>Mandoline-R\u00e2pe Pliable 6 en 1 Choppie InnovaGoods <\/b> ! D\u00e9couvrez une vaste gamme de produits de qualit\u00e9 qui se d\u00e9marquent de par leur fonctionnalit\u00e9, leur efficacit\u00e9 et leur design innovant !<\/p>\n<ul>\n<li>Mat\u00e9riel:\n<ul>\n<li>ABS<\/li>\n<li>Acier inoxydable<\/li>\n<\/ul>\n<\/li>\n<li>Couleur:\n<ul>\n<li>Gris<\/li>\n<li>Vert<\/li>\n<\/ul>\n<\/li>\n<li>Type: Coupe-l\u00e9gumes<\/li>\n<li>Design innovant et fonctionnel: Gain de temps et \u00e9conomie d&#8217;efforts<\/li>\n<li>Caract\u00e9ristiques: D\u00e9montable<\/li>\n<li>Pliable: Gain de place<\/li>\n<li>Cuisine saine et originale: Cuisson rapide et sans mati\u00e8re grasse<\/li>\n<li>Multifonction: Un coupe-l\u00e9gumes et une r\u00e2pe compl\u00e8te et efficace avec accessoires<\/li>\n<li>3 accessoires de r\u00e2pes: Fin, \u00e9pais, d\u00e9chiqueteur<\/li>\n<li>3 accessoires coupe-l\u00e9gumes: Julienne, couteau plat et couteau ondul\u00e9<\/li>\n<li>Pieds antid\u00e9rapants et anse de fixation: Fixation ferme<\/li>\n<li>Inclut:\n<ul>\n<li>Protection anti-coupures<\/li>\n<li>Brosse nettoyante<\/li>\n<\/ul>\n<\/li>\n<li>Tr\u00e8s commode et pratique, tr\u00e8s utile pour la cuisine: Facile \u00e0 utiliser, l\u00e9ger et maniable<\/li>\n<li>Facile \u00e0 nettoyer: Convient aux lave-vaisselles<\/li>\n<li>Compact: Facile \u00e0 transporter et \u00e0 ranger<\/li>\n<li>Dimensions approx.: 14,5 x 14 x 16 cm<\/li>\n<li>Packaging, livre et recettes en 24 langues: anglais, fran\u00e7ais, espagnol, allemand, italien, portugais, n\u00e9erlandais, polonais, hongrois, roumain, danois, su\u00e9dois, finnois, lituanien, norv\u00e9gien, slov\u00e8ne, grec, tch\u00e8que, bulgare, croate, slovaque, estonien, russe, letton<\/li>\n<\/ul>\n<\/div>\n<div class=\"col-md-6\">\n<div class=\"embed-responsive embed-responsive-16by9\"><iframe class=\"embed-responsive-item\" src=\"https:\/\/www.youtube.com\/embed\/1_WieebJxd8\" frameborder=\"0\" allowfullscreen><\/iframe><\/div>\n<\/div>","protected":false},"excerpt":{"rendered":"<p>InnovaGoods vient vous aider \u00e0 cuisiner facilement et de mani\u00e8re amusante en vous offrant les meilleures nouveaut\u00e9s pour votre cuisine, comme Mandoline-R\u00e2pe Pliable 6 en 1 Choppie InnovaGoods ! D\u00e9couvrez une vaste gamme de produits de qualit\u00e9 qui se d\u00e9marquent de par leur fonctionnalit\u00e9, leur efficacit\u00e9 et leur design innovant ! Mat\u00e9riel: ABS Acier inoxydable [&hellip;]<\/p>\n","protected":false},"featured_media":179494,"comment_status":"open","ping_status":"closed","template":"","meta":[],"product_brand":[256],"product_cat":[1818,63,227,60,1833,1796,224],"product_tag":[104],"woo-feed-brand":[],"class_list":{"0":"post-8535","1":"product","2":"type-product","3":"status-publish","4":"has-post-thumbnail","6":"product_brand-brandp_1281","7":"product_cat-accessoires-de-cuisine","8":"product_cat-cadeaux-originaux","9":"product_cat-cadeaux-pour-la-cuisine","10":"product_cat-cuisine-gourmet","11":"product_cat-rapes-eplucheurs-et-decoupe-fruits-et-legumes","12":"product_cat-teleachat-vu-a-la-television","13":"product_cat-ustensiles-et-accessoires-de-cuisine","14":"product_tag-tag_1279","16":"first","17":"instock","18":"taxable","19":"shipping-taxable","20":"purchasable","21":"product-type-simple"},"yoast_head":"<!-- This site is optimized with the Yoast SEO plugin v27.6 - https:\/\/yoast.com\/product\/yoast-seo-wordpress\/ -->\n<title>Mandoline-R\u00e2pe Pliable 6 en 1 Choppie InnovaGoods | | Tupique<\/title>\n<meta name=\"description\" content=\"Envie d&#039;acheter Mandoline-R\u00e2pe Pliable 6 en 1 Choppie InnovaGoods\u00a0? Achetez Mandoline-R\u00e2pe Pliable 6 en 1 Choppie InnovaGoods maintenant avec Tupique en 3 versements sans int\u00e9r\u00eat.\" \/>\n<meta name=\"robots\" content=\"index, follow, max-snippet:-1, max-image-preview:large, max-video-preview:-1\" \/>\n<link rel=\"canonical\" href=\"https:\/\/tupique.com\/pt\/product\/6-in-1-folding-mandolin-grater-choppie-innovagoods\/\" \/>\n<meta property=\"og:locale\" content=\"pt_PT\" \/>\n<meta property=\"og:type\" content=\"article\" \/>\n<meta property=\"og:title\" content=\"Mandoline-R\u00e2pe Pliable 6 en 1 Choppie InnovaGoods | | Tupique\" \/>\n<meta property=\"og:description\" content=\"Envie d&#039;acheter Mandoline-R\u00e2pe Pliable 6 en 1 Choppie InnovaGoods\u00a0? Achetez Mandoline-R\u00e2pe Pliable 6 en 1 Choppie InnovaGoods maintenant avec Tupique en 3 versements sans int\u00e9r\u00eat.\" \/>\n<meta property=\"og:url\" content=\"https:\/\/tupique.com\/pt\/product\/6-in-1-folding-mandolin-grater-choppie-innovagoods\/\" \/>\n<meta property=\"og:site_name\" content=\"Tupique\" \/>\n<meta property=\"article:modified_time\" content=\"2026-05-11T19:23:44+00:00\" \/>\n<meta property=\"og:image\" content=\"https:\/\/tupique.com\/wp-content\/uploads\/2026\/05\/V0101228_000_MKT-v_13.jpg\" \/>\n\t<meta property=\"og:image:width\" content=\"1200\" \/>\n\t<meta property=\"og:image:height\" content=\"1200\" \/>\n\t<meta property=\"og:image:type\" content=\"image\/jpeg\" \/>\n<meta name=\"twitter:card\" content=\"summary_large_image\" \/>\n<meta name=\"twitter:label1\" content=\"Tempo estimado de leitura\" \/>\n\t<meta name=\"twitter:data1\" content=\"1 minuto\" \/>\n<script type=\"application\/ld+json\" class=\"yoast-schema-graph\">{\"@context\":\"https:\\\/\\\/schema.org\",\"@graph\":[{\"@type\":\"WebPage\",\"@id\":\"https:\\\/\\\/tupique.com\\\/en\\\/product\\\/6-in-1-folding-mandolin-grater-choppie-innovagoods\\\/\",\"url\":\"https:\\\/\\\/tupique.com\\\/en\\\/product\\\/6-in-1-folding-mandolin-grater-choppie-innovagoods\\\/\",\"name\":\"Mandoline-R\u00e2pe Pliable 6 en 1 Choppie InnovaGoods | | Tupique\",\"isPartOf\":{\"@id\":\"https:\\\/\\\/tupique.com\\\/#website\"},\"primaryImageOfPage\":{\"@id\":\"https:\\\/\\\/tupique.com\\\/en\\\/product\\\/6-in-1-folding-mandolin-grater-choppie-innovagoods\\\/#primaryimage\"},\"image\":{\"@id\":\"https:\\\/\\\/tupique.com\\\/en\\\/product\\\/6-in-1-folding-mandolin-grater-choppie-innovagoods\\\/#primaryimage\"},\"thumbnailUrl\":\"https:\\\/\\\/tupique.com\\\/wp-content\\\/uploads\\\/2026\\\/05\\\/V0101228_000_MKT-v_13.jpg\",\"datePublished\":\"2026-03-27T19:49:31+00:00\",\"dateModified\":\"2026-05-11T19:23:44+00:00\",\"description\":\"Envie d'acheter Mandoline-R\u00e2pe Pliable 6 en 1 Choppie InnovaGoods\u00a0? Achetez Mandoline-R\u00e2pe Pliable 6 en 1 Choppie InnovaGoods maintenant avec Tupique en 3 versements sans int\u00e9r\u00eat.\",\"breadcrumb\":{\"@id\":\"https:\\\/\\\/tupique.com\\\/en\\\/product\\\/6-in-1-folding-mandolin-grater-choppie-innovagoods\\\/#breadcrumb\"},\"inLanguage\":\"pt-PT\",\"potentialAction\":[{\"@type\":\"ReadAction\",\"target\":[\"https:\\\/\\\/tupique.com\\\/en\\\/product\\\/6-in-1-folding-mandolin-grater-choppie-innovagoods\\\/\"]}]},{\"@type\":\"ImageObject\",\"inLanguage\":\"pt-PT\",\"@id\":\"https:\\\/\\\/tupique.com\\\/en\\\/product\\\/6-in-1-folding-mandolin-grater-choppie-innovagoods\\\/#primaryimage\",\"url\":\"https:\\\/\\\/tupique.com\\\/wp-content\\\/uploads\\\/2026\\\/05\\\/V0101228_000_MKT-v_13.jpg\",\"contentUrl\":\"https:\\\/\\\/tupique.com\\\/wp-content\\\/uploads\\\/2026\\\/05\\\/V0101228_000_MKT-v_13.jpg\",\"width\":1200,\"height\":1200,\"caption\":\"V0101228_0\"},{\"@type\":\"BreadcrumbList\",\"@id\":\"https:\\\/\\\/tupique.com\\\/en\\\/product\\\/6-in-1-folding-mandolin-grater-choppie-innovagoods\\\/#breadcrumb\",\"itemListElement\":[{\"@type\":\"ListItem\",\"position\":1,\"name\":\"commencer\",\"item\":\"https:\\\/\\\/tupique.com\\\/\"},{\"@type\":\"ListItem\",\"position\":2,\"name\":\"Loja\",\"item\":\"https:\\\/\\\/tupique.com\\\/pt\\\/loja\\\/\"},{\"@type\":\"ListItem\",\"position\":3,\"name\":\"Mandoline-R\u00e2pe Pliable 6 en 1 Choppie InnovaGoods\"}]},{\"@type\":\"WebSite\",\"@id\":\"https:\\\/\\\/tupique.com\\\/#website\",\"url\":\"https:\\\/\\\/tupique.com\\\/\",\"name\":\"Tupique\",\"description\":\"\",\"publisher\":{\"@id\":\"https:\\\/\\\/tupique.com\\\/#organization\"},\"potentialAction\":[{\"@type\":\"SearchAction\",\"target\":{\"@type\":\"EntryPoint\",\"urlTemplate\":\"https:\\\/\\\/tupique.com\\\/?s={search_term_string}\"},\"query-input\":{\"@type\":\"PropertyValueSpecification\",\"valueRequired\":true,\"valueName\":\"search_term_string\"}}],\"inLanguage\":\"pt-PT\"},{\"@type\":\"Organization\",\"@id\":\"https:\\\/\\\/tupique.com\\\/#organization\",\"name\":\"Tupique\",\"url\":\"https:\\\/\\\/tupique.com\\\/\",\"logo\":{\"@type\":\"ImageObject\",\"inLanguage\":\"pt-PT\",\"@id\":\"https:\\\/\\\/tupique.com\\\/#\\\/schema\\\/logo\\\/image\\\/\",\"url\":\"https:\\\/\\\/tupique.com\\\/wp-content\\\/uploads\\\/2026\\\/03\\\/logo-tupique-1.webp\",\"contentUrl\":\"https:\\\/\\\/tupique.com\\\/wp-content\\\/uploads\\\/2026\\\/03\\\/logo-tupique-1.webp\",\"width\":500,\"height\":67,\"caption\":\"Tupique\"},\"image\":{\"@id\":\"https:\\\/\\\/tupique.com\\\/#\\\/schema\\\/logo\\\/image\\\/\"}}]}<\/script>\n<!-- \/ Yoast SEO plugin. -->","yoast_head_json":{"title":"Mandoline-R\u00e2pe Pliable 6 en 1 Choppie InnovaGoods | | Tupique","description":"Envie d'acheter Mandoline-R\u00e2pe Pliable 6 en 1 Choppie InnovaGoods\u00a0? Achetez Mandoline-R\u00e2pe Pliable 6 en 1 Choppie InnovaGoods maintenant avec Tupique en 3 versements sans int\u00e9r\u00eat.","robots":{"index":"index","follow":"follow","max-snippet":"max-snippet:-1","max-image-preview":"max-image-preview:large","max-video-preview":"max-video-preview:-1"},"canonical":"https:\/\/tupique.com\/pt\/product\/6-in-1-folding-mandolin-grater-choppie-innovagoods\/","og_locale":"pt_PT","og_type":"article","og_title":"Mandoline-R\u00e2pe Pliable 6 en 1 Choppie InnovaGoods | | Tupique","og_description":"Envie d'acheter Mandoline-R\u00e2pe Pliable 6 en 1 Choppie InnovaGoods\u00a0? Achetez Mandoline-R\u00e2pe Pliable 6 en 1 Choppie InnovaGoods maintenant avec Tupique en 3 versements sans int\u00e9r\u00eat.","og_url":"https:\/\/tupique.com\/pt\/product\/6-in-1-folding-mandolin-grater-choppie-innovagoods\/","og_site_name":"Tupique","article_modified_time":"2026-05-11T19:23:44+00:00","og_image":[{"width":1200,"height":1200,"url":"https:\/\/tupique.com\/wp-content\/uploads\/2026\/05\/V0101228_000_MKT-v_13.jpg","type":"image\/jpeg"}],"twitter_card":"summary_large_image","twitter_misc":{"Tempo estimado de leitura":"1 minuto"},"schema":{"@context":"https:\/\/schema.org","@graph":[{"@type":"WebPage","@id":"https:\/\/tupique.com\/en\/product\/6-in-1-folding-mandolin-grater-choppie-innovagoods\/","url":"https:\/\/tupique.com\/en\/product\/6-in-1-folding-mandolin-grater-choppie-innovagoods\/","name":"Mandoline-R\u00e2pe Pliable 6 en 1 Choppie InnovaGoods | | Tupique","isPartOf":{"@id":"https:\/\/tupique.com\/#website"},"primaryImageOfPage":{"@id":"https:\/\/tupique.com\/en\/product\/6-in-1-folding-mandolin-grater-choppie-innovagoods\/#primaryimage"},"image":{"@id":"https:\/\/tupique.com\/en\/product\/6-in-1-folding-mandolin-grater-choppie-innovagoods\/#primaryimage"},"thumbnailUrl":"https:\/\/tupique.com\/wp-content\/uploads\/2026\/05\/V0101228_000_MKT-v_13.jpg","datePublished":"2026-03-27T19:49:31+00:00","dateModified":"2026-05-11T19:23:44+00:00","description":"Envie d'acheter Mandoline-R\u00e2pe Pliable 6 en 1 Choppie InnovaGoods\u00a0? Achetez Mandoline-R\u00e2pe Pliable 6 en 1 Choppie InnovaGoods maintenant avec Tupique en 3 versements sans int\u00e9r\u00eat.","breadcrumb":{"@id":"https:\/\/tupique.com\/en\/product\/6-in-1-folding-mandolin-grater-choppie-innovagoods\/#breadcrumb"},"inLanguage":"pt-PT","potentialAction":[{"@type":"ReadAction","target":["https:\/\/tupique.com\/en\/product\/6-in-1-folding-mandolin-grater-choppie-innovagoods\/"]}]},{"@type":"ImageObject","inLanguage":"pt-PT","@id":"https:\/\/tupique.com\/en\/product\/6-in-1-folding-mandolin-grater-choppie-innovagoods\/#primaryimage","url":"https:\/\/tupique.com\/wp-content\/uploads\/2026\/05\/V0101228_000_MKT-v_13.jpg","contentUrl":"https:\/\/tupique.com\/wp-content\/uploads\/2026\/05\/V0101228_000_MKT-v_13.jpg","width":1200,"height":1200,"caption":"V0101228_0"},{"@type":"BreadcrumbList","@id":"https:\/\/tupique.com\/en\/product\/6-in-1-folding-mandolin-grater-choppie-innovagoods\/#breadcrumb","itemListElement":[{"@type":"ListItem","position":1,"name":"commencer","item":"https:\/\/tupique.com\/"},{"@type":"ListItem","position":2,"name":"Loja","item":"https:\/\/tupique.com\/pt\/loja\/"},{"@type":"ListItem","position":3,"name":"Mandoline-R\u00e2pe Pliable 6 en 1 Choppie InnovaGoods"}]},{"@type":"WebSite","@id":"https:\/\/tupique.com\/#website","url":"https:\/\/tupique.com\/","name":"Tupique","description":"","publisher":{"@id":"https:\/\/tupique.com\/#organization"},"potentialAction":[{"@type":"SearchAction","target":{"@type":"EntryPoint","urlTemplate":"https:\/\/tupique.com\/?s={search_term_string}"},"query-input":{"@type":"PropertyValueSpecification","valueRequired":true,"valueName":"search_term_string"}}],"inLanguage":"pt-PT"},{"@type":"Organization","@id":"https:\/\/tupique.com\/#organization","name":"Tupique","url":"https:\/\/tupique.com\/","logo":{"@type":"ImageObject","inLanguage":"pt-PT","@id":"https:\/\/tupique.com\/#\/schema\/logo\/image\/","url":"https:\/\/tupique.com\/wp-content\/uploads\/2026\/03\/logo-tupique-1.webp","contentUrl":"https:\/\/tupique.com\/wp-content\/uploads\/2026\/03\/logo-tupique-1.webp","width":500,"height":67,"caption":"Tupique"},"image":{"@id":"https:\/\/tupique.com\/#\/schema\/logo\/image\/"}}]}},"_links":{"self":[{"href":"https:\/\/tupique.com\/pt\/wp-json\/wp\/v2\/product\/8535","targetHints":{"allow":["GET"]}}],"collection":[{"href":"https:\/\/tupique.com\/pt\/wp-json\/wp\/v2\/product"}],"about":[{"href":"https:\/\/tupique.com\/pt\/wp-json\/wp\/v2\/types\/product"}],"replies":[{"embeddable":true,"href":"https:\/\/tupique.com\/pt\/wp-json\/wp\/v2\/comments?post=8535"}],"wp:featuredmedia":[{"embeddable":true,"href":"https:\/\/tupique.com\/pt\/wp-json\/wp\/v2\/media\/179494"}],"wp:attachment":[{"href":"https:\/\/tupique.com\/pt\/wp-json\/wp\/v2\/media?parent=8535"}],"wp:term":[{"taxonomy":"product_brand","embeddable":true,"href":"https:\/\/tupique.com\/pt\/wp-json\/wp\/v2\/product_brand?post=8535"},{"taxonomy":"product_cat","embeddable":true,"href":"https:\/\/tupique.com\/pt\/wp-json\/wp\/v2\/product_cat?post=8535"},{"taxonomy":"product_tag","embeddable":true,"href":"https:\/\/tupique.com\/pt\/wp-json\/wp\/v2\/product_tag?post=8535"},{"taxonomy":"woo-feed-brand","embeddable":true,"href":"https:\/\/tupique.com\/pt\/wp-json\/wp\/v2\/woo-feed-brand?post=8535"}],"curies":[{"name":"wp","href":"https:\/\/api.w.org\/{rel}","templated":true}]}}