{"id":8538,"date":"2026-03-27T21:49:35","date_gmt":"2026-03-27T19:49:35","guid":{"rendered":"https:\/\/bigbuy.tupique.com\/produto\/bottle-opener-beer-collection\/"},"modified":"2026-05-11T21:23:50","modified_gmt":"2026-05-11T19:23:50","slug":"bottle-opener-beer-collection","status":"publish","type":"product","link":"https:\/\/tupique.com\/pt\/product\/bottle-opener-beer-collection\/","title":{"rendered":"Abridor Beer Collection"},"content":{"rendered":"<p>Si vous \u00eates \u00e0 la recherche de nouvelles tendances sur le march\u00e9, nous vous pr\u00e9sentons <b>Abridor Beer Collection<\/b> !<\/p>\n<ul>\n<li>Mati\u00e8re: M\u00e9tal<\/li>\n<li>Type: D\u00e9capsuleur<\/li>\n<li>Dimensions approx.: 6 x 16 x 1 cm<\/li>\n<\/ul>","protected":false},"excerpt":{"rendered":"<p>Si vous \u00eates \u00e0 la recherche de nouvelles tendances sur le march\u00e9, nous vous pr\u00e9sentons D\u00e9capsuleur Beer Collection ! Mati\u00e8re: M\u00e9tal Type: D\u00e9capsuleur Dimensions approx.: 6 x 16 x 1 cm<\/p>","protected":false},"featured_media":179504,"comment_status":"open","ping_status":"closed","template":"","meta":[],"product_brand":[255],"product_cat":[1862,63,227,60,220,237,224],"product_tag":[101,210,207],"class_list":{"0":"post-8538","1":"product","2":"type-product","3":"status-publish","4":"has-post-thumbnail","6":"product_brand-brandp_2394","7":"product_cat-cadeaux-curieux-et-amusants","8":"product_cat-cadeaux-originaux","9":"product_cat-cadeaux-pour-la-cuisine","10":"product_cat-cuisine-gourmet","11":"product_cat-liqueurs-et-accessoires","12":"product_cat-tire-bouchons-ouvre-boites-et-ouvre-bouteilles","13":"product_cat-ustensiles-et-accessoires-de-cuisine","14":"product_tag-tag_599","15":"product_tag-tag_25","16":"product_tag-tag_1292","18":"first","19":"instock","20":"taxable","21":"shipping-taxable","22":"purchasable","23":"product-type-simple"},"yoast_head":"<!-- This site is optimized with the Yoast SEO plugin v27.5 - https:\/\/yoast.com\/product\/yoast-seo-wordpress\/ -->\n<title>D\u00e9capsuleur Beer Collection - Tupique<\/title>\n<meta name=\"robots\" content=\"index, follow, max-snippet:-1, max-image-preview:large, max-video-preview:-1\" \/>\n<link rel=\"canonical\" href=\"https:\/\/tupique.com\/pt\/product\/bottle-opener-beer-collection\/\" \/>\n<meta property=\"og:locale\" content=\"pt_PT\" \/>\n<meta property=\"og:type\" content=\"article\" \/>\n<meta property=\"og:title\" content=\"D\u00e9capsuleur Beer Collection - Tupique\" \/>\n<meta property=\"og:description\" content=\"Si vous \u00eates \u00e0 la recherche de nouvelles tendances sur le march\u00e9, nous vous pr\u00e9sentons D\u00e9capsuleur Beer Collection ! Mati\u00e8re: M\u00e9tal Type: D\u00e9capsuleur Dimensions approx.: 6 x 16 x 1 cm\" \/>\n<meta property=\"og:url\" content=\"https:\/\/tupique.com\/pt\/product\/bottle-opener-beer-collection\/\" \/>\n<meta property=\"og:site_name\" content=\"Tupique\" \/>\n<meta property=\"article:modified_time\" content=\"2026-05-11T19:23:50+00:00\" \/>\n<meta name=\"twitter:card\" content=\"summary_large_image\" \/>\n<script type=\"application\/ld+json\" class=\"yoast-schema-graph\">{\"@context\":\"https:\\\/\\\/schema.org\",\"@graph\":[{\"@type\":\"WebPage\",\"@id\":\"https:\\\/\\\/tupique.com\\\/product\\\/bottle-opener-beer-collection\\\/\",\"url\":\"https:\\\/\\\/tupique.com\\\/product\\\/bottle-opener-beer-collection\\\/\",\"name\":\"D\u00e9capsuleur Beer Collection - Tupique\",\"isPartOf\":{\"@id\":\"https:\\\/\\\/tupique.com\\\/#website\"},\"primaryImageOfPage\":{\"@id\":\"https:\\\/\\\/tupique.com\\\/product\\\/bottle-opener-beer-collection\\\/#primaryimage\"},\"image\":{\"@id\":\"https:\\\/\\\/tupique.com\\\/product\\\/bottle-opener-beer-collection\\\/#primaryimage\"},\"thumbnailUrl\":\"https:\\\/\\\/tupique.com\\\/wp-content\\\/uploads\\\/2026\\\/05\\\/4029811411979_V0303014_0002.jpg\",\"datePublished\":\"2026-03-27T19:49:35+00:00\",\"dateModified\":\"2026-05-11T19:23:50+00:00\",\"breadcrumb\":{\"@id\":\"https:\\\/\\\/tupique.com\\\/product\\\/bottle-opener-beer-collection\\\/#breadcrumb\"},\"inLanguage\":\"pt-PT\",\"potentialAction\":[{\"@type\":\"ReadAction\",\"target\":[\"https:\\\/\\\/tupique.com\\\/product\\\/bottle-opener-beer-collection\\\/\"]}]},{\"@type\":\"ImageObject\",\"inLanguage\":\"pt-PT\",\"@id\":\"https:\\\/\\\/tupique.com\\\/product\\\/bottle-opener-beer-collection\\\/#primaryimage\",\"url\":\"https:\\\/\\\/tupique.com\\\/wp-content\\\/uploads\\\/2026\\\/05\\\/4029811411979_V0303014_0002.jpg\",\"contentUrl\":\"https:\\\/\\\/tupique.com\\\/wp-content\\\/uploads\\\/2026\\\/05\\\/4029811411979_V0303014_0002.jpg\",\"width\":1200,\"height\":1200,\"caption\":\"V0303014_0\"},{\"@type\":\"BreadcrumbList\",\"@id\":\"https:\\\/\\\/tupique.com\\\/product\\\/bottle-opener-beer-collection\\\/#breadcrumb\",\"itemListElement\":[{\"@type\":\"ListItem\",\"position\":1,\"name\":\"commencer\",\"item\":\"https:\\\/\\\/tupique.com\\\/\"},{\"@type\":\"ListItem\",\"position\":2,\"name\":\"Loja\",\"item\":\"https:\\\/\\\/tupique.com\\\/loja\\\/\"},{\"@type\":\"ListItem\",\"position\":3,\"name\":\"D\u00e9capsuleur Beer Collection\"}]},{\"@type\":\"WebSite\",\"@id\":\"https:\\\/\\\/tupique.com\\\/#website\",\"url\":\"https:\\\/\\\/tupique.com\\\/\",\"name\":\"Tupique\",\"description\":\"\",\"publisher\":{\"@id\":\"https:\\\/\\\/tupique.com\\\/#organization\"},\"potentialAction\":[{\"@type\":\"SearchAction\",\"target\":{\"@type\":\"EntryPoint\",\"urlTemplate\":\"https:\\\/\\\/tupique.com\\\/?s={search_term_string}\"},\"query-input\":{\"@type\":\"PropertyValueSpecification\",\"valueRequired\":true,\"valueName\":\"search_term_string\"}}],\"inLanguage\":\"pt-PT\"},{\"@type\":\"Organization\",\"@id\":\"https:\\\/\\\/tupique.com\\\/#organization\",\"name\":\"Tupique\",\"url\":\"https:\\\/\\\/tupique.com\\\/\",\"logo\":{\"@type\":\"ImageObject\",\"inLanguage\":\"pt-PT\",\"@id\":\"https:\\\/\\\/tupique.com\\\/#\\\/schema\\\/logo\\\/image\\\/\",\"url\":\"https:\\\/\\\/tupique.com\\\/wp-content\\\/uploads\\\/2026\\\/03\\\/logo-tupique-1.webp\",\"contentUrl\":\"https:\\\/\\\/tupique.com\\\/wp-content\\\/uploads\\\/2026\\\/03\\\/logo-tupique-1.webp\",\"width\":500,\"height\":67,\"caption\":\"Tupique\"},\"image\":{\"@id\":\"https:\\\/\\\/tupique.com\\\/#\\\/schema\\\/logo\\\/image\\\/\"}}]}<\/script>\n<!-- \/ Yoast SEO plugin. -->","yoast_head_json":{"title":"D\u00e9capsuleur Beer Collection - Tupique","robots":{"index":"index","follow":"follow","max-snippet":"max-snippet:-1","max-image-preview":"max-image-preview:large","max-video-preview":"max-video-preview:-1"},"canonical":"https:\/\/tupique.com\/pt\/product\/bottle-opener-beer-collection\/","og_locale":"pt_PT","og_type":"article","og_title":"D\u00e9capsuleur Beer Collection - Tupique","og_description":"Si vous \u00eates \u00e0 la recherche de nouvelles tendances sur le march\u00e9, nous vous pr\u00e9sentons D\u00e9capsuleur Beer Collection ! Mati\u00e8re: M\u00e9tal Type: D\u00e9capsuleur Dimensions approx.: 6 x 16 x 1 cm","og_url":"https:\/\/tupique.com\/pt\/product\/bottle-opener-beer-collection\/","og_site_name":"Tupique","article_modified_time":"2026-05-11T19:23:50+00:00","twitter_card":"summary_large_image","schema":{"@context":"https:\/\/schema.org","@graph":[{"@type":"WebPage","@id":"https:\/\/tupique.com\/product\/bottle-opener-beer-collection\/","url":"https:\/\/tupique.com\/product\/bottle-opener-beer-collection\/","name":"D\u00e9capsuleur Beer Collection - Tupique","isPartOf":{"@id":"https:\/\/tupique.com\/#website"},"primaryImageOfPage":{"@id":"https:\/\/tupique.com\/product\/bottle-opener-beer-collection\/#primaryimage"},"image":{"@id":"https:\/\/tupique.com\/product\/bottle-opener-beer-collection\/#primaryimage"},"thumbnailUrl":"https:\/\/tupique.com\/wp-content\/uploads\/2026\/05\/4029811411979_V0303014_0002.jpg","datePublished":"2026-03-27T19:49:35+00:00","dateModified":"2026-05-11T19:23:50+00:00","breadcrumb":{"@id":"https:\/\/tupique.com\/product\/bottle-opener-beer-collection\/#breadcrumb"},"inLanguage":"pt-PT","potentialAction":[{"@type":"ReadAction","target":["https:\/\/tupique.com\/product\/bottle-opener-beer-collection\/"]}]},{"@type":"ImageObject","inLanguage":"pt-PT","@id":"https:\/\/tupique.com\/product\/bottle-opener-beer-collection\/#primaryimage","url":"https:\/\/tupique.com\/wp-content\/uploads\/2026\/05\/4029811411979_V0303014_0002.jpg","contentUrl":"https:\/\/tupique.com\/wp-content\/uploads\/2026\/05\/4029811411979_V0303014_0002.jpg","width":1200,"height":1200,"caption":"V0303014_0"},{"@type":"BreadcrumbList","@id":"https:\/\/tupique.com\/product\/bottle-opener-beer-collection\/#breadcrumb","itemListElement":[{"@type":"ListItem","position":1,"name":"commencer","item":"https:\/\/tupique.com\/"},{"@type":"ListItem","position":2,"name":"Loja","item":"https:\/\/tupique.com\/loja\/"},{"@type":"ListItem","position":3,"name":"D\u00e9capsuleur Beer Collection"}]},{"@type":"WebSite","@id":"https:\/\/tupique.com\/#website","url":"https:\/\/tupique.com\/","name":"Tupique","description":"","publisher":{"@id":"https:\/\/tupique.com\/#organization"},"potentialAction":[{"@type":"SearchAction","target":{"@type":"EntryPoint","urlTemplate":"https:\/\/tupique.com\/?s={search_term_string}"},"query-input":{"@type":"PropertyValueSpecification","valueRequired":true,"valueName":"search_term_string"}}],"inLanguage":"pt-PT"},{"@type":"Organization","@id":"https:\/\/tupique.com\/#organization","name":"Tupique","url":"https:\/\/tupique.com\/","logo":{"@type":"ImageObject","inLanguage":"pt-PT","@id":"https:\/\/tupique.com\/#\/schema\/logo\/image\/","url":"https:\/\/tupique.com\/wp-content\/uploads\/2026\/03\/logo-tupique-1.webp","contentUrl":"https:\/\/tupique.com\/wp-content\/uploads\/2026\/03\/logo-tupique-1.webp","width":500,"height":67,"caption":"Tupique"},"image":{"@id":"https:\/\/tupique.com\/#\/schema\/logo\/image\/"}}]}},"_links":{"self":[{"href":"https:\/\/tupique.com\/pt\/wp-json\/wp\/v2\/product\/8538","targetHints":{"allow":["GET"]}}],"collection":[{"href":"https:\/\/tupique.com\/pt\/wp-json\/wp\/v2\/product"}],"about":[{"href":"https:\/\/tupique.com\/pt\/wp-json\/wp\/v2\/types\/product"}],"replies":[{"embeddable":true,"href":"https:\/\/tupique.com\/pt\/wp-json\/wp\/v2\/comments?post=8538"}],"wp:featuredmedia":[{"embeddable":true,"href":"https:\/\/tupique.com\/pt\/wp-json\/wp\/v2\/media\/179504"}],"wp:attachment":[{"href":"https:\/\/tupique.com\/pt\/wp-json\/wp\/v2\/media?parent=8538"}],"wp:term":[{"taxonomy":"product_brand","embeddable":true,"href":"https:\/\/tupique.com\/pt\/wp-json\/wp\/v2\/product_brand?post=8538"},{"taxonomy":"product_cat","embeddable":true,"href":"https:\/\/tupique.com\/pt\/wp-json\/wp\/v2\/product_cat?post=8538"},{"taxonomy":"product_tag","embeddable":true,"href":"https:\/\/tupique.com\/pt\/wp-json\/wp\/v2\/product_tag?post=8538"}],"curies":[{"name":"wp","href":"https:\/\/api.w.org\/{rel}","templated":true}]}}