{"id":8553,"date":"2026-03-27T21:49:54","date_gmt":"2026-03-27T19:49:54","guid":{"rendered":"https:\/\/bigbuy.tupique.com\/produto\/microwave-cleaner-fuming-chef-innovagoods\/"},"modified":"2026-05-11T21:23:44","modified_gmt":"2026-05-11T19:23:44","slug":"microwave-cleaner-fuming-chef-innovagoods","status":"publish","type":"product","link":"https:\/\/tupique.com\/pt\/product\/microwave-cleaner-fuming-chef-innovagoods\/","title":{"rendered":"Nettoyeur \u00e0 micro-ondes Fuming Chef InnovaGoods"},"content":{"rendered":"<div class=\"col-md-6\"><b>InnovaGoods<\/b> vous offre les meilleures nouveaut\u00e9s pour la maison, comme <b>Nettoyeur \u00e0 micro-ondes Fuming Chef InnovaGoods <\/b> ! D\u00e9couvrez une vaste gamme de produits de qualit\u00e9 qui se d\u00e9marquent de par leur fonctionnalit\u00e9, leur efficacit\u00e9 et leur design innovant : \u00e9clairage, organisation, d\u00e9coration, climatisation, jardin, animaux domestiques, nettoyage, etc.<\/p>\n<p>Un nettoyeur micro-ondes original qui permet un nettoyage rapide, facile et efficace. Il suffit de le remplir avec 60 ml d&#8217;eau et 60 ml de vinaigre et de le placer au micro-ondes pendant 5 \u00e0 8 minutes \u00e0 puissance maximale. De plus, il attirera l&#8217;attention de tous les membres de la cuisine pour son design cr\u00e9atif et amusant inspir\u00e9 par le c\u00e9l\u00e8bre chef international Paul Bertrand.<\/p>\n<ul>\n<li>Mat\u00e9riel: polypropyl\u00e8ne<\/li>\n<li>Couleur:\n<ul>\n<li>Rouge<\/li>\n<li>Beige<\/li>\n<li>Transparent<\/li>\n<\/ul>\n<\/li>\n<li>Type: Nettoyeur \u00e0 micro-ondes<\/li>\n<li>Conception originale: Design moderne<\/li>\n<li>Novateur et pratique: Utilisation pratique et simple<\/li>\n<li>Caract\u00e9ristiques: Indicateur de niveau d&#8217;eau et de vinaigre<\/li>\n<li>Facilit\u00e9 d&#8217;utilisation: Fonctionne avec de l&#8217;eau et du vinaigre (non inclus)<\/li>\n<li>Toilettage plus rapide et plus efficace: Gain de temps et \u00e9conomie d&#8217;efforts<\/li>\n<li>L\u00e9ger et maniable: Facile \u00e0 transporter et \u00e0 ranger<\/li>\n<li>Facile \u00e0 nettoyer: Convient aux lave-vaisselles<\/li>\n<li>Dimensions approx.: 6,5 x 15,5 x 11 cm<\/li>\n<li>Packaging et manuel en 24 langues: anglais, fran\u00e7ais, espagnol, allemand, italien, portugais, n\u00e9erlandais, polonais, hongrois, roumain, danois, su\u00e9dois, finnois, lituanien, norv\u00e9gien, slov\u00e8ne, grec, tch\u00e8que, bulgare, croate, slovaque, estonien, russe, letton<\/li>\n<\/ul>\n<\/div>\n<div class=\"col-md-6\">\n<div class=\"embed-responsive embed-responsive-16by9\"><iframe class=\"embed-responsive-item\" src=\"https:\/\/www.youtube.com\/embed\/wLTy1eSlIsA\" frameborder=\"0\" allowfullscreen><\/iframe><\/div>\n<\/div>","protected":false},"excerpt":{"rendered":"<p><span class=\"unit-info\">18.9900 &euro; \/ 1 unit<\/span><\/p>","protected":false},"featured_media":179718,"comment_status":"open","ping_status":"closed","template":"","meta":[],"product_brand":[256],"product_cat":[1818,225,241,63,227,60,239,240,1796,224],"product_tag":[55],"woo-feed-brand":[],"class_list":{"0":"post-8553","1":"product","2":"type-product","3":"status-publish","4":"has-post-thumbnail","6":"product_brand-brandp_1281","7":"product_cat-accessoires-de-cuisine","8":"product_cat-autres-accessoires-et-ustensiles-de-cuisine","9":"product_cat-autres-produits-menagers","10":"product_cat-cadeaux-originaux","11":"product_cat-cadeaux-pour-la-cuisine","12":"product_cat-cuisine-gourmet","13":"product_cat-maison-jardin","14":"product_cat-nettoyage-aspirateur-et-repassage","15":"product_cat-teleachat-vu-a-la-television","16":"product_cat-ustensiles-et-accessoires-de-cuisine","17":"product_tag-tag_926","19":"first","20":"instock","21":"taxable","22":"shipping-taxable","23":"purchasable","24":"product-type-simple"},"yoast_head":"<!-- This site is optimized with the Yoast SEO plugin v27.6 - https:\/\/yoast.com\/product\/yoast-seo-wordpress\/ -->\n<title>Nettoyeur \u00e0 micro-ondes Fuming Chef InnovaGoods | | Tupique<\/title>\n<meta name=\"description\" content=\"Envie d&#039;acheter Nettoyeur \u00e0 micro-ondes Fuming Chef InnovaGoods\u00a0? Achetez Nettoyeur \u00e0 micro-ondes Fuming Chef InnovaGoods maintenant avec Tupique en 3 versements sans int\u00e9r\u00eat.\" \/>\n<meta name=\"robots\" content=\"index, follow, max-snippet:-1, max-image-preview:large, max-video-preview:-1\" \/>\n<link rel=\"canonical\" href=\"https:\/\/tupique.com\/pt\/product\/microwave-cleaner-fuming-chef-innovagoods\/\" \/>\n<meta property=\"og:locale\" content=\"pt_PT\" \/>\n<meta property=\"og:type\" content=\"article\" \/>\n<meta property=\"og:title\" content=\"Nettoyeur \u00e0 micro-ondes Fuming Chef InnovaGoods | | Tupique\" \/>\n<meta property=\"og:description\" content=\"Envie d&#039;acheter Nettoyeur \u00e0 micro-ondes Fuming Chef InnovaGoods\u00a0? Achetez Nettoyeur \u00e0 micro-ondes Fuming Chef InnovaGoods maintenant avec Tupique en 3 versements sans int\u00e9r\u00eat.\" \/>\n<meta property=\"og:url\" content=\"https:\/\/tupique.com\/pt\/product\/microwave-cleaner-fuming-chef-innovagoods\/\" \/>\n<meta property=\"og:site_name\" content=\"Tupique\" \/>\n<meta property=\"article:modified_time\" content=\"2026-05-11T19:23:44+00:00\" \/>\n<meta property=\"og:image\" content=\"https:\/\/tupique.com\/wp-content\/uploads\/2026\/05\/V0101244_000_MKT-v_13.jpg\" \/>\n\t<meta property=\"og:image:width\" content=\"1200\" \/>\n\t<meta property=\"og:image:height\" content=\"1200\" \/>\n\t<meta property=\"og:image:type\" content=\"image\/jpeg\" \/>\n<meta name=\"twitter:card\" content=\"summary_large_image\" \/>\n<meta name=\"twitter:label1\" content=\"Tempo estimado de leitura\" \/>\n\t<meta name=\"twitter:data1\" content=\"1 minuto\" \/>\n<script type=\"application\/ld+json\" class=\"yoast-schema-graph\">{\"@context\":\"https:\\\/\\\/schema.org\",\"@graph\":[{\"@type\":\"WebPage\",\"@id\":\"https:\\\/\\\/tupique.com\\\/en\\\/product\\\/microwave-cleaner-fuming-chef-innovagoods\\\/\",\"url\":\"https:\\\/\\\/tupique.com\\\/en\\\/product\\\/microwave-cleaner-fuming-chef-innovagoods\\\/\",\"name\":\"Nettoyeur \u00e0 micro-ondes Fuming Chef InnovaGoods | | Tupique\",\"isPartOf\":{\"@id\":\"https:\\\/\\\/tupique.com\\\/#website\"},\"primaryImageOfPage\":{\"@id\":\"https:\\\/\\\/tupique.com\\\/en\\\/product\\\/microwave-cleaner-fuming-chef-innovagoods\\\/#primaryimage\"},\"image\":{\"@id\":\"https:\\\/\\\/tupique.com\\\/en\\\/product\\\/microwave-cleaner-fuming-chef-innovagoods\\\/#primaryimage\"},\"thumbnailUrl\":\"https:\\\/\\\/tupique.com\\\/wp-content\\\/uploads\\\/2026\\\/05\\\/V0101244_000_MKT-v_13.jpg\",\"datePublished\":\"2026-03-27T19:49:54+00:00\",\"dateModified\":\"2026-05-11T19:23:44+00:00\",\"description\":\"Envie d'acheter Nettoyeur \u00e0 micro-ondes Fuming Chef InnovaGoods\u00a0? Achetez Nettoyeur \u00e0 micro-ondes Fuming Chef InnovaGoods maintenant avec Tupique en 3 versements sans int\u00e9r\u00eat.\",\"breadcrumb\":{\"@id\":\"https:\\\/\\\/tupique.com\\\/en\\\/product\\\/microwave-cleaner-fuming-chef-innovagoods\\\/#breadcrumb\"},\"inLanguage\":\"pt-PT\",\"potentialAction\":[{\"@type\":\"ReadAction\",\"target\":[\"https:\\\/\\\/tupique.com\\\/en\\\/product\\\/microwave-cleaner-fuming-chef-innovagoods\\\/\"]}]},{\"@type\":\"ImageObject\",\"inLanguage\":\"pt-PT\",\"@id\":\"https:\\\/\\\/tupique.com\\\/en\\\/product\\\/microwave-cleaner-fuming-chef-innovagoods\\\/#primaryimage\",\"url\":\"https:\\\/\\\/tupique.com\\\/wp-content\\\/uploads\\\/2026\\\/05\\\/V0101244_000_MKT-v_13.jpg\",\"contentUrl\":\"https:\\\/\\\/tupique.com\\\/wp-content\\\/uploads\\\/2026\\\/05\\\/V0101244_000_MKT-v_13.jpg\",\"width\":1200,\"height\":1200,\"caption\":\"V0101244_0\"},{\"@type\":\"BreadcrumbList\",\"@id\":\"https:\\\/\\\/tupique.com\\\/en\\\/product\\\/microwave-cleaner-fuming-chef-innovagoods\\\/#breadcrumb\",\"itemListElement\":[{\"@type\":\"ListItem\",\"position\":1,\"name\":\"commencer\",\"item\":\"https:\\\/\\\/tupique.com\\\/\"},{\"@type\":\"ListItem\",\"position\":2,\"name\":\"Loja\",\"item\":\"https:\\\/\\\/tupique.com\\\/pt\\\/loja\\\/\"},{\"@type\":\"ListItem\",\"position\":3,\"name\":\"Nettoyeur \u00e0 micro-ondes Fuming Chef InnovaGoods\"}]},{\"@type\":\"WebSite\",\"@id\":\"https:\\\/\\\/tupique.com\\\/#website\",\"url\":\"https:\\\/\\\/tupique.com\\\/\",\"name\":\"Tupique\",\"description\":\"\",\"publisher\":{\"@id\":\"https:\\\/\\\/tupique.com\\\/#organization\"},\"potentialAction\":[{\"@type\":\"SearchAction\",\"target\":{\"@type\":\"EntryPoint\",\"urlTemplate\":\"https:\\\/\\\/tupique.com\\\/?s={search_term_string}\"},\"query-input\":{\"@type\":\"PropertyValueSpecification\",\"valueRequired\":true,\"valueName\":\"search_term_string\"}}],\"inLanguage\":\"pt-PT\"},{\"@type\":\"Organization\",\"@id\":\"https:\\\/\\\/tupique.com\\\/#organization\",\"name\":\"Tupique\",\"url\":\"https:\\\/\\\/tupique.com\\\/\",\"logo\":{\"@type\":\"ImageObject\",\"inLanguage\":\"pt-PT\",\"@id\":\"https:\\\/\\\/tupique.com\\\/#\\\/schema\\\/logo\\\/image\\\/\",\"url\":\"https:\\\/\\\/tupique.com\\\/wp-content\\\/uploads\\\/2026\\\/03\\\/logo-tupique-1.webp\",\"contentUrl\":\"https:\\\/\\\/tupique.com\\\/wp-content\\\/uploads\\\/2026\\\/03\\\/logo-tupique-1.webp\",\"width\":500,\"height\":67,\"caption\":\"Tupique\"},\"image\":{\"@id\":\"https:\\\/\\\/tupique.com\\\/#\\\/schema\\\/logo\\\/image\\\/\"}}]}<\/script>\n<!-- \/ Yoast SEO plugin. -->","yoast_head_json":{"title":"Nettoyeur \u00e0 micro-ondes Fuming Chef InnovaGoods | | Tupique","description":"Envie d'acheter Nettoyeur \u00e0 micro-ondes Fuming Chef InnovaGoods\u00a0? Achetez Nettoyeur \u00e0 micro-ondes Fuming Chef InnovaGoods maintenant avec Tupique en 3 versements sans int\u00e9r\u00eat.","robots":{"index":"index","follow":"follow","max-snippet":"max-snippet:-1","max-image-preview":"max-image-preview:large","max-video-preview":"max-video-preview:-1"},"canonical":"https:\/\/tupique.com\/pt\/product\/microwave-cleaner-fuming-chef-innovagoods\/","og_locale":"pt_PT","og_type":"article","og_title":"Nettoyeur \u00e0 micro-ondes Fuming Chef InnovaGoods | | Tupique","og_description":"Envie d'acheter Nettoyeur \u00e0 micro-ondes Fuming Chef InnovaGoods\u00a0? Achetez Nettoyeur \u00e0 micro-ondes Fuming Chef InnovaGoods maintenant avec Tupique en 3 versements sans int\u00e9r\u00eat.","og_url":"https:\/\/tupique.com\/pt\/product\/microwave-cleaner-fuming-chef-innovagoods\/","og_site_name":"Tupique","article_modified_time":"2026-05-11T19:23:44+00:00","og_image":[{"width":1200,"height":1200,"url":"https:\/\/tupique.com\/wp-content\/uploads\/2026\/05\/V0101244_000_MKT-v_13.jpg","type":"image\/jpeg"}],"twitter_card":"summary_large_image","twitter_misc":{"Tempo estimado de leitura":"1 minuto"},"schema":{"@context":"https:\/\/schema.org","@graph":[{"@type":"WebPage","@id":"https:\/\/tupique.com\/en\/product\/microwave-cleaner-fuming-chef-innovagoods\/","url":"https:\/\/tupique.com\/en\/product\/microwave-cleaner-fuming-chef-innovagoods\/","name":"Nettoyeur \u00e0 micro-ondes Fuming Chef InnovaGoods | | Tupique","isPartOf":{"@id":"https:\/\/tupique.com\/#website"},"primaryImageOfPage":{"@id":"https:\/\/tupique.com\/en\/product\/microwave-cleaner-fuming-chef-innovagoods\/#primaryimage"},"image":{"@id":"https:\/\/tupique.com\/en\/product\/microwave-cleaner-fuming-chef-innovagoods\/#primaryimage"},"thumbnailUrl":"https:\/\/tupique.com\/wp-content\/uploads\/2026\/05\/V0101244_000_MKT-v_13.jpg","datePublished":"2026-03-27T19:49:54+00:00","dateModified":"2026-05-11T19:23:44+00:00","description":"Envie d'acheter Nettoyeur \u00e0 micro-ondes Fuming Chef InnovaGoods\u00a0? Achetez Nettoyeur \u00e0 micro-ondes Fuming Chef InnovaGoods maintenant avec Tupique en 3 versements sans int\u00e9r\u00eat.","breadcrumb":{"@id":"https:\/\/tupique.com\/en\/product\/microwave-cleaner-fuming-chef-innovagoods\/#breadcrumb"},"inLanguage":"pt-PT","potentialAction":[{"@type":"ReadAction","target":["https:\/\/tupique.com\/en\/product\/microwave-cleaner-fuming-chef-innovagoods\/"]}]},{"@type":"ImageObject","inLanguage":"pt-PT","@id":"https:\/\/tupique.com\/en\/product\/microwave-cleaner-fuming-chef-innovagoods\/#primaryimage","url":"https:\/\/tupique.com\/wp-content\/uploads\/2026\/05\/V0101244_000_MKT-v_13.jpg","contentUrl":"https:\/\/tupique.com\/wp-content\/uploads\/2026\/05\/V0101244_000_MKT-v_13.jpg","width":1200,"height":1200,"caption":"V0101244_0"},{"@type":"BreadcrumbList","@id":"https:\/\/tupique.com\/en\/product\/microwave-cleaner-fuming-chef-innovagoods\/#breadcrumb","itemListElement":[{"@type":"ListItem","position":1,"name":"commencer","item":"https:\/\/tupique.com\/"},{"@type":"ListItem","position":2,"name":"Loja","item":"https:\/\/tupique.com\/pt\/loja\/"},{"@type":"ListItem","position":3,"name":"Nettoyeur \u00e0 micro-ondes Fuming Chef InnovaGoods"}]},{"@type":"WebSite","@id":"https:\/\/tupique.com\/#website","url":"https:\/\/tupique.com\/","name":"Tupique","description":"","publisher":{"@id":"https:\/\/tupique.com\/#organization"},"potentialAction":[{"@type":"SearchAction","target":{"@type":"EntryPoint","urlTemplate":"https:\/\/tupique.com\/?s={search_term_string}"},"query-input":{"@type":"PropertyValueSpecification","valueRequired":true,"valueName":"search_term_string"}}],"inLanguage":"pt-PT"},{"@type":"Organization","@id":"https:\/\/tupique.com\/#organization","name":"Tupique","url":"https:\/\/tupique.com\/","logo":{"@type":"ImageObject","inLanguage":"pt-PT","@id":"https:\/\/tupique.com\/#\/schema\/logo\/image\/","url":"https:\/\/tupique.com\/wp-content\/uploads\/2026\/03\/logo-tupique-1.webp","contentUrl":"https:\/\/tupique.com\/wp-content\/uploads\/2026\/03\/logo-tupique-1.webp","width":500,"height":67,"caption":"Tupique"},"image":{"@id":"https:\/\/tupique.com\/#\/schema\/logo\/image\/"}}]}},"_links":{"self":[{"href":"https:\/\/tupique.com\/pt\/wp-json\/wp\/v2\/product\/8553","targetHints":{"allow":["GET"]}}],"collection":[{"href":"https:\/\/tupique.com\/pt\/wp-json\/wp\/v2\/product"}],"about":[{"href":"https:\/\/tupique.com\/pt\/wp-json\/wp\/v2\/types\/product"}],"replies":[{"embeddable":true,"href":"https:\/\/tupique.com\/pt\/wp-json\/wp\/v2\/comments?post=8553"}],"wp:featuredmedia":[{"embeddable":true,"href":"https:\/\/tupique.com\/pt\/wp-json\/wp\/v2\/media\/179718"}],"wp:attachment":[{"href":"https:\/\/tupique.com\/pt\/wp-json\/wp\/v2\/media?parent=8553"}],"wp:term":[{"taxonomy":"product_brand","embeddable":true,"href":"https:\/\/tupique.com\/pt\/wp-json\/wp\/v2\/product_brand?post=8553"},{"taxonomy":"product_cat","embeddable":true,"href":"https:\/\/tupique.com\/pt\/wp-json\/wp\/v2\/product_cat?post=8553"},{"taxonomy":"product_tag","embeddable":true,"href":"https:\/\/tupique.com\/pt\/wp-json\/wp\/v2\/product_tag?post=8553"},{"taxonomy":"woo-feed-brand","embeddable":true,"href":"https:\/\/tupique.com\/pt\/wp-json\/wp\/v2\/woo-feed-brand?post=8553"}],"curies":[{"name":"wp","href":"https:\/\/api.w.org\/{rel}","templated":true}]}}