{"id":8631,"date":"2026-03-27T21:51:30","date_gmt":"2026-03-27T19:51:30","guid":{"rendered":"https:\/\/bigbuy.tupique.com\/produto\/glass-montgomery-cumber-39-cl-o-7-x-135-cm\/"},"modified":"2026-05-11T21:17:37","modified_gmt":"2026-05-11T19:17:37","slug":"glass-montgomery-cumber-39-cl-o-7-x-135-cm","status":"publish","type":"product","link":"https:\/\/tupique.com\/pt\/product\/glass-montgomery-cumber-39-cl-o-7-x-135-cm\/","title":{"rendered":"Verre Montgomery Cumber (39 cl) (\u00d8 7 x 13,5 cm)"},"content":{"rendered":"<p>Si vous aimez prendre soin de chaque d\u00e9tail de votre maison et d&#8217;\u00eatre \u00e0 la derni\u00e8re mode en mati\u00e8re de produits qui vous rendront la vie plus facile, achetez <b>Verre Montgomery Cumber (39 cl) (\u00d8 7 x 13,5 cm)<\/b> au meilleur prix.<\/p>\n<ul>\n<li>Mat\u00e9riel: Verre<\/li>\n<li>Type: Verre<\/li>\n<\/ul>","protected":false},"excerpt":{"rendered":"<p>Si vous aimez prendre soin de chaque d\u00e9tail de votre maison et d&#8217;\u00eatre \u00e0 la derni\u00e8re mode en mati\u00e8re de produits qui vous rendront la vie plus facile, achetez Verre Montgomery Cumber (39 cl) (\u00d8 7 x 13,5 cm) au meilleur prix. Mat\u00e9riel: Verre Type: Verre<\/p>","protected":false},"featured_media":180776,"comment_status":"open","ping_status":"closed","template":"","meta":[],"product_brand":[264],"product_cat":[60,216,217],"product_tag":[104],"class_list":{"0":"post-8631","1":"product","2":"type-product","3":"status-publish","4":"has-post-thumbnail","6":"product_brand-brandp_2754","7":"product_cat-cuisine-gourmet","8":"product_cat-ustensile","9":"product_cat-verres-et-carafes","10":"product_tag-tag_1279","12":"first","13":"instock","14":"taxable","15":"shipping-taxable","16":"purchasable","17":"product-type-simple"},"yoast_head":"<!-- This site is optimized with the Yoast SEO plugin v27.5 - https:\/\/yoast.com\/product\/yoast-seo-wordpress\/ -->\n<title>Verre Montgomery Cumber (39 cl) (\u00d8 7 x 13,5 cm) - Tupique<\/title>\n<meta name=\"robots\" content=\"index, follow, max-snippet:-1, max-image-preview:large, max-video-preview:-1\" \/>\n<link rel=\"canonical\" href=\"https:\/\/tupique.com\/pt\/product\/glass-montgomery-cumber-39-cl-o-7-x-135-cm\/\" \/>\n<meta property=\"og:locale\" content=\"pt_PT\" \/>\n<meta property=\"og:type\" content=\"article\" \/>\n<meta property=\"og:title\" content=\"Verre Montgomery Cumber (39 cl) (\u00d8 7 x 13,5 cm) - Tupique\" \/>\n<meta property=\"og:description\" content=\"Si vous aimez prendre soin de chaque d\u00e9tail de votre maison et d&#8217;\u00eatre \u00e0 la derni\u00e8re mode en mati\u00e8re de produits qui vous rendront la vie plus facile, achetez Verre Montgomery Cumber (39 cl) (\u00d8 7 x 13,5 cm) au meilleur prix. Mat\u00e9riel: Verre Type: Verre\" \/>\n<meta property=\"og:url\" content=\"https:\/\/tupique.com\/pt\/product\/glass-montgomery-cumber-39-cl-o-7-x-135-cm\/\" \/>\n<meta property=\"og:site_name\" content=\"Tupique\" \/>\n<meta property=\"article:modified_time\" content=\"2026-05-11T19:17:37+00:00\" \/>\n<meta name=\"twitter:card\" content=\"summary_large_image\" \/>\n<script type=\"application\/ld+json\" class=\"yoast-schema-graph\">{\"@context\":\"https:\\\/\\\/schema.org\",\"@graph\":[{\"@type\":\"WebPage\",\"@id\":\"https:\\\/\\\/tupique.com\\\/product\\\/glass-montgomery-cumber-39-cl-o-7-x-135-cm\\\/\",\"url\":\"https:\\\/\\\/tupique.com\\\/product\\\/glass-montgomery-cumber-39-cl-o-7-x-135-cm\\\/\",\"name\":\"Verre Montgomery Cumber (39 cl) (\u00d8 7 x 13,5 cm) - Tupique\",\"isPartOf\":{\"@id\":\"https:\\\/\\\/tupique.com\\\/#website\"},\"primaryImageOfPage\":{\"@id\":\"https:\\\/\\\/tupique.com\\\/product\\\/glass-montgomery-cumber-39-cl-o-7-x-135-cm\\\/#primaryimage\"},\"image\":{\"@id\":\"https:\\\/\\\/tupique.com\\\/product\\\/glass-montgomery-cumber-39-cl-o-7-x-135-cm\\\/#primaryimage\"},\"thumbnailUrl\":\"https:\\\/\\\/tupique.com\\\/wp-content\\\/uploads\\\/2026\\\/05\\\/8581782001604_S2208912_P02.jpg\",\"datePublished\":\"2026-03-27T19:51:30+00:00\",\"dateModified\":\"2026-05-11T19:17:37+00:00\",\"breadcrumb\":{\"@id\":\"https:\\\/\\\/tupique.com\\\/product\\\/glass-montgomery-cumber-39-cl-o-7-x-135-cm\\\/#breadcrumb\"},\"inLanguage\":\"pt-PT\",\"potentialAction\":[{\"@type\":\"ReadAction\",\"target\":[\"https:\\\/\\\/tupique.com\\\/product\\\/glass-montgomery-cumber-39-cl-o-7-x-135-cm\\\/\"]}]},{\"@type\":\"ImageObject\",\"inLanguage\":\"pt-PT\",\"@id\":\"https:\\\/\\\/tupique.com\\\/product\\\/glass-montgomery-cumber-39-cl-o-7-x-135-cm\\\/#primaryimage\",\"url\":\"https:\\\/\\\/tupique.com\\\/wp-content\\\/uploads\\\/2026\\\/05\\\/8581782001604_S2208912_P02.jpg\",\"contentUrl\":\"https:\\\/\\\/tupique.com\\\/wp-content\\\/uploads\\\/2026\\\/05\\\/8581782001604_S2208912_P02.jpg\",\"width\":1200,\"height\":1200,\"caption\":\"S2208912_0\"},{\"@type\":\"BreadcrumbList\",\"@id\":\"https:\\\/\\\/tupique.com\\\/product\\\/glass-montgomery-cumber-39-cl-o-7-x-135-cm\\\/#breadcrumb\",\"itemListElement\":[{\"@type\":\"ListItem\",\"position\":1,\"name\":\"commencer\",\"item\":\"https:\\\/\\\/tupique.com\\\/\"},{\"@type\":\"ListItem\",\"position\":2,\"name\":\"Loja\",\"item\":\"https:\\\/\\\/tupique.com\\\/loja\\\/\"},{\"@type\":\"ListItem\",\"position\":3,\"name\":\"Verre Montgomery Cumber (39 cl) (\u00d8 7 x 13,5 cm)\"}]},{\"@type\":\"WebSite\",\"@id\":\"https:\\\/\\\/tupique.com\\\/#website\",\"url\":\"https:\\\/\\\/tupique.com\\\/\",\"name\":\"Tupique\",\"description\":\"\",\"publisher\":{\"@id\":\"https:\\\/\\\/tupique.com\\\/#organization\"},\"potentialAction\":[{\"@type\":\"SearchAction\",\"target\":{\"@type\":\"EntryPoint\",\"urlTemplate\":\"https:\\\/\\\/tupique.com\\\/?s={search_term_string}\"},\"query-input\":{\"@type\":\"PropertyValueSpecification\",\"valueRequired\":true,\"valueName\":\"search_term_string\"}}],\"inLanguage\":\"pt-PT\"},{\"@type\":\"Organization\",\"@id\":\"https:\\\/\\\/tupique.com\\\/#organization\",\"name\":\"Tupique\",\"url\":\"https:\\\/\\\/tupique.com\\\/\",\"logo\":{\"@type\":\"ImageObject\",\"inLanguage\":\"pt-PT\",\"@id\":\"https:\\\/\\\/tupique.com\\\/#\\\/schema\\\/logo\\\/image\\\/\",\"url\":\"https:\\\/\\\/tupique.com\\\/wp-content\\\/uploads\\\/2026\\\/03\\\/logo-tupique-1.webp\",\"contentUrl\":\"https:\\\/\\\/tupique.com\\\/wp-content\\\/uploads\\\/2026\\\/03\\\/logo-tupique-1.webp\",\"width\":500,\"height\":67,\"caption\":\"Tupique\"},\"image\":{\"@id\":\"https:\\\/\\\/tupique.com\\\/#\\\/schema\\\/logo\\\/image\\\/\"}}]}<\/script>\n<!-- \/ Yoast SEO plugin. -->","yoast_head_json":{"title":"Verre Montgomery Cumber (39 cl) (\u00d8 7 x 13,5 cm) - Tupique","robots":{"index":"index","follow":"follow","max-snippet":"max-snippet:-1","max-image-preview":"max-image-preview:large","max-video-preview":"max-video-preview:-1"},"canonical":"https:\/\/tupique.com\/pt\/product\/glass-montgomery-cumber-39-cl-o-7-x-135-cm\/","og_locale":"pt_PT","og_type":"article","og_title":"Verre Montgomery Cumber (39 cl) (\u00d8 7 x 13,5 cm) - Tupique","og_description":"Si vous aimez prendre soin de chaque d\u00e9tail de votre maison et d&#8217;\u00eatre \u00e0 la derni\u00e8re mode en mati\u00e8re de produits qui vous rendront la vie plus facile, achetez Verre Montgomery Cumber (39 cl) (\u00d8 7 x 13,5 cm) au meilleur prix. Mat\u00e9riel: Verre Type: Verre","og_url":"https:\/\/tupique.com\/pt\/product\/glass-montgomery-cumber-39-cl-o-7-x-135-cm\/","og_site_name":"Tupique","article_modified_time":"2026-05-11T19:17:37+00:00","twitter_card":"summary_large_image","schema":{"@context":"https:\/\/schema.org","@graph":[{"@type":"WebPage","@id":"https:\/\/tupique.com\/product\/glass-montgomery-cumber-39-cl-o-7-x-135-cm\/","url":"https:\/\/tupique.com\/product\/glass-montgomery-cumber-39-cl-o-7-x-135-cm\/","name":"Verre Montgomery Cumber (39 cl) (\u00d8 7 x 13,5 cm) - Tupique","isPartOf":{"@id":"https:\/\/tupique.com\/#website"},"primaryImageOfPage":{"@id":"https:\/\/tupique.com\/product\/glass-montgomery-cumber-39-cl-o-7-x-135-cm\/#primaryimage"},"image":{"@id":"https:\/\/tupique.com\/product\/glass-montgomery-cumber-39-cl-o-7-x-135-cm\/#primaryimage"},"thumbnailUrl":"https:\/\/tupique.com\/wp-content\/uploads\/2026\/05\/8581782001604_S2208912_P02.jpg","datePublished":"2026-03-27T19:51:30+00:00","dateModified":"2026-05-11T19:17:37+00:00","breadcrumb":{"@id":"https:\/\/tupique.com\/product\/glass-montgomery-cumber-39-cl-o-7-x-135-cm\/#breadcrumb"},"inLanguage":"pt-PT","potentialAction":[{"@type":"ReadAction","target":["https:\/\/tupique.com\/product\/glass-montgomery-cumber-39-cl-o-7-x-135-cm\/"]}]},{"@type":"ImageObject","inLanguage":"pt-PT","@id":"https:\/\/tupique.com\/product\/glass-montgomery-cumber-39-cl-o-7-x-135-cm\/#primaryimage","url":"https:\/\/tupique.com\/wp-content\/uploads\/2026\/05\/8581782001604_S2208912_P02.jpg","contentUrl":"https:\/\/tupique.com\/wp-content\/uploads\/2026\/05\/8581782001604_S2208912_P02.jpg","width":1200,"height":1200,"caption":"S2208912_0"},{"@type":"BreadcrumbList","@id":"https:\/\/tupique.com\/product\/glass-montgomery-cumber-39-cl-o-7-x-135-cm\/#breadcrumb","itemListElement":[{"@type":"ListItem","position":1,"name":"commencer","item":"https:\/\/tupique.com\/"},{"@type":"ListItem","position":2,"name":"Loja","item":"https:\/\/tupique.com\/loja\/"},{"@type":"ListItem","position":3,"name":"Verre Montgomery Cumber (39 cl) (\u00d8 7 x 13,5 cm)"}]},{"@type":"WebSite","@id":"https:\/\/tupique.com\/#website","url":"https:\/\/tupique.com\/","name":"Tupique","description":"","publisher":{"@id":"https:\/\/tupique.com\/#organization"},"potentialAction":[{"@type":"SearchAction","target":{"@type":"EntryPoint","urlTemplate":"https:\/\/tupique.com\/?s={search_term_string}"},"query-input":{"@type":"PropertyValueSpecification","valueRequired":true,"valueName":"search_term_string"}}],"inLanguage":"pt-PT"},{"@type":"Organization","@id":"https:\/\/tupique.com\/#organization","name":"Tupique","url":"https:\/\/tupique.com\/","logo":{"@type":"ImageObject","inLanguage":"pt-PT","@id":"https:\/\/tupique.com\/#\/schema\/logo\/image\/","url":"https:\/\/tupique.com\/wp-content\/uploads\/2026\/03\/logo-tupique-1.webp","contentUrl":"https:\/\/tupique.com\/wp-content\/uploads\/2026\/03\/logo-tupique-1.webp","width":500,"height":67,"caption":"Tupique"},"image":{"@id":"https:\/\/tupique.com\/#\/schema\/logo\/image\/"}}]}},"_links":{"self":[{"href":"https:\/\/tupique.com\/pt\/wp-json\/wp\/v2\/product\/8631","targetHints":{"allow":["GET"]}}],"collection":[{"href":"https:\/\/tupique.com\/pt\/wp-json\/wp\/v2\/product"}],"about":[{"href":"https:\/\/tupique.com\/pt\/wp-json\/wp\/v2\/types\/product"}],"replies":[{"embeddable":true,"href":"https:\/\/tupique.com\/pt\/wp-json\/wp\/v2\/comments?post=8631"}],"wp:featuredmedia":[{"embeddable":true,"href":"https:\/\/tupique.com\/pt\/wp-json\/wp\/v2\/media\/180776"}],"wp:attachment":[{"href":"https:\/\/tupique.com\/pt\/wp-json\/wp\/v2\/media?parent=8631"}],"wp:term":[{"taxonomy":"product_brand","embeddable":true,"href":"https:\/\/tupique.com\/pt\/wp-json\/wp\/v2\/product_brand?post=8631"},{"taxonomy":"product_cat","embeddable":true,"href":"https:\/\/tupique.com\/pt\/wp-json\/wp\/v2\/product_cat?post=8631"},{"taxonomy":"product_tag","embeddable":true,"href":"https:\/\/tupique.com\/pt\/wp-json\/wp\/v2\/product_tag?post=8631"}],"curies":[{"name":"wp","href":"https:\/\/api.w.org\/{rel}","templated":true}]}}