{"id":8662,"date":"2026-03-27T21:52:11","date_gmt":"2026-03-27T19:52:11","guid":{"rendered":"https:\/\/bigbuy.tupique.com\/produto\/adhesive-and-divisible-spice-organiser-jarlock-x20-innovagoods\/"},"modified":"2026-05-11T21:23:46","modified_gmt":"2026-05-11T19:23:46","slug":"adhesive-and-divisible-spice-organiser-jarlock-x20-innovagoods","status":"publish","type":"product","link":"https:\/\/tupique.com\/pt\/product\/adhesive-and-divisible-spice-organiser-jarlock-x20-innovagoods\/","title":{"rendered":"Porte-\u00e9pices adh\u00e9sif et divisible Jarlock x20 InnovaGoods"},"content":{"rendered":"<div class=\"col-md-6\"><b>InnovaGoods<\/b> vient vous aider \u00e0 cuisiner facilement et de mani\u00e8re amusante en vous offrant les meilleures nouveaut\u00e9s pour votre cuisine, comme <b>Porte-\u00e9pices adh\u00e9sif et divisible Jarlock x20 InnovaGoods <\/b> ! D\u00e9couvrez une vaste gamme de produits de qualit\u00e9 qui se d\u00e9marquent de par leur fonctionnalit\u00e9, leur efficacit\u00e9 et leur design innovant !<\/p>\n<p>Cet original support organiseurs \u00e0 \u00e9pices adh\u00e9sifs et divisible est tr\u00e8s pratique pour toujours avoir les \u00e9pices bien ordonn\u00e9es et a port\u00e9 de main, optimisant ainsi l\u00b4espace de la cuisine. Cet \u00e9picier portable est super polyvalent et adaptable, car il peut se diviser pour ordonner les \u00e9pices ou bien les mettre ensemble, selon vos pr\u00e9f\u00e9rences et espaces disponibles.  Gr\u00e2ce \u00e0 son design multiposition, il peut s\u00b4installer sur les portes des armoires, carrelages, etc. En plus, il est flexible et r\u00e9glable sur le diam\u00e8tre de chaque pot. Il s\u00b4installe facilement gr\u00e2ce aux adh\u00e9sifs, sans montage ni outils. Ses adh\u00e9sifs sont de qualit\u00e9 (Nano PU Gel) et garantissent une fixation optimale, r\u00e9sistante et durable. Capacit\u00e9 pour 20 pots \u00e0 \u00e9pices ( 5 unit\u00e9s de 4 supports chacun sont inclus). Prend peu de place, est l\u00e9ger et facile \u00e0 transporter et \u00e0 ranger.<\/p>\n<ul>\n<li>Mat\u00e9riel: PVC<\/li>\n<li>Couleur: Gris<\/li>\n<li>Type: Porte-\u00e9pices<\/li>\n<li>Capacit\u00e9: 20 pots d\u2019\u00e9pices<\/li>\n<li>Flexible: Diam\u00e8tre r\u00e9glable<\/li>\n<li>Divisible: On peut diviser et ranger ensemble ou s\u00e9par\u00e9ment<\/li>\n<li>Multiposition: Facile \u00e0 ranger dans les portes d&#8217;armoires, carreaux, etc.<\/li>\n<li>Installation facile au moyen d&#8217;un adh\u00e9sif: Sans montage ni outils<\/li>\n<li>Adh\u00e9sifs de qualit\u00e9: Nano PU Gel<\/li>\n<li>Fixation ferme: R\u00e9sistante et durable<\/li>\n<li>Caract\u00e9ristiques: Organisation et gain de place<\/li>\n<li>Inclut: 5 unit\u00e9s avec 4 supports chacun<\/li>\n<li>Dimensions approx.: 5x (20,2 x 2,4 x 3,8 cm)<\/li>\n<\/ul>\n<p>Packaging et manuel en 24 langues: anglais, fran\u00e7ais, espagnol, allemand, italien, portugais, n\u00e9erlandais, polonais, hongrois, roumain, danois, su\u00e9dois, finnois, lituanien, norv\u00e9gien, slov\u00e8ne, grec, tch\u00e8que, bulgare, croate, slovaque, estonien, russe, letton.<\/p><\/div>\n<div class=\"col-md-6\">\n<div class=\"embed-responsive embed-responsive-16by9\"><iframe class=\"embed-responsive-item\" src=\"https:\/\/www.youtube.com\/embed\/edETbMXkW2Y\" frameborder=\"0\" allowfullscreen><\/iframe><\/div>\n<\/div>","protected":false},"excerpt":{"rendered":"<p>InnovaGoods vient vous aider \u00e0 cuisiner facilement et de mani\u00e8re amusante en vous offrant les meilleures nouveaut\u00e9s pour votre cuisine, comme Porte-\u00e9pices adh\u00e9sif et divisible Jarlock x20 InnovaGoods ! D\u00e9couvrez une vaste gamme de produits de qualit\u00e9 qui se d\u00e9marquent de par leur fonctionnalit\u00e9, leur efficacit\u00e9 et leur design innovant ! Cet original support organiseurs [&hellip;]<\/p>\n","protected":false},"featured_media":181135,"comment_status":"open","ping_status":"closed","template":"","meta":[],"product_brand":[256],"product_cat":[1818,63,227,60,239,242,2191,1796,224],"product_tag":[210],"class_list":{"0":"post-8662","1":"product","2":"type-product","3":"status-publish","4":"has-post-thumbnail","6":"product_brand-brandp_1281","7":"product_cat-accessoires-de-cuisine","8":"product_cat-cadeaux-originaux","9":"product_cat-cadeaux-pour-la-cuisine","10":"product_cat-cuisine-gourmet","11":"product_cat-maison-jardin","12":"product_cat-organiseurs","13":"product_cat-salieres-et-poivrieres","14":"product_cat-teleachat-vu-a-la-television","15":"product_cat-ustensiles-et-accessoires-de-cuisine","16":"product_tag-tag_25","18":"first","19":"instock","20":"taxable","21":"shipping-taxable","22":"purchasable","23":"product-type-simple"},"yoast_head":"<!-- This site is optimized with the Yoast SEO plugin v27.5 - https:\/\/yoast.com\/product\/yoast-seo-wordpress\/ -->\n<title>Porte-\u00e9pices adh\u00e9sif et divisible Jarlock x20 InnovaGoods - Tupique<\/title>\n<meta name=\"robots\" content=\"index, follow, max-snippet:-1, max-image-preview:large, max-video-preview:-1\" \/>\n<link rel=\"canonical\" href=\"https:\/\/tupique.com\/pt\/product\/adhesive-and-divisible-spice-organiser-jarlock-x20-innovagoods\/\" \/>\n<meta property=\"og:locale\" content=\"pt_PT\" \/>\n<meta property=\"og:type\" content=\"article\" \/>\n<meta property=\"og:title\" content=\"Porte-\u00e9pices adh\u00e9sif et divisible Jarlock x20 InnovaGoods - Tupique\" \/>\n<meta property=\"og:description\" content=\"InnovaGoods vient vous aider \u00e0 cuisiner facilement et de mani\u00e8re amusante en vous offrant les meilleures nouveaut\u00e9s pour votre cuisine, comme Porte-\u00e9pices adh\u00e9sif et divisible Jarlock x20 InnovaGoods ! D\u00e9couvrez une vaste gamme de produits de qualit\u00e9 qui se d\u00e9marquent de par leur fonctionnalit\u00e9, leur efficacit\u00e9 et leur design innovant ! Cet original support organiseurs [&hellip;]\" \/>\n<meta property=\"og:url\" content=\"https:\/\/tupique.com\/pt\/product\/adhesive-and-divisible-spice-organiser-jarlock-x20-innovagoods\/\" \/>\n<meta property=\"og:site_name\" content=\"Tupique\" \/>\n<meta property=\"article:modified_time\" content=\"2026-05-11T19:23:46+00:00\" \/>\n<meta name=\"twitter:card\" content=\"summary_large_image\" \/>\n<meta name=\"twitter:label1\" content=\"Tempo estimado de leitura\" \/>\n\t<meta name=\"twitter:data1\" content=\"2 minutos\" \/>\n<script type=\"application\/ld+json\" class=\"yoast-schema-graph\">{\"@context\":\"https:\\\/\\\/schema.org\",\"@graph\":[{\"@type\":\"WebPage\",\"@id\":\"https:\\\/\\\/tupique.com\\\/product\\\/adhesive-and-divisible-spice-organiser-jarlock-x20-innovagoods\\\/\",\"url\":\"https:\\\/\\\/tupique.com\\\/product\\\/adhesive-and-divisible-spice-organiser-jarlock-x20-innovagoods\\\/\",\"name\":\"Porte-\u00e9pices adh\u00e9sif et divisible Jarlock x20 InnovaGoods - Tupique\",\"isPartOf\":{\"@id\":\"https:\\\/\\\/tupique.com\\\/#website\"},\"primaryImageOfPage\":{\"@id\":\"https:\\\/\\\/tupique.com\\\/product\\\/adhesive-and-divisible-spice-organiser-jarlock-x20-innovagoods\\\/#primaryimage\"},\"image\":{\"@id\":\"https:\\\/\\\/tupique.com\\\/product\\\/adhesive-and-divisible-spice-organiser-jarlock-x20-innovagoods\\\/#primaryimage\"},\"thumbnailUrl\":\"https:\\\/\\\/tupique.com\\\/wp-content\\\/uploads\\\/2026\\\/05\\\/V0103336_000_MKT-v_14.jpg\",\"datePublished\":\"2026-03-27T19:52:11+00:00\",\"dateModified\":\"2026-05-11T19:23:46+00:00\",\"breadcrumb\":{\"@id\":\"https:\\\/\\\/tupique.com\\\/product\\\/adhesive-and-divisible-spice-organiser-jarlock-x20-innovagoods\\\/#breadcrumb\"},\"inLanguage\":\"pt-PT\",\"potentialAction\":[{\"@type\":\"ReadAction\",\"target\":[\"https:\\\/\\\/tupique.com\\\/product\\\/adhesive-and-divisible-spice-organiser-jarlock-x20-innovagoods\\\/\"]}]},{\"@type\":\"ImageObject\",\"inLanguage\":\"pt-PT\",\"@id\":\"https:\\\/\\\/tupique.com\\\/product\\\/adhesive-and-divisible-spice-organiser-jarlock-x20-innovagoods\\\/#primaryimage\",\"url\":\"https:\\\/\\\/tupique.com\\\/wp-content\\\/uploads\\\/2026\\\/05\\\/V0103336_000_MKT-v_14.jpg\",\"contentUrl\":\"https:\\\/\\\/tupique.com\\\/wp-content\\\/uploads\\\/2026\\\/05\\\/V0103336_000_MKT-v_14.jpg\",\"width\":1200,\"height\":1200,\"caption\":\"V0103336_0\"},{\"@type\":\"BreadcrumbList\",\"@id\":\"https:\\\/\\\/tupique.com\\\/product\\\/adhesive-and-divisible-spice-organiser-jarlock-x20-innovagoods\\\/#breadcrumb\",\"itemListElement\":[{\"@type\":\"ListItem\",\"position\":1,\"name\":\"commencer\",\"item\":\"https:\\\/\\\/tupique.com\\\/\"},{\"@type\":\"ListItem\",\"position\":2,\"name\":\"Loja\",\"item\":\"https:\\\/\\\/tupique.com\\\/loja\\\/\"},{\"@type\":\"ListItem\",\"position\":3,\"name\":\"Porte-\u00e9pices adh\u00e9sif et divisible Jarlock x20 InnovaGoods\"}]},{\"@type\":\"WebSite\",\"@id\":\"https:\\\/\\\/tupique.com\\\/#website\",\"url\":\"https:\\\/\\\/tupique.com\\\/\",\"name\":\"Tupique\",\"description\":\"\",\"publisher\":{\"@id\":\"https:\\\/\\\/tupique.com\\\/#organization\"},\"potentialAction\":[{\"@type\":\"SearchAction\",\"target\":{\"@type\":\"EntryPoint\",\"urlTemplate\":\"https:\\\/\\\/tupique.com\\\/?s={search_term_string}\"},\"query-input\":{\"@type\":\"PropertyValueSpecification\",\"valueRequired\":true,\"valueName\":\"search_term_string\"}}],\"inLanguage\":\"pt-PT\"},{\"@type\":\"Organization\",\"@id\":\"https:\\\/\\\/tupique.com\\\/#organization\",\"name\":\"Tupique\",\"url\":\"https:\\\/\\\/tupique.com\\\/\",\"logo\":{\"@type\":\"ImageObject\",\"inLanguage\":\"pt-PT\",\"@id\":\"https:\\\/\\\/tupique.com\\\/#\\\/schema\\\/logo\\\/image\\\/\",\"url\":\"https:\\\/\\\/tupique.com\\\/wp-content\\\/uploads\\\/2026\\\/03\\\/logo-tupique-1.webp\",\"contentUrl\":\"https:\\\/\\\/tupique.com\\\/wp-content\\\/uploads\\\/2026\\\/03\\\/logo-tupique-1.webp\",\"width\":500,\"height\":67,\"caption\":\"Tupique\"},\"image\":{\"@id\":\"https:\\\/\\\/tupique.com\\\/#\\\/schema\\\/logo\\\/image\\\/\"}}]}<\/script>\n<!-- \/ Yoast SEO plugin. -->","yoast_head_json":{"title":"Porte-\u00e9pices adh\u00e9sif et divisible Jarlock x20 InnovaGoods - Tupique","robots":{"index":"index","follow":"follow","max-snippet":"max-snippet:-1","max-image-preview":"max-image-preview:large","max-video-preview":"max-video-preview:-1"},"canonical":"https:\/\/tupique.com\/pt\/product\/adhesive-and-divisible-spice-organiser-jarlock-x20-innovagoods\/","og_locale":"pt_PT","og_type":"article","og_title":"Porte-\u00e9pices adh\u00e9sif et divisible Jarlock x20 InnovaGoods - Tupique","og_description":"InnovaGoods vient vous aider \u00e0 cuisiner facilement et de mani\u00e8re amusante en vous offrant les meilleures nouveaut\u00e9s pour votre cuisine, comme Porte-\u00e9pices adh\u00e9sif et divisible Jarlock x20 InnovaGoods ! D\u00e9couvrez une vaste gamme de produits de qualit\u00e9 qui se d\u00e9marquent de par leur fonctionnalit\u00e9, leur efficacit\u00e9 et leur design innovant ! Cet original support organiseurs [&hellip;]","og_url":"https:\/\/tupique.com\/pt\/product\/adhesive-and-divisible-spice-organiser-jarlock-x20-innovagoods\/","og_site_name":"Tupique","article_modified_time":"2026-05-11T19:23:46+00:00","twitter_card":"summary_large_image","twitter_misc":{"Tempo estimado de leitura":"2 minutos"},"schema":{"@context":"https:\/\/schema.org","@graph":[{"@type":"WebPage","@id":"https:\/\/tupique.com\/product\/adhesive-and-divisible-spice-organiser-jarlock-x20-innovagoods\/","url":"https:\/\/tupique.com\/product\/adhesive-and-divisible-spice-organiser-jarlock-x20-innovagoods\/","name":"Porte-\u00e9pices adh\u00e9sif et divisible Jarlock x20 InnovaGoods - Tupique","isPartOf":{"@id":"https:\/\/tupique.com\/#website"},"primaryImageOfPage":{"@id":"https:\/\/tupique.com\/product\/adhesive-and-divisible-spice-organiser-jarlock-x20-innovagoods\/#primaryimage"},"image":{"@id":"https:\/\/tupique.com\/product\/adhesive-and-divisible-spice-organiser-jarlock-x20-innovagoods\/#primaryimage"},"thumbnailUrl":"https:\/\/tupique.com\/wp-content\/uploads\/2026\/05\/V0103336_000_MKT-v_14.jpg","datePublished":"2026-03-27T19:52:11+00:00","dateModified":"2026-05-11T19:23:46+00:00","breadcrumb":{"@id":"https:\/\/tupique.com\/product\/adhesive-and-divisible-spice-organiser-jarlock-x20-innovagoods\/#breadcrumb"},"inLanguage":"pt-PT","potentialAction":[{"@type":"ReadAction","target":["https:\/\/tupique.com\/product\/adhesive-and-divisible-spice-organiser-jarlock-x20-innovagoods\/"]}]},{"@type":"ImageObject","inLanguage":"pt-PT","@id":"https:\/\/tupique.com\/product\/adhesive-and-divisible-spice-organiser-jarlock-x20-innovagoods\/#primaryimage","url":"https:\/\/tupique.com\/wp-content\/uploads\/2026\/05\/V0103336_000_MKT-v_14.jpg","contentUrl":"https:\/\/tupique.com\/wp-content\/uploads\/2026\/05\/V0103336_000_MKT-v_14.jpg","width":1200,"height":1200,"caption":"V0103336_0"},{"@type":"BreadcrumbList","@id":"https:\/\/tupique.com\/product\/adhesive-and-divisible-spice-organiser-jarlock-x20-innovagoods\/#breadcrumb","itemListElement":[{"@type":"ListItem","position":1,"name":"commencer","item":"https:\/\/tupique.com\/"},{"@type":"ListItem","position":2,"name":"Loja","item":"https:\/\/tupique.com\/loja\/"},{"@type":"ListItem","position":3,"name":"Porte-\u00e9pices adh\u00e9sif et divisible Jarlock x20 InnovaGoods"}]},{"@type":"WebSite","@id":"https:\/\/tupique.com\/#website","url":"https:\/\/tupique.com\/","name":"Tupique","description":"","publisher":{"@id":"https:\/\/tupique.com\/#organization"},"potentialAction":[{"@type":"SearchAction","target":{"@type":"EntryPoint","urlTemplate":"https:\/\/tupique.com\/?s={search_term_string}"},"query-input":{"@type":"PropertyValueSpecification","valueRequired":true,"valueName":"search_term_string"}}],"inLanguage":"pt-PT"},{"@type":"Organization","@id":"https:\/\/tupique.com\/#organization","name":"Tupique","url":"https:\/\/tupique.com\/","logo":{"@type":"ImageObject","inLanguage":"pt-PT","@id":"https:\/\/tupique.com\/#\/schema\/logo\/image\/","url":"https:\/\/tupique.com\/wp-content\/uploads\/2026\/03\/logo-tupique-1.webp","contentUrl":"https:\/\/tupique.com\/wp-content\/uploads\/2026\/03\/logo-tupique-1.webp","width":500,"height":67,"caption":"Tupique"},"image":{"@id":"https:\/\/tupique.com\/#\/schema\/logo\/image\/"}}]}},"_links":{"self":[{"href":"https:\/\/tupique.com\/pt\/wp-json\/wp\/v2\/product\/8662","targetHints":{"allow":["GET"]}}],"collection":[{"href":"https:\/\/tupique.com\/pt\/wp-json\/wp\/v2\/product"}],"about":[{"href":"https:\/\/tupique.com\/pt\/wp-json\/wp\/v2\/types\/product"}],"replies":[{"embeddable":true,"href":"https:\/\/tupique.com\/pt\/wp-json\/wp\/v2\/comments?post=8662"}],"wp:featuredmedia":[{"embeddable":true,"href":"https:\/\/tupique.com\/pt\/wp-json\/wp\/v2\/media\/181135"}],"wp:attachment":[{"href":"https:\/\/tupique.com\/pt\/wp-json\/wp\/v2\/media?parent=8662"}],"wp:term":[{"taxonomy":"product_brand","embeddable":true,"href":"https:\/\/tupique.com\/pt\/wp-json\/wp\/v2\/product_brand?post=8662"},{"taxonomy":"product_cat","embeddable":true,"href":"https:\/\/tupique.com\/pt\/wp-json\/wp\/v2\/product_cat?post=8662"},{"taxonomy":"product_tag","embeddable":true,"href":"https:\/\/tupique.com\/pt\/wp-json\/wp\/v2\/product_tag?post=8662"}],"curies":[{"name":"wp","href":"https:\/\/api.w.org\/{rel}","templated":true}]}}