{"id":8713,"date":"2026-03-27T21:53:12","date_gmt":"2026-03-27T19:53:12","guid":{"rendered":"https:\/\/bigbuy.tupique.com\/produto\/sparkling-wine-24k-gold-white-75-cl\/"},"modified":"2026-05-11T21:23:24","modified_gmt":"2026-05-11T19:23:24","slug":"sparkling-wine-24k-gold-white-75-cl","status":"publish","type":"product","link":"https:\/\/tupique.com\/pt\/product\/sparkling-wine-24k-gold-white-75-cl\/","title":{"rendered":"Vin mousseux 24K Gold White 75 cl"},"content":{"rendered":"<div class=\"col-md-6\">Si vous \u00eates \u00e0 la recherche de nouvelles tendances sur le march\u00e9, nous vous pr\u00e9sentons <b>Vin mousseux 24K Gold White 75 cl<\/b>!<\/p>\n<ul>\n<li><b>Vari\u00e9t\u00e9s:<\/b> Nous combinons la structure du Macabeo, la charge aromatique du Parellada, l&#8217;acidit\u00e9 du Xarel.lo, la puissance du Chardonnay et la couleur du Pinot Noir pour enrichir les nuances organoleptiques de nos vins mousseux de qualit\u00e9.<\/li>\n<li><b>Vinification et vieillissement:<\/b> Nous faisons une s\u00e9lection extr\u00eame des raisins. Pressage doux pour obtenir le jus de goutte. La premi\u00e8re fermentation est effectu\u00e9e dans des cuves en acier inoxydable \u00e0 une temp\u00e9rature contr\u00f4l\u00e9e de 15\u00ba-18\u00baC pendant 10 jours. Nous disposons d&#8217;une cave souterraine qui maintient la temp\u00e9rature et les conditions id\u00e9ales pour le processus de seconde fermentation en bouteille, qui s&#8217;effectue en dessous de 13\u00baC, tr\u00e8s lentement, en trois mois environ et reste en contact avec ses lies pendant plus de 120 mois, recherchant le niveau optimal de fragrance dans les ar\u00f4mes secondaires caract\u00e9ristiques d&#8217;un long vieillissement et obtenant une bulle fine et int\u00e9gr\u00e9e.<\/li>\n<li><b>Clarificado:<\/b> Despu\u00e9s de la crianza la botella se coloca de forma invertida y se le dan los octavos de vuelta para llevar el poso al cuello de la botella.<\/li>\n<li><b>D\u00e9gorgement:<\/b> L&#8217;\u00e9tape suivante est l&#8217;extraction des lies \u00e0 &#8220;chaud&#8221; (sans cong\u00e9lation) dans le plus pur style traditionnel et artisanal, laissant le vin mousseux compl\u00e8tement propre, puis la liqueur d&#8217;exp\u00e9dition avec de l&#8217;or alimentaire est ajout\u00e9e et m\u00e9lang\u00e9e dans la m\u00eame bouteille. Nous utilisons les meilleurs bouchons pour fermer la bouteille.<\/li>\n<li><b>\u00c9tiquetage:<\/b> Les \u00e9tiquettes sont en m\u00e9tal dor\u00e9. Chaque \u00e9tiquette est appos\u00e9e \u00e0 la main et chaque bouteille est accompagn\u00e9e d&#8217;un certificat indiquant son num\u00e9ro de s\u00e9rie.<\/li>\n<li><b>Notes de d\u00e9gustation:<\/b> Ros\u00e9 \u00e9l\u00e9gant et brillant avec de fines bulles qui adh\u00e8rent aux paillettes d&#8217;or, leur donnant du mouvement dans le verre. Fruits m\u00fbrs intenses (baies rouges, ananas, pomme), p\u00e2tisseries marqu\u00e9es avec un fond d&#8217;herbes et des notes de coing. \u00c9quilibr\u00e9 mais intense, long et persistant, bon d\u00e9gagement de bulles bien int\u00e9gr\u00e9es. La pr\u00e9sence de l&#8217;or renforce la texture soyeuse et donne un ton m\u00e9tallique difficile \u00e0 distinguer que ce soit par l&#8217;esprit ou le palais &#8230; La forte personnalit\u00e9 qui lui conf\u00e8re plus de 10 ans de vieillissement sur ses lies fait qu&#8217;il est conseill\u00e9 de lui donner du temps dans le verre et m\u00eame de le d\u00e9canter.<\/li>\n<li><b>Mariage:<\/b> Le caviar, les fruits de mer, les foie, les fraises, le chocolat, sont les plus connus, bien qu&#8217;ils soient un excellent accompagnement pour tout aliment ou toute occasion, mettant en valeur les moments importants. En allusion aux cultures anciennes telles que les \u00c9gyptiens, qui utilisaient d\u00e9j\u00e0 l&#8217;or dans la nourriture et les boissons pour leurs c\u00e9l\u00e9brations, nous pourrions dire qu&#8217;il repr\u00e9sente une source de sant\u00e9 (jeunesse \u00e9ternelle), de succ\u00e8s et d&#8217;amour&#8230;<\/li>\n<\/ul>\n<p><\/p>\n<ul>\n<li>Degr\u00e9 d\u2019alcool \/ Titre alcoolom\u00e9trique volumique: 12,50 %<\/li>\n<li>Format: 75 cl<\/li>\n<li>Sucres (g): 12 gr\/l<\/li>\n<li>Temp\u00e9rature: 8\u00baC-10\u00baC<\/li>\n<li>Entretien: Conservez le flacon en position verticale, dans un endroit propre et sec, \u00e0 une temp\u00e9rature constante, de pr\u00e9f\u00e9rence entre 13\u00b0 et 18\u00b0C, \u00e0 l&#8217;abri de la lumi\u00e8re.<\/li>\n<li>Inclut: Coffret<\/li>\n<\/ul>\n<\/div>\n<div class=\"col-md-6\">\n<div class=\"embed-responsive embed-responsive-16by9\"><iframe class=\"embed-responsive-item\" src=\"https:\/\/www.youtube.com\/embed\/fA6xIA9ICT0\" frameborder=\"0\" allowfullscreen><\/iframe><\/div>\n<\/div>","protected":false},"excerpt":{"rendered":"<p><span class=\"unit-info\">27.5987 &euro; \/ 100 ml<\/span><\/p>","protected":false},"featured_media":181796,"comment_status":"open","ping_status":"closed","template":"","meta":[],"product_brand":[270],"product_cat":[60,109,223],"product_tag":[],"class_list":{"0":"post-8713","1":"product","2":"type-product","3":"status-publish","4":"has-post-thumbnail","6":"product_brand-brandp_5047","7":"product_cat-cuisine-gourmet","8":"product_cat-gourmet","9":"product_cat-oenologie","11":"first","12":"instock","13":"taxable","14":"shipping-taxable","15":"purchasable","16":"product-type-simple"},"yoast_head":"<!-- This site is optimized with the Yoast SEO plugin v27.5 - https:\/\/yoast.com\/product\/yoast-seo-wordpress\/ -->\n<title>Vin mousseux 24K Gold White 75 cl - Tupique<\/title>\n<meta name=\"robots\" content=\"index, follow, max-snippet:-1, max-image-preview:large, max-video-preview:-1\" \/>\n<link rel=\"canonical\" href=\"https:\/\/tupique.com\/pt\/product\/sparkling-wine-24k-gold-white-75-cl\/\" \/>\n<meta property=\"og:locale\" content=\"pt_PT\" \/>\n<meta property=\"og:type\" content=\"article\" \/>\n<meta property=\"og:title\" content=\"Vin mousseux 24K Gold White 75 cl - Tupique\" \/>\n<meta property=\"og:description\" content=\"27.5987 &euro; \/ 100 ml\" \/>\n<meta property=\"og:url\" content=\"https:\/\/tupique.com\/pt\/product\/sparkling-wine-24k-gold-white-75-cl\/\" \/>\n<meta property=\"og:site_name\" content=\"Tupique\" \/>\n<meta property=\"article:modified_time\" content=\"2026-05-11T19:23:24+00:00\" \/>\n<meta name=\"twitter:card\" content=\"summary_large_image\" \/>\n<meta name=\"twitter:label1\" content=\"Tempo estimado de leitura\" \/>\n\t<meta name=\"twitter:data1\" content=\"3 minutos\" \/>\n<script type=\"application\/ld+json\" class=\"yoast-schema-graph\">{\"@context\":\"https:\\\/\\\/schema.org\",\"@graph\":[{\"@type\":\"WebPage\",\"@id\":\"https:\\\/\\\/tupique.com\\\/product\\\/sparkling-wine-24k-gold-white-75-cl\\\/\",\"url\":\"https:\\\/\\\/tupique.com\\\/product\\\/sparkling-wine-24k-gold-white-75-cl\\\/\",\"name\":\"Vin mousseux 24K Gold White 75 cl - Tupique\",\"isPartOf\":{\"@id\":\"https:\\\/\\\/tupique.com\\\/#website\"},\"primaryImageOfPage\":{\"@id\":\"https:\\\/\\\/tupique.com\\\/product\\\/sparkling-wine-24k-gold-white-75-cl\\\/#primaryimage\"},\"image\":{\"@id\":\"https:\\\/\\\/tupique.com\\\/product\\\/sparkling-wine-24k-gold-white-75-cl\\\/#primaryimage\"},\"thumbnailUrl\":\"https:\\\/\\\/tupique.com\\\/wp-content\\\/uploads\\\/2026\\\/05\\\/8437007913202_001.jpg\",\"datePublished\":\"2026-03-27T19:53:12+00:00\",\"dateModified\":\"2026-05-11T19:23:24+00:00\",\"breadcrumb\":{\"@id\":\"https:\\\/\\\/tupique.com\\\/product\\\/sparkling-wine-24k-gold-white-75-cl\\\/#breadcrumb\"},\"inLanguage\":\"pt-PT\",\"potentialAction\":[{\"@type\":\"ReadAction\",\"target\":[\"https:\\\/\\\/tupique.com\\\/product\\\/sparkling-wine-24k-gold-white-75-cl\\\/\"]}]},{\"@type\":\"ImageObject\",\"inLanguage\":\"pt-PT\",\"@id\":\"https:\\\/\\\/tupique.com\\\/product\\\/sparkling-wine-24k-gold-white-75-cl\\\/#primaryimage\",\"url\":\"https:\\\/\\\/tupique.com\\\/wp-content\\\/uploads\\\/2026\\\/05\\\/8437007913202_001.jpg\",\"contentUrl\":\"https:\\\/\\\/tupique.com\\\/wp-content\\\/uploads\\\/2026\\\/05\\\/8437007913202_001.jpg\",\"width\":1000,\"height\":1000,\"caption\":\"S7300003_0\"},{\"@type\":\"BreadcrumbList\",\"@id\":\"https:\\\/\\\/tupique.com\\\/product\\\/sparkling-wine-24k-gold-white-75-cl\\\/#breadcrumb\",\"itemListElement\":[{\"@type\":\"ListItem\",\"position\":1,\"name\":\"commencer\",\"item\":\"https:\\\/\\\/tupique.com\\\/\"},{\"@type\":\"ListItem\",\"position\":2,\"name\":\"Loja\",\"item\":\"https:\\\/\\\/tupique.com\\\/loja\\\/\"},{\"@type\":\"ListItem\",\"position\":3,\"name\":\"Vin mousseux 24K Gold White 75 cl\"}]},{\"@type\":\"WebSite\",\"@id\":\"https:\\\/\\\/tupique.com\\\/#website\",\"url\":\"https:\\\/\\\/tupique.com\\\/\",\"name\":\"Tupique\",\"description\":\"\",\"publisher\":{\"@id\":\"https:\\\/\\\/tupique.com\\\/#organization\"},\"potentialAction\":[{\"@type\":\"SearchAction\",\"target\":{\"@type\":\"EntryPoint\",\"urlTemplate\":\"https:\\\/\\\/tupique.com\\\/?s={search_term_string}\"},\"query-input\":{\"@type\":\"PropertyValueSpecification\",\"valueRequired\":true,\"valueName\":\"search_term_string\"}}],\"inLanguage\":\"pt-PT\"},{\"@type\":\"Organization\",\"@id\":\"https:\\\/\\\/tupique.com\\\/#organization\",\"name\":\"Tupique\",\"url\":\"https:\\\/\\\/tupique.com\\\/\",\"logo\":{\"@type\":\"ImageObject\",\"inLanguage\":\"pt-PT\",\"@id\":\"https:\\\/\\\/tupique.com\\\/#\\\/schema\\\/logo\\\/image\\\/\",\"url\":\"https:\\\/\\\/tupique.com\\\/wp-content\\\/uploads\\\/2026\\\/03\\\/logo-tupique-1.webp\",\"contentUrl\":\"https:\\\/\\\/tupique.com\\\/wp-content\\\/uploads\\\/2026\\\/03\\\/logo-tupique-1.webp\",\"width\":500,\"height\":67,\"caption\":\"Tupique\"},\"image\":{\"@id\":\"https:\\\/\\\/tupique.com\\\/#\\\/schema\\\/logo\\\/image\\\/\"}}]}<\/script>\n<!-- \/ Yoast SEO plugin. -->","yoast_head_json":{"title":"Vin mousseux 24K Gold White 75 cl - Tupique","robots":{"index":"index","follow":"follow","max-snippet":"max-snippet:-1","max-image-preview":"max-image-preview:large","max-video-preview":"max-video-preview:-1"},"canonical":"https:\/\/tupique.com\/pt\/product\/sparkling-wine-24k-gold-white-75-cl\/","og_locale":"pt_PT","og_type":"article","og_title":"Vin mousseux 24K Gold White 75 cl - Tupique","og_description":"27.5987 &euro; \/ 100 ml","og_url":"https:\/\/tupique.com\/pt\/product\/sparkling-wine-24k-gold-white-75-cl\/","og_site_name":"Tupique","article_modified_time":"2026-05-11T19:23:24+00:00","twitter_card":"summary_large_image","twitter_misc":{"Tempo estimado de leitura":"3 minutos"},"schema":{"@context":"https:\/\/schema.org","@graph":[{"@type":"WebPage","@id":"https:\/\/tupique.com\/product\/sparkling-wine-24k-gold-white-75-cl\/","url":"https:\/\/tupique.com\/product\/sparkling-wine-24k-gold-white-75-cl\/","name":"Vin mousseux 24K Gold White 75 cl - Tupique","isPartOf":{"@id":"https:\/\/tupique.com\/#website"},"primaryImageOfPage":{"@id":"https:\/\/tupique.com\/product\/sparkling-wine-24k-gold-white-75-cl\/#primaryimage"},"image":{"@id":"https:\/\/tupique.com\/product\/sparkling-wine-24k-gold-white-75-cl\/#primaryimage"},"thumbnailUrl":"https:\/\/tupique.com\/wp-content\/uploads\/2026\/05\/8437007913202_001.jpg","datePublished":"2026-03-27T19:53:12+00:00","dateModified":"2026-05-11T19:23:24+00:00","breadcrumb":{"@id":"https:\/\/tupique.com\/product\/sparkling-wine-24k-gold-white-75-cl\/#breadcrumb"},"inLanguage":"pt-PT","potentialAction":[{"@type":"ReadAction","target":["https:\/\/tupique.com\/product\/sparkling-wine-24k-gold-white-75-cl\/"]}]},{"@type":"ImageObject","inLanguage":"pt-PT","@id":"https:\/\/tupique.com\/product\/sparkling-wine-24k-gold-white-75-cl\/#primaryimage","url":"https:\/\/tupique.com\/wp-content\/uploads\/2026\/05\/8437007913202_001.jpg","contentUrl":"https:\/\/tupique.com\/wp-content\/uploads\/2026\/05\/8437007913202_001.jpg","width":1000,"height":1000,"caption":"S7300003_0"},{"@type":"BreadcrumbList","@id":"https:\/\/tupique.com\/product\/sparkling-wine-24k-gold-white-75-cl\/#breadcrumb","itemListElement":[{"@type":"ListItem","position":1,"name":"commencer","item":"https:\/\/tupique.com\/"},{"@type":"ListItem","position":2,"name":"Loja","item":"https:\/\/tupique.com\/loja\/"},{"@type":"ListItem","position":3,"name":"Vin mousseux 24K Gold White 75 cl"}]},{"@type":"WebSite","@id":"https:\/\/tupique.com\/#website","url":"https:\/\/tupique.com\/","name":"Tupique","description":"","publisher":{"@id":"https:\/\/tupique.com\/#organization"},"potentialAction":[{"@type":"SearchAction","target":{"@type":"EntryPoint","urlTemplate":"https:\/\/tupique.com\/?s={search_term_string}"},"query-input":{"@type":"PropertyValueSpecification","valueRequired":true,"valueName":"search_term_string"}}],"inLanguage":"pt-PT"},{"@type":"Organization","@id":"https:\/\/tupique.com\/#organization","name":"Tupique","url":"https:\/\/tupique.com\/","logo":{"@type":"ImageObject","inLanguage":"pt-PT","@id":"https:\/\/tupique.com\/#\/schema\/logo\/image\/","url":"https:\/\/tupique.com\/wp-content\/uploads\/2026\/03\/logo-tupique-1.webp","contentUrl":"https:\/\/tupique.com\/wp-content\/uploads\/2026\/03\/logo-tupique-1.webp","width":500,"height":67,"caption":"Tupique"},"image":{"@id":"https:\/\/tupique.com\/#\/schema\/logo\/image\/"}}]}},"_links":{"self":[{"href":"https:\/\/tupique.com\/pt\/wp-json\/wp\/v2\/product\/8713","targetHints":{"allow":["GET"]}}],"collection":[{"href":"https:\/\/tupique.com\/pt\/wp-json\/wp\/v2\/product"}],"about":[{"href":"https:\/\/tupique.com\/pt\/wp-json\/wp\/v2\/types\/product"}],"replies":[{"embeddable":true,"href":"https:\/\/tupique.com\/pt\/wp-json\/wp\/v2\/comments?post=8713"}],"wp:featuredmedia":[{"embeddable":true,"href":"https:\/\/tupique.com\/pt\/wp-json\/wp\/v2\/media\/181796"}],"wp:attachment":[{"href":"https:\/\/tupique.com\/pt\/wp-json\/wp\/v2\/media?parent=8713"}],"wp:term":[{"taxonomy":"product_brand","embeddable":true,"href":"https:\/\/tupique.com\/pt\/wp-json\/wp\/v2\/product_brand?post=8713"},{"taxonomy":"product_cat","embeddable":true,"href":"https:\/\/tupique.com\/pt\/wp-json\/wp\/v2\/product_cat?post=8713"},{"taxonomy":"product_tag","embeddable":true,"href":"https:\/\/tupique.com\/pt\/wp-json\/wp\/v2\/product_tag?post=8713"}],"curies":[{"name":"wp","href":"https:\/\/api.w.org\/{rel}","templated":true}]}}