{"id":8731,"date":"2026-03-27T21:53:38","date_gmt":"2026-03-27T19:53:38","guid":{"rendered":"https:\/\/bigbuy.tupique.com\/produto\/removable-adhesive-kitchen-containers-handstore-innovagoods-2-units\/"},"modified":"2026-05-11T21:23:46","modified_gmt":"2026-05-11T19:23:46","slug":"removable-adhesive-kitchen-containers-handstore-innovagoods-2-units","status":"publish","type":"product","link":"https:\/\/tupique.com\/pt\/product\/removable-adhesive-kitchen-containers-handstore-innovagoods-2-units\/","title":{"rendered":"R\u00e9cipients de Cuisine Adh\u00e9sifs Amovibles Handstore InnovaGoods 2 Unit\u00e9s"},"content":{"rendered":"<div class=\"col-md-6\"><b>InnovaGoods<\/b> vient vous aider \u00e0 cuisiner facilement et de mani\u00e8re amusante en vous offrant les meilleures nouveaut\u00e9s pour votre cuisine, comme <b>R\u00e9cipients de Cuisine Adh\u00e9sifs Amovibles Handstore InnovaGoods 2 Unit\u00e9s <\/b> ! D\u00e9couvrez une vaste gamme de produits de qualit\u00e9 qui se d\u00e9marquent de par leur fonctionnalit\u00e9, leur efficacit\u00e9 et leur design innovant !<\/p>\n<p>Un ensemble de 2 r\u00e9cipients de cuisine adh\u00e9sifs amovibles qui sont tr\u00e8s polyvalents et adaptables en raison de leur design multiposition portable original. La capacit\u00e9 de chaque r\u00e9cipient est de 420 ml. Ils poss\u00e8dent des couvercles avec guides et des poign\u00e9es de pr\u00e9hension centrales pour un retrait facile et pratique. Ces r\u00e9cipients polyvalents modernes et pratiques sont id\u00e9aux pour stocker une vari\u00e9t\u00e9 de condiments et d\u2019autres aliments tels que le sel, le poivre, l\u2019origan, l\u2019ail en poudre, le sucre, le caf\u00e9, la farine, etc. L\u2019ensemble comprend \u00e9galement 2 cuill\u00e8res \u00e0 caf\u00e9, 2 adh\u00e9sifs verticaux simple face et 2 adh\u00e9sifs horizontaux double face. Ils s\u2019installent facilement sans assemblage ni outils gr\u00e2ce aux adh\u00e9sifs de qualit\u00e9 inclus (Nano PU Gel) qui sont tr\u00e8s r\u00e9sistants et offrent une fixation ferme. De plus, ces adh\u00e9sifs s\u2019enl\u00e8vent facilement sans laisser de r\u00e9sidus sur les surfaces et peuvent \u00eatre plac\u00e9s ailleurs. Plusieurs possibilit\u00e9s de placement sont propos\u00e9es\u00a0: sur le mur ou sous un placard ou une \u00e9tag\u00e8re de cuisine selon vos pr\u00e9f\u00e9rences. Ils peuvent \u00e9galement \u00eatre simplement pos\u00e9s sur la table ou le plan de travail de la cuisine. Ils peuvent m\u00eame \u00eatre install\u00e9s sous une table ou une autre surface comme de petits tiroirs cach\u00e9s et utilis\u00e9s pour ranger des vis, des chevilles ou d\u2019autres petits objets, m\u00eame s\u2019il ne s\u2019agit pas de leur utilisation principale. Ils sont faciles \u00e0 nettoyer, l\u00e9gers et compacts, ce qui permet un meilleur rangement et un gain de place.<\/p>\n<ul>\n<li>Mati\u00e8re:\n<ul>\n<li>ABS<\/li>\n<li>polypropyl\u00e8ne<\/li>\n<\/ul>\n<\/li>\n<li>Couleur:\n<ul>\n<li>Gris<\/li>\n<li>Vert<\/li>\n<li>Transparent<\/li>\n<\/ul>\n<\/li>\n<li>Design moderne: Novateur et pratique<\/li>\n<li>Type: Adh\u00e9sif<\/li>\n<li>Unit\u00e9s: 2 Unit\u00e9s<\/li>\n<li>Caract\u00e9ristiques: Sans BPA<\/li>\n<li>Polyvalent et adaptable: Multiposition<\/li>\n<li>Originale et portative: Plusieurs fonctionnalit\u00e9s et espaces<\/li>\n<li>Installation simple: Sans montage ni outils<\/li>\n<li>Adh\u00e9sif r\u00e9sistant: Nano PU Gel<\/li>\n<li>Adh\u00e9sifs de qualit\u00e9: Fixation ferme<\/li>\n<li>Capacit\u00e9: 2x 420 ml<\/li>\n<li>Couvercles avec guides d\u2019extraction: Utilisation pratique et simple<\/li>\n<li>Poign\u00e9e et manche: Poign\u00e9e centrale pour une extraction facile<\/li>\n<li>Utilisation principale: Condiments et autres (sel, poivre, origan, caf\u00e9, sucre, etc.)<\/li>\n<li>D\u00e9montable: Facile \u00e0 nettoyer<\/li>\n<li>Occupe peu d&#8217;espace: Organisation et gain de place<\/li>\n<li>L\u00e9ger et maniable: Facile \u00e0 transporter et \u00e0 ranger<\/li>\n<li>Inclut:\n<ul>\n<li>2 cuill\u00e8res \u00e0 caf\u00e9<\/li>\n<li>2 adh\u00e9sifs verticaux simple face<\/li>\n<li>2 adh\u00e9sifs horizontaux double face<\/li>\n<\/ul>\n<\/li>\n<li>Dimensions approx.: 12,5 x 7 x 9 cm<\/li>\n<\/ul>\n<p>Packaging et manuel en 24 langues: anglais, fran\u00e7ais, espagnol, allemand, italien, portugais, n\u00e9erlandais, polonais, hongrois, roumain, danois, su\u00e9dois, finnois, lituanien, norv\u00e9gien, slov\u00e8ne, grec, tch\u00e8que, bulgare, croate, slovaque, estonien, russe, letton.<\/p><\/div>\n<div class=\"col-md-6\">\n<div class=\"embed-responsive embed-responsive-16by9\"><iframe class=\"embed-responsive-item\" src=\"https:\/\/www.youtube.com\/embed\/H738R1f-QnA\" frameborder=\"0\" allowfullscreen><\/iframe><\/div>\n<\/div>","protected":false},"excerpt":{"rendered":"<p><span class=\"unit-info\">9.4950 &euro; \/ 1 unit<\/span><\/p>","protected":false},"featured_media":181802,"comment_status":"open","ping_status":"closed","template":"","meta":[],"product_brand":[256],"product_cat":[1818,1882,63,227,60,239,242,2191,1796,224],"product_tag":[55],"class_list":{"0":"post-8731","1":"product","2":"type-product","3":"status-publish","4":"has-post-thumbnail","6":"product_brand-brandp_1281","7":"product_cat-accessoires-de-cuisine","8":"product_cat-boites-de-cuisine-et-boites-a-pain","9":"product_cat-cadeaux-originaux","10":"product_cat-cadeaux-pour-la-cuisine","11":"product_cat-cuisine-gourmet","12":"product_cat-maison-jardin","13":"product_cat-organiseurs","14":"product_cat-salieres-et-poivrieres","15":"product_cat-teleachat-vu-a-la-television","16":"product_cat-ustensiles-et-accessoires-de-cuisine","17":"product_tag-tag_926","19":"first","20":"instock","21":"taxable","22":"shipping-taxable","23":"purchasable","24":"product-type-simple"},"yoast_head":"<!-- This site is optimized with the Yoast SEO plugin v27.5 - https:\/\/yoast.com\/product\/yoast-seo-wordpress\/ -->\n<title>R\u00e9cipients de Cuisine Adh\u00e9sifs Amovibles Handstore InnovaGoods 2 Unit\u00e9s - Tupique<\/title>\n<meta name=\"robots\" content=\"index, follow, max-snippet:-1, max-image-preview:large, max-video-preview:-1\" \/>\n<link rel=\"canonical\" href=\"https:\/\/tupique.com\/pt\/product\/removable-adhesive-kitchen-containers-handstore-innovagoods-2-units\/\" \/>\n<meta property=\"og:locale\" content=\"pt_PT\" \/>\n<meta property=\"og:type\" content=\"article\" \/>\n<meta property=\"og:title\" content=\"R\u00e9cipients de Cuisine Adh\u00e9sifs Amovibles Handstore InnovaGoods 2 Unit\u00e9s - Tupique\" \/>\n<meta property=\"og:description\" content=\"9.4950 &euro; \/ 1 unit\" \/>\n<meta property=\"og:url\" content=\"https:\/\/tupique.com\/pt\/product\/removable-adhesive-kitchen-containers-handstore-innovagoods-2-units\/\" \/>\n<meta property=\"og:site_name\" content=\"Tupique\" \/>\n<meta property=\"article:modified_time\" content=\"2026-05-11T19:23:46+00:00\" \/>\n<meta name=\"twitter:card\" content=\"summary_large_image\" \/>\n<meta name=\"twitter:label1\" content=\"Tempo estimado de leitura\" \/>\n\t<meta name=\"twitter:data1\" content=\"2 minutos\" \/>\n<script type=\"application\/ld+json\" class=\"yoast-schema-graph\">{\"@context\":\"https:\\\/\\\/schema.org\",\"@graph\":[{\"@type\":\"WebPage\",\"@id\":\"https:\\\/\\\/tupique.com\\\/product\\\/removable-adhesive-kitchen-containers-handstore-innovagoods-2-units\\\/\",\"url\":\"https:\\\/\\\/tupique.com\\\/product\\\/removable-adhesive-kitchen-containers-handstore-innovagoods-2-units\\\/\",\"name\":\"R\u00e9cipients de Cuisine Adh\u00e9sifs Amovibles Handstore InnovaGoods 2 Unit\u00e9s - Tupique\",\"isPartOf\":{\"@id\":\"https:\\\/\\\/tupique.com\\\/#website\"},\"primaryImageOfPage\":{\"@id\":\"https:\\\/\\\/tupique.com\\\/product\\\/removable-adhesive-kitchen-containers-handstore-innovagoods-2-units\\\/#primaryimage\"},\"image\":{\"@id\":\"https:\\\/\\\/tupique.com\\\/product\\\/removable-adhesive-kitchen-containers-handstore-innovagoods-2-units\\\/#primaryimage\"},\"thumbnailUrl\":\"https:\\\/\\\/tupique.com\\\/wp-content\\\/uploads\\\/2026\\\/05\\\/V0103426_000_MKT-v_14.jpg\",\"datePublished\":\"2026-03-27T19:53:38+00:00\",\"dateModified\":\"2026-05-11T19:23:46+00:00\",\"breadcrumb\":{\"@id\":\"https:\\\/\\\/tupique.com\\\/product\\\/removable-adhesive-kitchen-containers-handstore-innovagoods-2-units\\\/#breadcrumb\"},\"inLanguage\":\"pt-PT\",\"potentialAction\":[{\"@type\":\"ReadAction\",\"target\":[\"https:\\\/\\\/tupique.com\\\/product\\\/removable-adhesive-kitchen-containers-handstore-innovagoods-2-units\\\/\"]}]},{\"@type\":\"ImageObject\",\"inLanguage\":\"pt-PT\",\"@id\":\"https:\\\/\\\/tupique.com\\\/product\\\/removable-adhesive-kitchen-containers-handstore-innovagoods-2-units\\\/#primaryimage\",\"url\":\"https:\\\/\\\/tupique.com\\\/wp-content\\\/uploads\\\/2026\\\/05\\\/V0103426_000_MKT-v_14.jpg\",\"contentUrl\":\"https:\\\/\\\/tupique.com\\\/wp-content\\\/uploads\\\/2026\\\/05\\\/V0103426_000_MKT-v_14.jpg\",\"width\":1200,\"height\":1200,\"caption\":\"V0103426_0\"},{\"@type\":\"BreadcrumbList\",\"@id\":\"https:\\\/\\\/tupique.com\\\/product\\\/removable-adhesive-kitchen-containers-handstore-innovagoods-2-units\\\/#breadcrumb\",\"itemListElement\":[{\"@type\":\"ListItem\",\"position\":1,\"name\":\"commencer\",\"item\":\"https:\\\/\\\/tupique.com\\\/\"},{\"@type\":\"ListItem\",\"position\":2,\"name\":\"Loja\",\"item\":\"https:\\\/\\\/tupique.com\\\/loja\\\/\"},{\"@type\":\"ListItem\",\"position\":3,\"name\":\"R\u00e9cipients de Cuisine Adh\u00e9sifs Amovibles Handstore InnovaGoods 2 Unit\u00e9s\"}]},{\"@type\":\"WebSite\",\"@id\":\"https:\\\/\\\/tupique.com\\\/#website\",\"url\":\"https:\\\/\\\/tupique.com\\\/\",\"name\":\"Tupique\",\"description\":\"\",\"publisher\":{\"@id\":\"https:\\\/\\\/tupique.com\\\/#organization\"},\"potentialAction\":[{\"@type\":\"SearchAction\",\"target\":{\"@type\":\"EntryPoint\",\"urlTemplate\":\"https:\\\/\\\/tupique.com\\\/?s={search_term_string}\"},\"query-input\":{\"@type\":\"PropertyValueSpecification\",\"valueRequired\":true,\"valueName\":\"search_term_string\"}}],\"inLanguage\":\"pt-PT\"},{\"@type\":\"Organization\",\"@id\":\"https:\\\/\\\/tupique.com\\\/#organization\",\"name\":\"Tupique\",\"url\":\"https:\\\/\\\/tupique.com\\\/\",\"logo\":{\"@type\":\"ImageObject\",\"inLanguage\":\"pt-PT\",\"@id\":\"https:\\\/\\\/tupique.com\\\/#\\\/schema\\\/logo\\\/image\\\/\",\"url\":\"https:\\\/\\\/tupique.com\\\/wp-content\\\/uploads\\\/2026\\\/03\\\/logo-tupique-1.webp\",\"contentUrl\":\"https:\\\/\\\/tupique.com\\\/wp-content\\\/uploads\\\/2026\\\/03\\\/logo-tupique-1.webp\",\"width\":500,\"height\":67,\"caption\":\"Tupique\"},\"image\":{\"@id\":\"https:\\\/\\\/tupique.com\\\/#\\\/schema\\\/logo\\\/image\\\/\"}}]}<\/script>\n<!-- \/ Yoast SEO plugin. -->","yoast_head_json":{"title":"R\u00e9cipients de Cuisine Adh\u00e9sifs Amovibles Handstore InnovaGoods 2 Unit\u00e9s - Tupique","robots":{"index":"index","follow":"follow","max-snippet":"max-snippet:-1","max-image-preview":"max-image-preview:large","max-video-preview":"max-video-preview:-1"},"canonical":"https:\/\/tupique.com\/pt\/product\/removable-adhesive-kitchen-containers-handstore-innovagoods-2-units\/","og_locale":"pt_PT","og_type":"article","og_title":"R\u00e9cipients de Cuisine Adh\u00e9sifs Amovibles Handstore InnovaGoods 2 Unit\u00e9s - Tupique","og_description":"9.4950 &euro; \/ 1 unit","og_url":"https:\/\/tupique.com\/pt\/product\/removable-adhesive-kitchen-containers-handstore-innovagoods-2-units\/","og_site_name":"Tupique","article_modified_time":"2026-05-11T19:23:46+00:00","twitter_card":"summary_large_image","twitter_misc":{"Tempo estimado de leitura":"2 minutos"},"schema":{"@context":"https:\/\/schema.org","@graph":[{"@type":"WebPage","@id":"https:\/\/tupique.com\/product\/removable-adhesive-kitchen-containers-handstore-innovagoods-2-units\/","url":"https:\/\/tupique.com\/product\/removable-adhesive-kitchen-containers-handstore-innovagoods-2-units\/","name":"R\u00e9cipients de Cuisine Adh\u00e9sifs Amovibles Handstore InnovaGoods 2 Unit\u00e9s - Tupique","isPartOf":{"@id":"https:\/\/tupique.com\/#website"},"primaryImageOfPage":{"@id":"https:\/\/tupique.com\/product\/removable-adhesive-kitchen-containers-handstore-innovagoods-2-units\/#primaryimage"},"image":{"@id":"https:\/\/tupique.com\/product\/removable-adhesive-kitchen-containers-handstore-innovagoods-2-units\/#primaryimage"},"thumbnailUrl":"https:\/\/tupique.com\/wp-content\/uploads\/2026\/05\/V0103426_000_MKT-v_14.jpg","datePublished":"2026-03-27T19:53:38+00:00","dateModified":"2026-05-11T19:23:46+00:00","breadcrumb":{"@id":"https:\/\/tupique.com\/product\/removable-adhesive-kitchen-containers-handstore-innovagoods-2-units\/#breadcrumb"},"inLanguage":"pt-PT","potentialAction":[{"@type":"ReadAction","target":["https:\/\/tupique.com\/product\/removable-adhesive-kitchen-containers-handstore-innovagoods-2-units\/"]}]},{"@type":"ImageObject","inLanguage":"pt-PT","@id":"https:\/\/tupique.com\/product\/removable-adhesive-kitchen-containers-handstore-innovagoods-2-units\/#primaryimage","url":"https:\/\/tupique.com\/wp-content\/uploads\/2026\/05\/V0103426_000_MKT-v_14.jpg","contentUrl":"https:\/\/tupique.com\/wp-content\/uploads\/2026\/05\/V0103426_000_MKT-v_14.jpg","width":1200,"height":1200,"caption":"V0103426_0"},{"@type":"BreadcrumbList","@id":"https:\/\/tupique.com\/product\/removable-adhesive-kitchen-containers-handstore-innovagoods-2-units\/#breadcrumb","itemListElement":[{"@type":"ListItem","position":1,"name":"commencer","item":"https:\/\/tupique.com\/"},{"@type":"ListItem","position":2,"name":"Loja","item":"https:\/\/tupique.com\/loja\/"},{"@type":"ListItem","position":3,"name":"R\u00e9cipients de Cuisine Adh\u00e9sifs Amovibles Handstore InnovaGoods 2 Unit\u00e9s"}]},{"@type":"WebSite","@id":"https:\/\/tupique.com\/#website","url":"https:\/\/tupique.com\/","name":"Tupique","description":"","publisher":{"@id":"https:\/\/tupique.com\/#organization"},"potentialAction":[{"@type":"SearchAction","target":{"@type":"EntryPoint","urlTemplate":"https:\/\/tupique.com\/?s={search_term_string}"},"query-input":{"@type":"PropertyValueSpecification","valueRequired":true,"valueName":"search_term_string"}}],"inLanguage":"pt-PT"},{"@type":"Organization","@id":"https:\/\/tupique.com\/#organization","name":"Tupique","url":"https:\/\/tupique.com\/","logo":{"@type":"ImageObject","inLanguage":"pt-PT","@id":"https:\/\/tupique.com\/#\/schema\/logo\/image\/","url":"https:\/\/tupique.com\/wp-content\/uploads\/2026\/03\/logo-tupique-1.webp","contentUrl":"https:\/\/tupique.com\/wp-content\/uploads\/2026\/03\/logo-tupique-1.webp","width":500,"height":67,"caption":"Tupique"},"image":{"@id":"https:\/\/tupique.com\/#\/schema\/logo\/image\/"}}]}},"_links":{"self":[{"href":"https:\/\/tupique.com\/pt\/wp-json\/wp\/v2\/product\/8731","targetHints":{"allow":["GET"]}}],"collection":[{"href":"https:\/\/tupique.com\/pt\/wp-json\/wp\/v2\/product"}],"about":[{"href":"https:\/\/tupique.com\/pt\/wp-json\/wp\/v2\/types\/product"}],"replies":[{"embeddable":true,"href":"https:\/\/tupique.com\/pt\/wp-json\/wp\/v2\/comments?post=8731"}],"wp:featuredmedia":[{"embeddable":true,"href":"https:\/\/tupique.com\/pt\/wp-json\/wp\/v2\/media\/181802"}],"wp:attachment":[{"href":"https:\/\/tupique.com\/pt\/wp-json\/wp\/v2\/media?parent=8731"}],"wp:term":[{"taxonomy":"product_brand","embeddable":true,"href":"https:\/\/tupique.com\/pt\/wp-json\/wp\/v2\/product_brand?post=8731"},{"taxonomy":"product_cat","embeddable":true,"href":"https:\/\/tupique.com\/pt\/wp-json\/wp\/v2\/product_cat?post=8731"},{"taxonomy":"product_tag","embeddable":true,"href":"https:\/\/tupique.com\/pt\/wp-json\/wp\/v2\/product_tag?post=8731"}],"curies":[{"name":"wp","href":"https:\/\/api.w.org\/{rel}","templated":true}]}}