{"id":8761,"date":"2026-03-27T21:54:19","date_gmt":"2026-03-27T19:54:19","guid":{"rendered":"https:\/\/bigbuy.tupique.com\/produto\/cooling-drinks-dispenser-freer-innovagoods\/"},"modified":"2026-05-11T21:23:47","modified_gmt":"2026-05-11T19:23:47","slug":"cooling-drinks-dispenser-freer-innovagoods","status":"publish","type":"product","link":"https:\/\/tupique.com\/pt\/product\/cooling-drinks-dispenser-freer-innovagoods\/","title":{"rendered":"Distributeur de Boissons R\u00e9frig\u00e9rant Freer InnovaGoods"},"content":{"rendered":"<div class=\"col-md-6\"><b>InnovaGoods<\/b> vient vous aider \u00e0 cuisiner facilement et de mani\u00e8re amusante en vous offrant les meilleures nouveaut\u00e9s pour votre cuisine, comme <b>Distributeur de Boissons R\u00e9frig\u00e9rant Freer InnovaGoods <\/b> ! D\u00e9couvrez une vaste gamme de produits de qualit\u00e9 qui se d\u00e9marquent de par leur fonctionnalit\u00e9, leur efficacit\u00e9 et leur design innovant !<\/p>\n<p>Un distributeur de boissons r\u00e9frig\u00e9rant id\u00e9al pour servir facilement toutes sortes de boissons pendant des f\u00eates et des c\u00e9l\u00e9brations avec la famille et les amis. Ses 2 r\u00e9servoirs \u00e0 glace s\u00e9par\u00e9s et amovibles sont plac\u00e9s au milieu du compartiment \u00e0 boisson, ce qui permet de refroidir la boisson et de la garder froide sans la diluer. Il y a \u00e9galement un double couvercle sur le dessus et un grand compartiment de rangement sur le socle qui est tr\u00e8s utile pour ranger des verres, des en-cas, etc., les emporter facilement n&#8217;importe o\u00f9, ou m\u00eame pour ranger une partie du distributeur retir\u00e9e. Ce distributeur original et polyvalent a une grande capacit\u00e9 de 4&nbsp;l et le r\u00e9cipient pour boissons est transparent. Vous pouvez donc voir le contenu \u00e0 tout moment pour avoir connaissance de la quantit\u00e9 de boisson disponible, ce qui vous permet de le remplir plus facilement lorsque vous en avez besoin. Il est dot\u00e9 d\u2019un robinet pratique avec levier pour servir vos boissons de la m\u00eame mani\u00e8re que les tireuses \u00e0 bi\u00e8re professionnelles, avec une simplicit\u00e9 et une praticit\u00e9 totales, sans \u00e9claboussures ni gouttes. Appuyez simplement sur le levier pour ouvrir le robinet et servir la boisson, puis poussez-le vers le haut pour le fermer. Il peut \u00eatre utilis\u00e9 \u00e0 l\u2019int\u00e9rieur et \u00e0 l\u2019ext\u00e9rieur et est adapt\u00e9 \u00e0 une multitude de boissons, telles que la bi\u00e8re, la sangria, le mojito, le cocktail, le th\u00e9 glac\u00e9, etc. Il est \u00e9galement tr\u00e8s facile \u00e0 utiliser et amovible pour un nettoyage et un rangement faciles, ce qui permet de gagner de l&#8217;espace. Ne comprend pas les verres.<\/p>\n<ul>\n<li>Mat\u00e9riel:\n<ul>\n<li>ABS<\/li>\n<li>polystyr\u00e8ne<\/li>\n<li>polypropyl\u00e8ne<\/li>\n<\/ul>\n<\/li>\n<li>Couleur:\n<ul>\n<li>Gris<\/li>\n<li>Argent\u00e9<\/li>\n<li>Transparent<\/li>\n<\/ul>\n<\/li>\n<li>Type: Distributeur de boissons<\/li>\n<li>Capacit\u00e9: 4 L<\/li>\n<li>Robinet commode et pratique pour servir: Anti-goutte et anti-d\u00e9bordement<\/li>\n<li>2 bacs \u00e0 glace amovibles: R\u00e9frig\u00e9rant<\/li>\n<li>Compartiment de rangement: Grande capacit\u00e9 et tr\u00e8s stable<\/li>\n<li>Pieds d\u00b4appui stables: Fixation ferme<\/li>\n<li>Universel: Id\u00e9al pour tout type de boissons<\/li>\n<li>Originale et portative: Utilisation \u00e0 l&#8217;int\u00e9rieur et \u00e0 l&#8217;ext\u00e9rieur<\/li>\n<li>D\u00e9montable: Organisation et gain de place<\/li>\n<li>Facile \u00e0 nettoyer: Facile \u00e0 d\u00e9monter et \u00e0 nettoyer<\/li>\n<li>Dimensions approx.: 22 x 41,7 x 26,5 cm<\/li>\n<\/ul>\n<p>Packaging et manuel en 24 langues: anglais, fran\u00e7ais, espagnol, allemand, italien, portugais, n\u00e9erlandais, polonais, hongrois, roumain, danois, su\u00e9dois, finnois, lituanien, norv\u00e9gien, slov\u00e8ne, grec, tch\u00e8que, bulgare, croate, slovaque, estonien, russe, letton.<\/p><\/div>\n<div class=\"col-md-6\">\n<div class=\"embed-responsive embed-responsive-16by9\"><iframe class=\"embed-responsive-item\" src=\"https:\/\/www.youtube.com\/embed\/ZxplIUCoNAs\" frameborder=\"0\" allowfullscreen><\/iframe><\/div>\n<\/div>","protected":false},"excerpt":{"rendered":"<p><span class=\"unit-info\">13.2475 &euro; \/ 1 l<\/span><\/p>","protected":false},"featured_media":182095,"comment_status":"open","ping_status":"closed","template":"","meta":[],"product_brand":[256],"product_cat":[1818,222,225,63,227,60,221,109,157,220,1796,216,224,217],"product_tag":[101,204,208,207],"woo-feed-brand":[],"class_list":{"0":"post-8761","1":"product","2":"type-product","3":"status-publish","4":"has-post-thumbnail","6":"product_brand-brandp_1281","7":"product_cat-accessoires-de-cuisine","8":"product_cat-accessoires-de-fetes","9":"product_cat-autres-accessoires-et-ustensiles-de-cuisine","10":"product_cat-cadeaux-originaux","11":"product_cat-cadeaux-pour-la-cuisine","12":"product_cat-cuisine-gourmet","13":"product_cat-deguisements","14":"product_cat-gourmet","15":"product_cat-jouets-deguisements","16":"product_cat-liqueurs-et-accessoires","17":"product_cat-teleachat-vu-a-la-television","18":"product_cat-ustensile","19":"product_cat-ustensiles-et-accessoires-de-cuisine","20":"product_cat-verres-et-carafes","21":"product_tag-tag_599","22":"product_tag-tag_1283","23":"product_tag-tag_587","24":"product_tag-tag_1292","26":"first","27":"instock","28":"taxable","29":"shipping-taxable","30":"purchasable","31":"product-type-simple"},"yoast_head":"<!-- This site is optimized with the Yoast SEO plugin v27.5 - https:\/\/yoast.com\/product\/yoast-seo-wordpress\/ -->\n<title>Distributeur de Boissons R\u00e9frig\u00e9rant Freer InnovaGoods | | Tupique<\/title>\n<meta name=\"description\" content=\"Envie d&#039;acheter Distributeur de Boissons R\u00e9frig\u00e9rant Freer InnovaGoods\u00a0? Achetez Distributeur de Boissons R\u00e9frig\u00e9rant Freer InnovaGoods maintenant avec Tupique en 3 versements sans int\u00e9r\u00eat.\" \/>\n<meta name=\"robots\" content=\"index, follow, max-snippet:-1, max-image-preview:large, max-video-preview:-1\" \/>\n<link rel=\"canonical\" href=\"https:\/\/tupique.com\/pt\/product\/cooling-drinks-dispenser-freer-innovagoods\/\" \/>\n<meta property=\"og:locale\" content=\"pt_PT\" \/>\n<meta property=\"og:type\" content=\"article\" \/>\n<meta property=\"og:title\" content=\"Distributeur de Boissons R\u00e9frig\u00e9rant Freer InnovaGoods | | Tupique\" \/>\n<meta property=\"og:description\" content=\"Envie d&#039;acheter Distributeur de Boissons R\u00e9frig\u00e9rant Freer InnovaGoods\u00a0? Achetez Distributeur de Boissons R\u00e9frig\u00e9rant Freer InnovaGoods maintenant avec Tupique en 3 versements sans int\u00e9r\u00eat.\" \/>\n<meta property=\"og:url\" content=\"https:\/\/tupique.com\/pt\/product\/cooling-drinks-dispenser-freer-innovagoods\/\" \/>\n<meta property=\"og:site_name\" content=\"Tupique\" \/>\n<meta property=\"article:modified_time\" content=\"2026-05-11T19:23:47+00:00\" \/>\n<meta property=\"og:image\" content=\"https:\/\/tupique.com\/wp-content\/uploads\/2026\/05\/V0103462_000_MKT6.jpg\" \/>\n\t<meta property=\"og:image:width\" content=\"1200\" \/>\n\t<meta property=\"og:image:height\" content=\"1200\" \/>\n\t<meta property=\"og:image:type\" content=\"image\/jpeg\" \/>\n<meta name=\"twitter:card\" content=\"summary_large_image\" \/>\n<meta name=\"twitter:label1\" content=\"Tempo estimado de leitura\" \/>\n\t<meta name=\"twitter:data1\" content=\"2 minutos\" \/>\n<script type=\"application\/ld+json\" class=\"yoast-schema-graph\">{\"@context\":\"https:\\\/\\\/schema.org\",\"@graph\":[{\"@type\":\"WebPage\",\"@id\":\"https:\\\/\\\/tupique.com\\\/pt\\\/product\\\/cooling-drinks-dispenser-freer-innovagoods\\\/\",\"url\":\"https:\\\/\\\/tupique.com\\\/pt\\\/product\\\/cooling-drinks-dispenser-freer-innovagoods\\\/\",\"name\":\"Distributeur de Boissons R\u00e9frig\u00e9rant Freer InnovaGoods | | Tupique\",\"isPartOf\":{\"@id\":\"https:\\\/\\\/tupique.com\\\/#website\"},\"primaryImageOfPage\":{\"@id\":\"https:\\\/\\\/tupique.com\\\/pt\\\/product\\\/cooling-drinks-dispenser-freer-innovagoods\\\/#primaryimage\"},\"image\":{\"@id\":\"https:\\\/\\\/tupique.com\\\/pt\\\/product\\\/cooling-drinks-dispenser-freer-innovagoods\\\/#primaryimage\"},\"thumbnailUrl\":\"https:\\\/\\\/tupique.com\\\/wp-content\\\/uploads\\\/2026\\\/05\\\/V0103462_000_MKT6.jpg\",\"datePublished\":\"2026-03-27T19:54:19+00:00\",\"dateModified\":\"2026-05-11T19:23:47+00:00\",\"description\":\"Envie d'acheter Distributeur de Boissons R\u00e9frig\u00e9rant Freer InnovaGoods\u00a0? Achetez Distributeur de Boissons R\u00e9frig\u00e9rant Freer InnovaGoods maintenant avec Tupique en 3 versements sans int\u00e9r\u00eat.\",\"breadcrumb\":{\"@id\":\"https:\\\/\\\/tupique.com\\\/pt\\\/product\\\/cooling-drinks-dispenser-freer-innovagoods\\\/#breadcrumb\"},\"inLanguage\":\"pt-PT\",\"potentialAction\":[{\"@type\":\"ReadAction\",\"target\":[\"https:\\\/\\\/tupique.com\\\/pt\\\/product\\\/cooling-drinks-dispenser-freer-innovagoods\\\/\"]}]},{\"@type\":\"ImageObject\",\"inLanguage\":\"pt-PT\",\"@id\":\"https:\\\/\\\/tupique.com\\\/pt\\\/product\\\/cooling-drinks-dispenser-freer-innovagoods\\\/#primaryimage\",\"url\":\"https:\\\/\\\/tupique.com\\\/wp-content\\\/uploads\\\/2026\\\/05\\\/V0103462_000_MKT6.jpg\",\"contentUrl\":\"https:\\\/\\\/tupique.com\\\/wp-content\\\/uploads\\\/2026\\\/05\\\/V0103462_000_MKT6.jpg\",\"width\":1200,\"height\":1200,\"caption\":\"V0103462_0\"},{\"@type\":\"BreadcrumbList\",\"@id\":\"https:\\\/\\\/tupique.com\\\/pt\\\/product\\\/cooling-drinks-dispenser-freer-innovagoods\\\/#breadcrumb\",\"itemListElement\":[{\"@type\":\"ListItem\",\"position\":1,\"name\":\"commencer\",\"item\":\"https:\\\/\\\/tupique.com\\\/\"},{\"@type\":\"ListItem\",\"position\":2,\"name\":\"Loja\",\"item\":\"https:\\\/\\\/tupique.com\\\/pt\\\/loja\\\/\"},{\"@type\":\"ListItem\",\"position\":3,\"name\":\"Distributeur de Boissons R\u00e9frig\u00e9rant Freer InnovaGoods\"}]},{\"@type\":\"WebSite\",\"@id\":\"https:\\\/\\\/tupique.com\\\/#website\",\"url\":\"https:\\\/\\\/tupique.com\\\/\",\"name\":\"Tupique\",\"description\":\"\",\"publisher\":{\"@id\":\"https:\\\/\\\/tupique.com\\\/#organization\"},\"potentialAction\":[{\"@type\":\"SearchAction\",\"target\":{\"@type\":\"EntryPoint\",\"urlTemplate\":\"https:\\\/\\\/tupique.com\\\/?s={search_term_string}\"},\"query-input\":{\"@type\":\"PropertyValueSpecification\",\"valueRequired\":true,\"valueName\":\"search_term_string\"}}],\"inLanguage\":\"pt-PT\"},{\"@type\":\"Organization\",\"@id\":\"https:\\\/\\\/tupique.com\\\/#organization\",\"name\":\"Tupique\",\"url\":\"https:\\\/\\\/tupique.com\\\/\",\"logo\":{\"@type\":\"ImageObject\",\"inLanguage\":\"pt-PT\",\"@id\":\"https:\\\/\\\/tupique.com\\\/#\\\/schema\\\/logo\\\/image\\\/\",\"url\":\"https:\\\/\\\/tupique.com\\\/wp-content\\\/uploads\\\/2026\\\/03\\\/logo-tupique-1.webp\",\"contentUrl\":\"https:\\\/\\\/tupique.com\\\/wp-content\\\/uploads\\\/2026\\\/03\\\/logo-tupique-1.webp\",\"width\":500,\"height\":67,\"caption\":\"Tupique\"},\"image\":{\"@id\":\"https:\\\/\\\/tupique.com\\\/#\\\/schema\\\/logo\\\/image\\\/\"}}]}<\/script>\n<!-- \/ Yoast SEO plugin. -->","yoast_head_json":{"title":"Distributeur de Boissons R\u00e9frig\u00e9rant Freer InnovaGoods | | Tupique","description":"Envie d'acheter Distributeur de Boissons R\u00e9frig\u00e9rant Freer InnovaGoods\u00a0? Achetez Distributeur de Boissons R\u00e9frig\u00e9rant Freer InnovaGoods maintenant avec Tupique en 3 versements sans int\u00e9r\u00eat.","robots":{"index":"index","follow":"follow","max-snippet":"max-snippet:-1","max-image-preview":"max-image-preview:large","max-video-preview":"max-video-preview:-1"},"canonical":"https:\/\/tupique.com\/pt\/product\/cooling-drinks-dispenser-freer-innovagoods\/","og_locale":"pt_PT","og_type":"article","og_title":"Distributeur de Boissons R\u00e9frig\u00e9rant Freer InnovaGoods | | Tupique","og_description":"Envie d'acheter Distributeur de Boissons R\u00e9frig\u00e9rant Freer InnovaGoods\u00a0? Achetez Distributeur de Boissons R\u00e9frig\u00e9rant Freer InnovaGoods maintenant avec Tupique en 3 versements sans int\u00e9r\u00eat.","og_url":"https:\/\/tupique.com\/pt\/product\/cooling-drinks-dispenser-freer-innovagoods\/","og_site_name":"Tupique","article_modified_time":"2026-05-11T19:23:47+00:00","og_image":[{"width":1200,"height":1200,"url":"https:\/\/tupique.com\/wp-content\/uploads\/2026\/05\/V0103462_000_MKT6.jpg","type":"image\/jpeg"}],"twitter_card":"summary_large_image","twitter_misc":{"Tempo estimado de leitura":"2 minutos"},"schema":{"@context":"https:\/\/schema.org","@graph":[{"@type":"WebPage","@id":"https:\/\/tupique.com\/pt\/product\/cooling-drinks-dispenser-freer-innovagoods\/","url":"https:\/\/tupique.com\/pt\/product\/cooling-drinks-dispenser-freer-innovagoods\/","name":"Distributeur de Boissons R\u00e9frig\u00e9rant Freer InnovaGoods | | Tupique","isPartOf":{"@id":"https:\/\/tupique.com\/#website"},"primaryImageOfPage":{"@id":"https:\/\/tupique.com\/pt\/product\/cooling-drinks-dispenser-freer-innovagoods\/#primaryimage"},"image":{"@id":"https:\/\/tupique.com\/pt\/product\/cooling-drinks-dispenser-freer-innovagoods\/#primaryimage"},"thumbnailUrl":"https:\/\/tupique.com\/wp-content\/uploads\/2026\/05\/V0103462_000_MKT6.jpg","datePublished":"2026-03-27T19:54:19+00:00","dateModified":"2026-05-11T19:23:47+00:00","description":"Envie d'acheter Distributeur de Boissons R\u00e9frig\u00e9rant Freer InnovaGoods\u00a0? Achetez Distributeur de Boissons R\u00e9frig\u00e9rant Freer InnovaGoods maintenant avec Tupique en 3 versements sans int\u00e9r\u00eat.","breadcrumb":{"@id":"https:\/\/tupique.com\/pt\/product\/cooling-drinks-dispenser-freer-innovagoods\/#breadcrumb"},"inLanguage":"pt-PT","potentialAction":[{"@type":"ReadAction","target":["https:\/\/tupique.com\/pt\/product\/cooling-drinks-dispenser-freer-innovagoods\/"]}]},{"@type":"ImageObject","inLanguage":"pt-PT","@id":"https:\/\/tupique.com\/pt\/product\/cooling-drinks-dispenser-freer-innovagoods\/#primaryimage","url":"https:\/\/tupique.com\/wp-content\/uploads\/2026\/05\/V0103462_000_MKT6.jpg","contentUrl":"https:\/\/tupique.com\/wp-content\/uploads\/2026\/05\/V0103462_000_MKT6.jpg","width":1200,"height":1200,"caption":"V0103462_0"},{"@type":"BreadcrumbList","@id":"https:\/\/tupique.com\/pt\/product\/cooling-drinks-dispenser-freer-innovagoods\/#breadcrumb","itemListElement":[{"@type":"ListItem","position":1,"name":"commencer","item":"https:\/\/tupique.com\/"},{"@type":"ListItem","position":2,"name":"Loja","item":"https:\/\/tupique.com\/pt\/loja\/"},{"@type":"ListItem","position":3,"name":"Distributeur de Boissons R\u00e9frig\u00e9rant Freer InnovaGoods"}]},{"@type":"WebSite","@id":"https:\/\/tupique.com\/#website","url":"https:\/\/tupique.com\/","name":"Tupique","description":"","publisher":{"@id":"https:\/\/tupique.com\/#organization"},"potentialAction":[{"@type":"SearchAction","target":{"@type":"EntryPoint","urlTemplate":"https:\/\/tupique.com\/?s={search_term_string}"},"query-input":{"@type":"PropertyValueSpecification","valueRequired":true,"valueName":"search_term_string"}}],"inLanguage":"pt-PT"},{"@type":"Organization","@id":"https:\/\/tupique.com\/#organization","name":"Tupique","url":"https:\/\/tupique.com\/","logo":{"@type":"ImageObject","inLanguage":"pt-PT","@id":"https:\/\/tupique.com\/#\/schema\/logo\/image\/","url":"https:\/\/tupique.com\/wp-content\/uploads\/2026\/03\/logo-tupique-1.webp","contentUrl":"https:\/\/tupique.com\/wp-content\/uploads\/2026\/03\/logo-tupique-1.webp","width":500,"height":67,"caption":"Tupique"},"image":{"@id":"https:\/\/tupique.com\/#\/schema\/logo\/image\/"}}]}},"_links":{"self":[{"href":"https:\/\/tupique.com\/pt\/wp-json\/wp\/v2\/product\/8761","targetHints":{"allow":["GET"]}}],"collection":[{"href":"https:\/\/tupique.com\/pt\/wp-json\/wp\/v2\/product"}],"about":[{"href":"https:\/\/tupique.com\/pt\/wp-json\/wp\/v2\/types\/product"}],"replies":[{"embeddable":true,"href":"https:\/\/tupique.com\/pt\/wp-json\/wp\/v2\/comments?post=8761"}],"wp:featuredmedia":[{"embeddable":true,"href":"https:\/\/tupique.com\/pt\/wp-json\/wp\/v2\/media\/182095"}],"wp:attachment":[{"href":"https:\/\/tupique.com\/pt\/wp-json\/wp\/v2\/media?parent=8761"}],"wp:term":[{"taxonomy":"product_brand","embeddable":true,"href":"https:\/\/tupique.com\/pt\/wp-json\/wp\/v2\/product_brand?post=8761"},{"taxonomy":"product_cat","embeddable":true,"href":"https:\/\/tupique.com\/pt\/wp-json\/wp\/v2\/product_cat?post=8761"},{"taxonomy":"product_tag","embeddable":true,"href":"https:\/\/tupique.com\/pt\/wp-json\/wp\/v2\/product_tag?post=8761"},{"taxonomy":"woo-feed-brand","embeddable":true,"href":"https:\/\/tupique.com\/pt\/wp-json\/wp\/v2\/woo-feed-brand?post=8761"}],"curies":[{"name":"wp","href":"https:\/\/api.w.org\/{rel}","templated":true}]}}