{"id":8879,"date":"2026-03-27T22:06:39","date_gmt":"2026-03-27T20:06:39","guid":{"rendered":"https:\/\/bigbuy.tupique.com\/produto\/candy-floss-machine-cantty-innovagoods\/"},"modified":"2026-05-11T21:23:48","modified_gmt":"2026-05-11T19:23:48","slug":"candy-floss-machine-cantty-innovagoods","status":"publish","type":"product","link":"https:\/\/tupique.com\/pt\/product\/candy-floss-machine-cantty-innovagoods\/","title":{"rendered":"Machine \u00e0 Barbe \u00e0 Papa Cantty InnovaGoods"},"content":{"rendered":"<div class=\"col-md-6\"><b>InnovaGoods<\/b> vient vous aider \u00e0 cuisiner facilement et de mani\u00e8re amusante en vous offrant les meilleures nouveaut\u00e9s pour votre cuisine, comme <b>Machine \u00e0 Barbe \u00e0 Papa Cantty InnovaGoods <\/b>! D\u00e9couvrez une vaste gamme de produits de qualit\u00e9 qui se d\u00e9marquent de par leur fonctionnalit\u00e9, leur efficacit\u00e9 et leur design innovant!<\/p>\n<p>A <b>machine \u00e0<br \/>\nbarbe \u00e0 papa Cantty InnovaGoods <\/b>est parfaite pour que les enfants et les<br \/>\nadultes s\u2019amusent \u00e0 la maison en fabriquant de la barbe \u00e0 papa facilement et<br \/>\nrapidement. Une fa\u00e7on originale et divertissante de passer un bon moment<br \/>\nensemble en d\u00e9gustant de d\u00e9licieuses barbes \u00e0 papa. Id\u00e9al pour les f\u00eates, les<br \/>\nanniversaires et les c\u00e9l\u00e9brations en famille et entre amis.<\/p>\n<\/p>\n<ul>\n<li><b>Barbe \u00e0 papa naturelle faite maison<\/b><\/li>\n<li><b>Design moderne, l\u00e9ger et compact<\/b><\/li>\n<li><b>Cuill\u00e8re \u00e0 mesurer et 10 b\u00e2tons de bambou<\/b><\/li>\n<li>Bouton unique de marche\/arr\u00eat<\/li>\n<li><b>Enti\u00e8rement d\u00e9tachable, facile \u00e0 nettoyer<\/b><\/li>\n<li>Facile \u00e0 utiliser, mode d\u2019emploi et de montage<\/li>\n<li>Un divertissement familial, adapt\u00e9 aux enfants et aux adultes<\/li>\n<li><b>Id\u00e9al pour les f\u00eates d\u2019enfants et les c\u00e9l\u00e9brations<\/b><\/li>\n<li>Alimentation<br \/>\n\u00e9lectrique<\/li>\n<\/ul>\n<p>Cette <b>machine<br \/>\n\u00e0 barbe \u00e0 papa<\/b> est tr\u00e8s facile \u00e0 utiliser. Suivez simplement les<br \/>\ninstructions \u00e9tape par \u00e9tape figurant dans le mode d\u2019emploi pour pr\u00e9parer de<br \/>\nd\u00e9licieuses barbes \u00e0 papa en quelques minutes seulement. De plus, son design<br \/>\ncompact et d\u00e9tachable permet un nettoyage et un rangement faciles.<\/p>\n<p>Un ensemble<br \/>\ncomplet avec tout ce dont vous avez besoin, y compris une cuill\u00e8re \u00e0 mesurer<br \/>\npour verser la bonne quantit\u00e9 de sucre et 10 b\u00e2tons de bambou pour<br \/>\naccrocher la barbe \u00e0 papa.<\/p>\n<\/p>\n<ul>\n<li>Mat\u00e9riel:\n<ul>\n<li>PP<\/li>\n<li>ABS<\/li>\n<li>Acier inoxydable<\/li>\n<\/ul>\n<\/li>\n<li>Couleur: Rouge<\/li>\n<li>Type: \u00c9lectrique<\/li>\n<li>Design moderne: Novateur et pratique<\/li>\n<li>Caract\u00e9ristiques: Id\u00e9al pour faire un cadeau<\/li>\n<li>Cuill\u00e8re de mesure: x1<\/li>\n<li>B\u00e2tons de bambou: x10<\/li>\n<li>Compact: Occupe peu d&#8217;espace<\/li>\n<li>D\u00e9montable: Facile \u00e0 nettoyer<\/li>\n<li>Un seul Bouton: Bouton on\/off<\/li>\n<li>Facilit\u00e9 d&#8217;utilisation: Utilisation pratique et simple<\/li>\n<li>Inclut:\n<ul>\n<li>Mode d&#8217;emploi<\/li>\n<li>Instructions de montage<\/li>\n<\/ul>\n<\/li>\n<li>L\u00e9ger et maniable: Facile \u00e0 transporter et \u00e0 ranger<\/li>\n<li>Id\u00e9al pour enfants et adultes: Id\u00e9al pour les f\u00eates, les r\u00e9unions, les c\u00e9l\u00e9brations, etc.<\/li>\n<li>Type de prise: F<\/li>\n<li>Longueur du c\u00e2ble: 120 cm<\/li>\n<li>puissance: 450 W<\/li>\n<li>Fr\u00e9quence: 50 Hz<\/li>\n<li>Tension d&#8217;entr\u00e9e AC: 220-240 V<\/li>\n<li>Dimensions approx.: \u00d825,5 x 15 cm<\/li>\n<li>Packaging et manuel en 24 langues: anglais, fran\u00e7ais, espagnol, allemand, italien, portugais, n\u00e9erlandais, polonais, hongrois, roumain, danois, su\u00e9dois, finnois, lituanien, norv\u00e9gien, slov\u00e8ne, grec, tch\u00e8que, bulgare, croate, slovaque, estonien, russe, letton<\/li>\n<\/ul>\n<p>Packaging et manuel en 24 langues: anglais, fran\u00e7ais, espagnol, allemand, italien, portugais, n\u00e9erlandais, polonais, hongrois, roumain, danois, su\u00e9dois, finnois, lituanien, norv\u00e9gien, slov\u00e8ne, grec, tch\u00e8que, bulgare, croate, slovaque, estonien, russe, letton.<\/p><\/div>\n<div class=\"col-md-6\">\n<div class=\"embed-responsive embed-responsive-16by9\"><iframe class=\"embed-responsive-item\" src=\"https:\/\/www.youtube.com\/embed\/LPbx7OSNqKs\" frameborder=\"0\" allowfullscreen><\/iframe><\/div>\n<\/div>","protected":false},"excerpt":{"rendered":"<p>InnovaGoods vient vous aider \u00e0 cuisiner facilement et de mani\u00e8re amusante en vous offrant les meilleures nouveaut\u00e9s pour votre cuisine, comme Machine \u00e0 Barbe \u00e0 Papa Cantty InnovaGoods ! D\u00e9couvrez une vaste gamme de produits de qualit\u00e9 qui se d\u00e9marquent de par leur fonctionnalit\u00e9, leur efficacit\u00e9 et leur design innovant! La machine \u00e0 barbe \u00e0 [&hellip;]<\/p>\n","protected":false},"featured_media":182932,"comment_status":"open","ping_status":"closed","template":"","meta":[],"product_brand":[256],"product_cat":[222,251,63,1834,2357,60,221,252,157,246],"product_tag":[103,55,101,204,208,56],"class_list":{"0":"post-8879","1":"product","2":"type-product","3":"status-publish","4":"has-post-thumbnail","6":"product_brand-brandp_1281","7":"product_cat-accessoires-de-fetes","8":"product_cat-bebes-et-enfants","9":"product_cat-cadeaux-originaux","10":"product_cat-cadeaux-pour-enfants","11":"product_cat-crepieres-et-gaufriers","12":"product_cat-cuisine-gourmet","13":"product_cat-deguisements","14":"product_cat-detente-et-distraction","15":"product_cat-jouets-deguisements","16":"product_cat-patisserie","17":"product_tag-tag_1261","18":"product_tag-tag_926","19":"product_tag-tag_599","20":"product_tag-tag_1283","21":"product_tag-tag_587","22":"product_tag-tag_930","24":"first","25":"instock","26":"taxable","27":"shipping-taxable","28":"purchasable","29":"product-type-simple"},"yoast_head":"<!-- This site is optimized with the Yoast SEO plugin v27.5 - https:\/\/yoast.com\/product\/yoast-seo-wordpress\/ -->\n<title>Machine \u00e0 Barbe \u00e0 Papa Cantty InnovaGoods - Tupique<\/title>\n<meta name=\"robots\" content=\"index, follow, max-snippet:-1, max-image-preview:large, max-video-preview:-1\" \/>\n<link rel=\"canonical\" href=\"https:\/\/tupique.com\/pt\/product\/candy-floss-machine-cantty-innovagoods\/\" \/>\n<meta property=\"og:locale\" content=\"pt_PT\" \/>\n<meta property=\"og:type\" content=\"article\" \/>\n<meta property=\"og:title\" content=\"Machine \u00e0 Barbe \u00e0 Papa Cantty InnovaGoods - Tupique\" \/>\n<meta property=\"og:description\" content=\"InnovaGoods vient vous aider \u00e0 cuisiner facilement et de mani\u00e8re amusante en vous offrant les meilleures nouveaut\u00e9s pour votre cuisine, comme Machine \u00e0 Barbe \u00e0 Papa Cantty InnovaGoods ! D\u00e9couvrez une vaste gamme de produits de qualit\u00e9 qui se d\u00e9marquent de par leur fonctionnalit\u00e9, leur efficacit\u00e9 et leur design innovant! La machine \u00e0 barbe \u00e0 [&hellip;]\" \/>\n<meta property=\"og:url\" content=\"https:\/\/tupique.com\/pt\/product\/candy-floss-machine-cantty-innovagoods\/\" \/>\n<meta property=\"og:site_name\" content=\"Tupique\" \/>\n<meta property=\"article:modified_time\" content=\"2026-05-11T19:23:48+00:00\" \/>\n<meta name=\"twitter:card\" content=\"summary_large_image\" \/>\n<meta name=\"twitter:label1\" content=\"Tempo estimado de leitura\" \/>\n\t<meta name=\"twitter:data1\" content=\"2 minutos\" \/>\n<script type=\"application\/ld+json\" class=\"yoast-schema-graph\">{\"@context\":\"https:\\\/\\\/schema.org\",\"@graph\":[{\"@type\":\"WebPage\",\"@id\":\"https:\\\/\\\/tupique.com\\\/product\\\/candy-floss-machine-cantty-innovagoods\\\/\",\"url\":\"https:\\\/\\\/tupique.com\\\/product\\\/candy-floss-machine-cantty-innovagoods\\\/\",\"name\":\"Machine \u00e0 Barbe \u00e0 Papa Cantty InnovaGoods - Tupique\",\"isPartOf\":{\"@id\":\"https:\\\/\\\/tupique.com\\\/#website\"},\"primaryImageOfPage\":{\"@id\":\"https:\\\/\\\/tupique.com\\\/product\\\/candy-floss-machine-cantty-innovagoods\\\/#primaryimage\"},\"image\":{\"@id\":\"https:\\\/\\\/tupique.com\\\/product\\\/candy-floss-machine-cantty-innovagoods\\\/#primaryimage\"},\"thumbnailUrl\":\"https:\\\/\\\/tupique.com\\\/wp-content\\\/uploads\\\/2026\\\/05\\\/V0103610_000_MKT6.jpg\",\"datePublished\":\"2026-03-27T20:06:39+00:00\",\"dateModified\":\"2026-05-11T19:23:48+00:00\",\"breadcrumb\":{\"@id\":\"https:\\\/\\\/tupique.com\\\/product\\\/candy-floss-machine-cantty-innovagoods\\\/#breadcrumb\"},\"inLanguage\":\"pt-PT\",\"potentialAction\":[{\"@type\":\"ReadAction\",\"target\":[\"https:\\\/\\\/tupique.com\\\/product\\\/candy-floss-machine-cantty-innovagoods\\\/\"]}]},{\"@type\":\"ImageObject\",\"inLanguage\":\"pt-PT\",\"@id\":\"https:\\\/\\\/tupique.com\\\/product\\\/candy-floss-machine-cantty-innovagoods\\\/#primaryimage\",\"url\":\"https:\\\/\\\/tupique.com\\\/wp-content\\\/uploads\\\/2026\\\/05\\\/V0103610_000_MKT6.jpg\",\"contentUrl\":\"https:\\\/\\\/tupique.com\\\/wp-content\\\/uploads\\\/2026\\\/05\\\/V0103610_000_MKT6.jpg\",\"width\":1200,\"height\":1200,\"caption\":\"V0103610_0\"},{\"@type\":\"BreadcrumbList\",\"@id\":\"https:\\\/\\\/tupique.com\\\/product\\\/candy-floss-machine-cantty-innovagoods\\\/#breadcrumb\",\"itemListElement\":[{\"@type\":\"ListItem\",\"position\":1,\"name\":\"commencer\",\"item\":\"https:\\\/\\\/tupique.com\\\/\"},{\"@type\":\"ListItem\",\"position\":2,\"name\":\"Loja\",\"item\":\"https:\\\/\\\/tupique.com\\\/loja\\\/\"},{\"@type\":\"ListItem\",\"position\":3,\"name\":\"Machine \u00e0 Barbe \u00e0 Papa Cantty InnovaGoods\"}]},{\"@type\":\"WebSite\",\"@id\":\"https:\\\/\\\/tupique.com\\\/#website\",\"url\":\"https:\\\/\\\/tupique.com\\\/\",\"name\":\"Tupique\",\"description\":\"\",\"publisher\":{\"@id\":\"https:\\\/\\\/tupique.com\\\/#organization\"},\"potentialAction\":[{\"@type\":\"SearchAction\",\"target\":{\"@type\":\"EntryPoint\",\"urlTemplate\":\"https:\\\/\\\/tupique.com\\\/?s={search_term_string}\"},\"query-input\":{\"@type\":\"PropertyValueSpecification\",\"valueRequired\":true,\"valueName\":\"search_term_string\"}}],\"inLanguage\":\"pt-PT\"},{\"@type\":\"Organization\",\"@id\":\"https:\\\/\\\/tupique.com\\\/#organization\",\"name\":\"Tupique\",\"url\":\"https:\\\/\\\/tupique.com\\\/\",\"logo\":{\"@type\":\"ImageObject\",\"inLanguage\":\"pt-PT\",\"@id\":\"https:\\\/\\\/tupique.com\\\/#\\\/schema\\\/logo\\\/image\\\/\",\"url\":\"https:\\\/\\\/tupique.com\\\/wp-content\\\/uploads\\\/2026\\\/03\\\/logo-tupique-1.webp\",\"contentUrl\":\"https:\\\/\\\/tupique.com\\\/wp-content\\\/uploads\\\/2026\\\/03\\\/logo-tupique-1.webp\",\"width\":500,\"height\":67,\"caption\":\"Tupique\"},\"image\":{\"@id\":\"https:\\\/\\\/tupique.com\\\/#\\\/schema\\\/logo\\\/image\\\/\"}}]}<\/script>\n<!-- \/ Yoast SEO plugin. -->","yoast_head_json":{"title":"Machine \u00e0 Barbe \u00e0 Papa Cantty InnovaGoods - Tupique","robots":{"index":"index","follow":"follow","max-snippet":"max-snippet:-1","max-image-preview":"max-image-preview:large","max-video-preview":"max-video-preview:-1"},"canonical":"https:\/\/tupique.com\/pt\/product\/candy-floss-machine-cantty-innovagoods\/","og_locale":"pt_PT","og_type":"article","og_title":"Machine \u00e0 Barbe \u00e0 Papa Cantty InnovaGoods - Tupique","og_description":"InnovaGoods vient vous aider \u00e0 cuisiner facilement et de mani\u00e8re amusante en vous offrant les meilleures nouveaut\u00e9s pour votre cuisine, comme Machine \u00e0 Barbe \u00e0 Papa Cantty InnovaGoods ! D\u00e9couvrez une vaste gamme de produits de qualit\u00e9 qui se d\u00e9marquent de par leur fonctionnalit\u00e9, leur efficacit\u00e9 et leur design innovant! La machine \u00e0 barbe \u00e0 [&hellip;]","og_url":"https:\/\/tupique.com\/pt\/product\/candy-floss-machine-cantty-innovagoods\/","og_site_name":"Tupique","article_modified_time":"2026-05-11T19:23:48+00:00","twitter_card":"summary_large_image","twitter_misc":{"Tempo estimado de leitura":"2 minutos"},"schema":{"@context":"https:\/\/schema.org","@graph":[{"@type":"WebPage","@id":"https:\/\/tupique.com\/product\/candy-floss-machine-cantty-innovagoods\/","url":"https:\/\/tupique.com\/product\/candy-floss-machine-cantty-innovagoods\/","name":"Machine \u00e0 Barbe \u00e0 Papa Cantty InnovaGoods - Tupique","isPartOf":{"@id":"https:\/\/tupique.com\/#website"},"primaryImageOfPage":{"@id":"https:\/\/tupique.com\/product\/candy-floss-machine-cantty-innovagoods\/#primaryimage"},"image":{"@id":"https:\/\/tupique.com\/product\/candy-floss-machine-cantty-innovagoods\/#primaryimage"},"thumbnailUrl":"https:\/\/tupique.com\/wp-content\/uploads\/2026\/05\/V0103610_000_MKT6.jpg","datePublished":"2026-03-27T20:06:39+00:00","dateModified":"2026-05-11T19:23:48+00:00","breadcrumb":{"@id":"https:\/\/tupique.com\/product\/candy-floss-machine-cantty-innovagoods\/#breadcrumb"},"inLanguage":"pt-PT","potentialAction":[{"@type":"ReadAction","target":["https:\/\/tupique.com\/product\/candy-floss-machine-cantty-innovagoods\/"]}]},{"@type":"ImageObject","inLanguage":"pt-PT","@id":"https:\/\/tupique.com\/product\/candy-floss-machine-cantty-innovagoods\/#primaryimage","url":"https:\/\/tupique.com\/wp-content\/uploads\/2026\/05\/V0103610_000_MKT6.jpg","contentUrl":"https:\/\/tupique.com\/wp-content\/uploads\/2026\/05\/V0103610_000_MKT6.jpg","width":1200,"height":1200,"caption":"V0103610_0"},{"@type":"BreadcrumbList","@id":"https:\/\/tupique.com\/product\/candy-floss-machine-cantty-innovagoods\/#breadcrumb","itemListElement":[{"@type":"ListItem","position":1,"name":"commencer","item":"https:\/\/tupique.com\/"},{"@type":"ListItem","position":2,"name":"Loja","item":"https:\/\/tupique.com\/loja\/"},{"@type":"ListItem","position":3,"name":"Machine \u00e0 Barbe \u00e0 Papa Cantty InnovaGoods"}]},{"@type":"WebSite","@id":"https:\/\/tupique.com\/#website","url":"https:\/\/tupique.com\/","name":"Tupique","description":"","publisher":{"@id":"https:\/\/tupique.com\/#organization"},"potentialAction":[{"@type":"SearchAction","target":{"@type":"EntryPoint","urlTemplate":"https:\/\/tupique.com\/?s={search_term_string}"},"query-input":{"@type":"PropertyValueSpecification","valueRequired":true,"valueName":"search_term_string"}}],"inLanguage":"pt-PT"},{"@type":"Organization","@id":"https:\/\/tupique.com\/#organization","name":"Tupique","url":"https:\/\/tupique.com\/","logo":{"@type":"ImageObject","inLanguage":"pt-PT","@id":"https:\/\/tupique.com\/#\/schema\/logo\/image\/","url":"https:\/\/tupique.com\/wp-content\/uploads\/2026\/03\/logo-tupique-1.webp","contentUrl":"https:\/\/tupique.com\/wp-content\/uploads\/2026\/03\/logo-tupique-1.webp","width":500,"height":67,"caption":"Tupique"},"image":{"@id":"https:\/\/tupique.com\/#\/schema\/logo\/image\/"}}]}},"_links":{"self":[{"href":"https:\/\/tupique.com\/pt\/wp-json\/wp\/v2\/product\/8879","targetHints":{"allow":["GET"]}}],"collection":[{"href":"https:\/\/tupique.com\/pt\/wp-json\/wp\/v2\/product"}],"about":[{"href":"https:\/\/tupique.com\/pt\/wp-json\/wp\/v2\/types\/product"}],"replies":[{"embeddable":true,"href":"https:\/\/tupique.com\/pt\/wp-json\/wp\/v2\/comments?post=8879"}],"wp:featuredmedia":[{"embeddable":true,"href":"https:\/\/tupique.com\/pt\/wp-json\/wp\/v2\/media\/182932"}],"wp:attachment":[{"href":"https:\/\/tupique.com\/pt\/wp-json\/wp\/v2\/media?parent=8879"}],"wp:term":[{"taxonomy":"product_brand","embeddable":true,"href":"https:\/\/tupique.com\/pt\/wp-json\/wp\/v2\/product_brand?post=8879"},{"taxonomy":"product_cat","embeddable":true,"href":"https:\/\/tupique.com\/pt\/wp-json\/wp\/v2\/product_cat?post=8879"},{"taxonomy":"product_tag","embeddable":true,"href":"https:\/\/tupique.com\/pt\/wp-json\/wp\/v2\/product_tag?post=8879"}],"curies":[{"name":"wp","href":"https:\/\/api.w.org\/{rel}","templated":true}]}}