{"id":8901,"date":"2026-03-27T22:07:06","date_gmt":"2026-03-27T20:07:06","guid":{"rendered":"https:\/\/bigbuy.tupique.com\/produto\/thermos-with-dispenser-stopper-excellent-houseware-silver-1-l\/"},"modified":"2026-05-11T21:23:26","modified_gmt":"2026-05-11T19:23:26","slug":"thermos-with-dispenser-stopper-excellent-houseware-silver-1-l","status":"publish","type":"product","link":"https:\/\/tupique.com\/pt\/product\/thermos-with-dispenser-stopper-excellent-houseware-silver-1-l\/","title":{"rendered":"Thermos avec bouchon verseur Excellent Houseware Argent\u00e9 1 L"},"content":{"rendered":"<p>Si vous aimez prendre soin de chaque d\u00e9tail de votre maison et d&#8217;\u00eatre \u00e0 la derni\u00e8re mode en mati\u00e8re de produits qui vous rendront la vie plus facile, achetez <b>Thermos avec bouchon verseur Excellent Houseware Argent\u00e9 1 L<\/b> au meilleur prix.<\/p>\n<ul>\n<li>Type: Thermos avec bouchon verseur<\/li>\n<li>Couleur: Argent\u00e9<\/li>\n<li>Mati\u00e8re:\n<ul>\n<li>Acier inoxydable<\/li>\n<li>M\u00e9tal<\/li>\n<\/ul>\n<\/li>\n<li>Design: Chrome<\/li>\n<li>Capacit\u00e9: 1 L<\/li>\n<\/ul>","protected":false},"excerpt":{"rendered":"<p><span class=\"unit-info\">25.9900 &euro; \/ 1 l<\/span><\/p>","protected":false},"featured_media":183211,"comment_status":"open","ping_status":"closed","template":"","meta":[],"product_brand":[284],"product_cat":[60,2356,216],"product_tag":[104],"woo-feed-brand":[],"class_list":{"0":"post-8901","1":"product","2":"type-product","3":"status-publish","4":"has-post-thumbnail","6":"product_brand-brandp_6266","7":"product_cat-cuisine-gourmet","8":"product_cat-tasses-et-thermos","9":"product_cat-ustensile","10":"product_tag-tag_1279","12":"first","13":"instock","14":"taxable","15":"shipping-taxable","16":"purchasable","17":"product-type-simple"},"yoast_head":"<!-- This site is optimized with the Yoast SEO plugin v27.6 - https:\/\/yoast.com\/product\/yoast-seo-wordpress\/ -->\n<title>Thermos avec bouchon verseur Excellent Houseware Argent\u00e9 1 L | | Tupique<\/title>\n<meta name=\"description\" content=\"Envie d&#039;acheter Thermos avec bouchon verseur Excellent Houseware Argent\u00e9 1 L\u00a0? Achetez Thermos avec bouchon verseur Excellent Houseware Argent\u00e9 1 L maintenant avec Tupique en 3 versements sans int\u00e9r\u00eat.\" \/>\n<meta name=\"robots\" content=\"index, follow, max-snippet:-1, max-image-preview:large, max-video-preview:-1\" \/>\n<link rel=\"canonical\" href=\"https:\/\/tupique.com\/pt\/product\/thermos-with-dispenser-stopper-excellent-houseware-silver-1-l\/\" \/>\n<meta property=\"og:locale\" content=\"pt_PT\" \/>\n<meta property=\"og:type\" content=\"article\" \/>\n<meta property=\"og:title\" content=\"Thermos avec bouchon verseur Excellent Houseware Argent\u00e9 1 L | | Tupique\" \/>\n<meta property=\"og:description\" content=\"Envie d&#039;acheter Thermos avec bouchon verseur Excellent Houseware Argent\u00e9 1 L\u00a0? Achetez Thermos avec bouchon verseur Excellent Houseware Argent\u00e9 1 L maintenant avec Tupique en 3 versements sans int\u00e9r\u00eat.\" \/>\n<meta property=\"og:url\" content=\"https:\/\/tupique.com\/pt\/product\/thermos-with-dispenser-stopper-excellent-houseware-silver-1-l\/\" \/>\n<meta property=\"og:site_name\" content=\"Tupique\" \/>\n<meta property=\"article:modified_time\" content=\"2026-05-11T19:23:26+00:00\" \/>\n<meta property=\"og:image\" content=\"https:\/\/tupique.com\/wp-content\/uploads\/2026\/05\/8711295925955_00_WBG3.jpg\" \/>\n\t<meta property=\"og:image:width\" content=\"1200\" \/>\n\t<meta property=\"og:image:height\" content=\"1200\" \/>\n\t<meta property=\"og:image:type\" content=\"image\/jpeg\" \/>\n<meta name=\"twitter:card\" content=\"summary_large_image\" \/>\n<script type=\"application\/ld+json\" class=\"yoast-schema-graph\">{\"@context\":\"https:\\\/\\\/schema.org\",\"@graph\":[{\"@type\":\"WebPage\",\"@id\":\"https:\\\/\\\/tupique.com\\\/pt\\\/product\\\/thermos-with-dispenser-stopper-excellent-houseware-silver-1-l\\\/\",\"url\":\"https:\\\/\\\/tupique.com\\\/pt\\\/product\\\/thermos-with-dispenser-stopper-excellent-houseware-silver-1-l\\\/\",\"name\":\"Thermos avec bouchon verseur Excellent Houseware Argent\u00e9 1 L | | Tupique\",\"isPartOf\":{\"@id\":\"https:\\\/\\\/tupique.com\\\/#website\"},\"primaryImageOfPage\":{\"@id\":\"https:\\\/\\\/tupique.com\\\/pt\\\/product\\\/thermos-with-dispenser-stopper-excellent-houseware-silver-1-l\\\/#primaryimage\"},\"image\":{\"@id\":\"https:\\\/\\\/tupique.com\\\/pt\\\/product\\\/thermos-with-dispenser-stopper-excellent-houseware-silver-1-l\\\/#primaryimage\"},\"thumbnailUrl\":\"https:\\\/\\\/tupique.com\\\/wp-content\\\/uploads\\\/2026\\\/05\\\/8711295925955_00_WBG3.jpg\",\"datePublished\":\"2026-03-27T20:07:06+00:00\",\"dateModified\":\"2026-05-11T19:23:26+00:00\",\"description\":\"Envie d'acheter Thermos avec bouchon verseur Excellent Houseware Argent\u00e9 1 L\u00a0? Achetez Thermos avec bouchon verseur Excellent Houseware Argent\u00e9 1 L maintenant avec Tupique en 3 versements sans int\u00e9r\u00eat.\",\"breadcrumb\":{\"@id\":\"https:\\\/\\\/tupique.com\\\/pt\\\/product\\\/thermos-with-dispenser-stopper-excellent-houseware-silver-1-l\\\/#breadcrumb\"},\"inLanguage\":\"pt-PT\",\"potentialAction\":[{\"@type\":\"ReadAction\",\"target\":[\"https:\\\/\\\/tupique.com\\\/pt\\\/product\\\/thermos-with-dispenser-stopper-excellent-houseware-silver-1-l\\\/\"]}]},{\"@type\":\"ImageObject\",\"inLanguage\":\"pt-PT\",\"@id\":\"https:\\\/\\\/tupique.com\\\/pt\\\/product\\\/thermos-with-dispenser-stopper-excellent-houseware-silver-1-l\\\/#primaryimage\",\"url\":\"https:\\\/\\\/tupique.com\\\/wp-content\\\/uploads\\\/2026\\\/05\\\/8711295925955_00_WBG3.jpg\",\"contentUrl\":\"https:\\\/\\\/tupique.com\\\/wp-content\\\/uploads\\\/2026\\\/05\\\/8711295925955_00_WBG3.jpg\",\"width\":1200,\"height\":1200,\"caption\":\"S7916604_0\"},{\"@type\":\"BreadcrumbList\",\"@id\":\"https:\\\/\\\/tupique.com\\\/pt\\\/product\\\/thermos-with-dispenser-stopper-excellent-houseware-silver-1-l\\\/#breadcrumb\",\"itemListElement\":[{\"@type\":\"ListItem\",\"position\":1,\"name\":\"commencer\",\"item\":\"https:\\\/\\\/tupique.com\\\/\"},{\"@type\":\"ListItem\",\"position\":2,\"name\":\"Loja\",\"item\":\"https:\\\/\\\/tupique.com\\\/pt\\\/loja\\\/\"},{\"@type\":\"ListItem\",\"position\":3,\"name\":\"Thermos avec bouchon verseur Excellent Houseware Argent\u00e9 1 L\"}]},{\"@type\":\"WebSite\",\"@id\":\"https:\\\/\\\/tupique.com\\\/#website\",\"url\":\"https:\\\/\\\/tupique.com\\\/\",\"name\":\"Tupique\",\"description\":\"\",\"publisher\":{\"@id\":\"https:\\\/\\\/tupique.com\\\/#organization\"},\"potentialAction\":[{\"@type\":\"SearchAction\",\"target\":{\"@type\":\"EntryPoint\",\"urlTemplate\":\"https:\\\/\\\/tupique.com\\\/?s={search_term_string}\"},\"query-input\":{\"@type\":\"PropertyValueSpecification\",\"valueRequired\":true,\"valueName\":\"search_term_string\"}}],\"inLanguage\":\"pt-PT\"},{\"@type\":\"Organization\",\"@id\":\"https:\\\/\\\/tupique.com\\\/#organization\",\"name\":\"Tupique\",\"url\":\"https:\\\/\\\/tupique.com\\\/\",\"logo\":{\"@type\":\"ImageObject\",\"inLanguage\":\"pt-PT\",\"@id\":\"https:\\\/\\\/tupique.com\\\/#\\\/schema\\\/logo\\\/image\\\/\",\"url\":\"https:\\\/\\\/tupique.com\\\/wp-content\\\/uploads\\\/2026\\\/03\\\/logo-tupique-1.webp\",\"contentUrl\":\"https:\\\/\\\/tupique.com\\\/wp-content\\\/uploads\\\/2026\\\/03\\\/logo-tupique-1.webp\",\"width\":500,\"height\":67,\"caption\":\"Tupique\"},\"image\":{\"@id\":\"https:\\\/\\\/tupique.com\\\/#\\\/schema\\\/logo\\\/image\\\/\"}}]}<\/script>\n<!-- \/ Yoast SEO plugin. -->","yoast_head_json":{"title":"Thermos avec bouchon verseur Excellent Houseware Argent\u00e9 1 L | | Tupique","description":"Envie d'acheter Thermos avec bouchon verseur Excellent Houseware Argent\u00e9 1 L\u00a0? Achetez Thermos avec bouchon verseur Excellent Houseware Argent\u00e9 1 L maintenant avec Tupique en 3 versements sans int\u00e9r\u00eat.","robots":{"index":"index","follow":"follow","max-snippet":"max-snippet:-1","max-image-preview":"max-image-preview:large","max-video-preview":"max-video-preview:-1"},"canonical":"https:\/\/tupique.com\/pt\/product\/thermos-with-dispenser-stopper-excellent-houseware-silver-1-l\/","og_locale":"pt_PT","og_type":"article","og_title":"Thermos avec bouchon verseur Excellent Houseware Argent\u00e9 1 L | | Tupique","og_description":"Envie d'acheter Thermos avec bouchon verseur Excellent Houseware Argent\u00e9 1 L\u00a0? Achetez Thermos avec bouchon verseur Excellent Houseware Argent\u00e9 1 L maintenant avec Tupique en 3 versements sans int\u00e9r\u00eat.","og_url":"https:\/\/tupique.com\/pt\/product\/thermos-with-dispenser-stopper-excellent-houseware-silver-1-l\/","og_site_name":"Tupique","article_modified_time":"2026-05-11T19:23:26+00:00","og_image":[{"width":1200,"height":1200,"url":"https:\/\/tupique.com\/wp-content\/uploads\/2026\/05\/8711295925955_00_WBG3.jpg","type":"image\/jpeg"}],"twitter_card":"summary_large_image","schema":{"@context":"https:\/\/schema.org","@graph":[{"@type":"WebPage","@id":"https:\/\/tupique.com\/pt\/product\/thermos-with-dispenser-stopper-excellent-houseware-silver-1-l\/","url":"https:\/\/tupique.com\/pt\/product\/thermos-with-dispenser-stopper-excellent-houseware-silver-1-l\/","name":"Thermos avec bouchon verseur Excellent Houseware Argent\u00e9 1 L | | Tupique","isPartOf":{"@id":"https:\/\/tupique.com\/#website"},"primaryImageOfPage":{"@id":"https:\/\/tupique.com\/pt\/product\/thermos-with-dispenser-stopper-excellent-houseware-silver-1-l\/#primaryimage"},"image":{"@id":"https:\/\/tupique.com\/pt\/product\/thermos-with-dispenser-stopper-excellent-houseware-silver-1-l\/#primaryimage"},"thumbnailUrl":"https:\/\/tupique.com\/wp-content\/uploads\/2026\/05\/8711295925955_00_WBG3.jpg","datePublished":"2026-03-27T20:07:06+00:00","dateModified":"2026-05-11T19:23:26+00:00","description":"Envie d'acheter Thermos avec bouchon verseur Excellent Houseware Argent\u00e9 1 L\u00a0? Achetez Thermos avec bouchon verseur Excellent Houseware Argent\u00e9 1 L maintenant avec Tupique en 3 versements sans int\u00e9r\u00eat.","breadcrumb":{"@id":"https:\/\/tupique.com\/pt\/product\/thermos-with-dispenser-stopper-excellent-houseware-silver-1-l\/#breadcrumb"},"inLanguage":"pt-PT","potentialAction":[{"@type":"ReadAction","target":["https:\/\/tupique.com\/pt\/product\/thermos-with-dispenser-stopper-excellent-houseware-silver-1-l\/"]}]},{"@type":"ImageObject","inLanguage":"pt-PT","@id":"https:\/\/tupique.com\/pt\/product\/thermos-with-dispenser-stopper-excellent-houseware-silver-1-l\/#primaryimage","url":"https:\/\/tupique.com\/wp-content\/uploads\/2026\/05\/8711295925955_00_WBG3.jpg","contentUrl":"https:\/\/tupique.com\/wp-content\/uploads\/2026\/05\/8711295925955_00_WBG3.jpg","width":1200,"height":1200,"caption":"S7916604_0"},{"@type":"BreadcrumbList","@id":"https:\/\/tupique.com\/pt\/product\/thermos-with-dispenser-stopper-excellent-houseware-silver-1-l\/#breadcrumb","itemListElement":[{"@type":"ListItem","position":1,"name":"commencer","item":"https:\/\/tupique.com\/"},{"@type":"ListItem","position":2,"name":"Loja","item":"https:\/\/tupique.com\/pt\/loja\/"},{"@type":"ListItem","position":3,"name":"Thermos avec bouchon verseur Excellent Houseware Argent\u00e9 1 L"}]},{"@type":"WebSite","@id":"https:\/\/tupique.com\/#website","url":"https:\/\/tupique.com\/","name":"Tupique","description":"","publisher":{"@id":"https:\/\/tupique.com\/#organization"},"potentialAction":[{"@type":"SearchAction","target":{"@type":"EntryPoint","urlTemplate":"https:\/\/tupique.com\/?s={search_term_string}"},"query-input":{"@type":"PropertyValueSpecification","valueRequired":true,"valueName":"search_term_string"}}],"inLanguage":"pt-PT"},{"@type":"Organization","@id":"https:\/\/tupique.com\/#organization","name":"Tupique","url":"https:\/\/tupique.com\/","logo":{"@type":"ImageObject","inLanguage":"pt-PT","@id":"https:\/\/tupique.com\/#\/schema\/logo\/image\/","url":"https:\/\/tupique.com\/wp-content\/uploads\/2026\/03\/logo-tupique-1.webp","contentUrl":"https:\/\/tupique.com\/wp-content\/uploads\/2026\/03\/logo-tupique-1.webp","width":500,"height":67,"caption":"Tupique"},"image":{"@id":"https:\/\/tupique.com\/#\/schema\/logo\/image\/"}}]}},"_links":{"self":[{"href":"https:\/\/tupique.com\/pt\/wp-json\/wp\/v2\/product\/8901","targetHints":{"allow":["GET"]}}],"collection":[{"href":"https:\/\/tupique.com\/pt\/wp-json\/wp\/v2\/product"}],"about":[{"href":"https:\/\/tupique.com\/pt\/wp-json\/wp\/v2\/types\/product"}],"replies":[{"embeddable":true,"href":"https:\/\/tupique.com\/pt\/wp-json\/wp\/v2\/comments?post=8901"}],"wp:featuredmedia":[{"embeddable":true,"href":"https:\/\/tupique.com\/pt\/wp-json\/wp\/v2\/media\/183211"}],"wp:attachment":[{"href":"https:\/\/tupique.com\/pt\/wp-json\/wp\/v2\/media?parent=8901"}],"wp:term":[{"taxonomy":"product_brand","embeddable":true,"href":"https:\/\/tupique.com\/pt\/wp-json\/wp\/v2\/product_brand?post=8901"},{"taxonomy":"product_cat","embeddable":true,"href":"https:\/\/tupique.com\/pt\/wp-json\/wp\/v2\/product_cat?post=8901"},{"taxonomy":"product_tag","embeddable":true,"href":"https:\/\/tupique.com\/pt\/wp-json\/wp\/v2\/product_tag?post=8901"},{"taxonomy":"woo-feed-brand","embeddable":true,"href":"https:\/\/tupique.com\/pt\/wp-json\/wp\/v2\/woo-feed-brand?post=8901"}],"curies":[{"name":"wp","href":"https:\/\/api.w.org\/{rel}","templated":true}]}}