{"id":8921,"date":"2026-03-27T22:07:33","date_gmt":"2026-03-27T20:07:33","guid":{"rendered":"https:\/\/bigbuy.tupique.com\/produto\/cleaning-brush-dkd-home-decor-natural-bamboo-pe\/"},"modified":"2026-05-11T21:17:55","modified_gmt":"2026-05-11T19:17:55","slug":"cleaning-brush-dkd-home-decor-natural-bamboo-pe","status":"publish","type":"product","link":"https:\/\/tupique.com\/pt\/product\/cleaning-brush-dkd-home-decor-natural-bamboo-pe\/","title":{"rendered":"Brosse de Nettoyage DKD Home Decor Naturel Bambou PE"},"content":{"rendered":"<p>Si vous aimez prendre soin de chaque d\u00e9tail de votre maiosn et d&#8217;\u00eatre \u00e0 la derni\u00e8re mode en mati\u00e8re de produits qui vous rendront la vie plus facile, achetez <b>Brosse de Nettoyage DKD Home Decor Naturel Bambou PE<\/b> au meilleur prix.<\/p>\n<ul>\n<li>Mat\u00e9riel:\n<ul>\n<li>Bambou<\/li>\n<li>PE<\/li>\n<\/ul>\n<\/li>\n<li>Couleur: Naturel<\/li>\n<\/ul>","protected":false},"excerpt":{"rendered":"<p>Si vous aimez prendre soin de chaque d\u00e9tail de votre maiosn et d&#8217;\u00eatre \u00e0 la derni\u00e8re mode en mati\u00e8re de produits qui vous rendront la vie plus facile, achetez Brosse de Nettoyage DKD Home Decor Naturel Bambou PE au meilleur prix. Mat\u00e9riel: Bambou PE Couleur: Naturel<\/p>","protected":false},"featured_media":183306,"comment_status":"open","ping_status":"closed","template":"","meta":[],"product_brand":[263],"product_cat":[225,60,224],"product_tag":[210],"class_list":{"0":"post-8921","1":"product","2":"type-product","3":"status-publish","4":"has-post-thumbnail","6":"product_brand-brandp_3770","7":"product_cat-autres-accessoires-et-ustensiles-de-cuisine","8":"product_cat-cuisine-gourmet","9":"product_cat-ustensiles-et-accessoires-de-cuisine","10":"product_tag-tag_25","12":"first","13":"instock","14":"taxable","15":"shipping-taxable","16":"purchasable","17":"product-type-simple"},"yoast_head":"<!-- This site is optimized with the Yoast SEO plugin v27.5 - https:\/\/yoast.com\/product\/yoast-seo-wordpress\/ -->\n<title>Brosse de Nettoyage DKD Home Decor Naturel Bambou PE - Tupique<\/title>\n<meta name=\"robots\" content=\"index, follow, max-snippet:-1, max-image-preview:large, max-video-preview:-1\" \/>\n<link rel=\"canonical\" href=\"https:\/\/tupique.com\/pt\/product\/cleaning-brush-dkd-home-decor-natural-bamboo-pe\/\" \/>\n<meta property=\"og:locale\" content=\"pt_PT\" \/>\n<meta property=\"og:type\" content=\"article\" \/>\n<meta property=\"og:title\" content=\"Brosse de Nettoyage DKD Home Decor Naturel Bambou PE - Tupique\" \/>\n<meta property=\"og:description\" content=\"Si vous aimez prendre soin de chaque d\u00e9tail de votre maiosn et d&#8217;\u00eatre \u00e0 la derni\u00e8re mode en mati\u00e8re de produits qui vous rendront la vie plus facile, achetez Brosse de Nettoyage DKD Home Decor Naturel Bambou PE au meilleur prix. Mat\u00e9riel: Bambou PE Couleur: Naturel\" \/>\n<meta property=\"og:url\" content=\"https:\/\/tupique.com\/pt\/product\/cleaning-brush-dkd-home-decor-natural-bamboo-pe\/\" \/>\n<meta property=\"og:site_name\" content=\"Tupique\" \/>\n<meta property=\"article:modified_time\" content=\"2026-05-11T19:17:55+00:00\" \/>\n<meta name=\"twitter:card\" content=\"summary_large_image\" \/>\n<script type=\"application\/ld+json\" class=\"yoast-schema-graph\">{\"@context\":\"https:\\\/\\\/schema.org\",\"@graph\":[{\"@type\":\"WebPage\",\"@id\":\"https:\\\/\\\/tupique.com\\\/product\\\/cleaning-brush-dkd-home-decor-natural-bamboo-pe\\\/\",\"url\":\"https:\\\/\\\/tupique.com\\\/product\\\/cleaning-brush-dkd-home-decor-natural-bamboo-pe\\\/\",\"name\":\"Brosse de Nettoyage DKD Home Decor Naturel Bambou PE - Tupique\",\"isPartOf\":{\"@id\":\"https:\\\/\\\/tupique.com\\\/#website\"},\"primaryImageOfPage\":{\"@id\":\"https:\\\/\\\/tupique.com\\\/product\\\/cleaning-brush-dkd-home-decor-natural-bamboo-pe\\\/#primaryimage\"},\"image\":{\"@id\":\"https:\\\/\\\/tupique.com\\\/product\\\/cleaning-brush-dkd-home-decor-natural-bamboo-pe\\\/#primaryimage\"},\"thumbnailUrl\":\"https:\\\/\\\/tupique.com\\\/wp-content\\\/uploads\\\/2026\\\/05\\\/8424002026677_S3041336_P03.jpg\",\"datePublished\":\"2026-03-27T20:07:33+00:00\",\"dateModified\":\"2026-05-11T19:17:55+00:00\",\"breadcrumb\":{\"@id\":\"https:\\\/\\\/tupique.com\\\/product\\\/cleaning-brush-dkd-home-decor-natural-bamboo-pe\\\/#breadcrumb\"},\"inLanguage\":\"pt-PT\",\"potentialAction\":[{\"@type\":\"ReadAction\",\"target\":[\"https:\\\/\\\/tupique.com\\\/product\\\/cleaning-brush-dkd-home-decor-natural-bamboo-pe\\\/\"]}]},{\"@type\":\"ImageObject\",\"inLanguage\":\"pt-PT\",\"@id\":\"https:\\\/\\\/tupique.com\\\/product\\\/cleaning-brush-dkd-home-decor-natural-bamboo-pe\\\/#primaryimage\",\"url\":\"https:\\\/\\\/tupique.com\\\/wp-content\\\/uploads\\\/2026\\\/05\\\/8424002026677_S3041336_P03.jpg\",\"contentUrl\":\"https:\\\/\\\/tupique.com\\\/wp-content\\\/uploads\\\/2026\\\/05\\\/8424002026677_S3041336_P03.jpg\",\"width\":1200,\"height\":1200,\"caption\":\"S3041336_0\"},{\"@type\":\"BreadcrumbList\",\"@id\":\"https:\\\/\\\/tupique.com\\\/product\\\/cleaning-brush-dkd-home-decor-natural-bamboo-pe\\\/#breadcrumb\",\"itemListElement\":[{\"@type\":\"ListItem\",\"position\":1,\"name\":\"commencer\",\"item\":\"https:\\\/\\\/tupique.com\\\/\"},{\"@type\":\"ListItem\",\"position\":2,\"name\":\"Loja\",\"item\":\"https:\\\/\\\/tupique.com\\\/loja\\\/\"},{\"@type\":\"ListItem\",\"position\":3,\"name\":\"Brosse de Nettoyage DKD Home Decor Naturel Bambou PE\"}]},{\"@type\":\"WebSite\",\"@id\":\"https:\\\/\\\/tupique.com\\\/#website\",\"url\":\"https:\\\/\\\/tupique.com\\\/\",\"name\":\"Tupique\",\"description\":\"\",\"publisher\":{\"@id\":\"https:\\\/\\\/tupique.com\\\/#organization\"},\"potentialAction\":[{\"@type\":\"SearchAction\",\"target\":{\"@type\":\"EntryPoint\",\"urlTemplate\":\"https:\\\/\\\/tupique.com\\\/?s={search_term_string}\"},\"query-input\":{\"@type\":\"PropertyValueSpecification\",\"valueRequired\":true,\"valueName\":\"search_term_string\"}}],\"inLanguage\":\"pt-PT\"},{\"@type\":\"Organization\",\"@id\":\"https:\\\/\\\/tupique.com\\\/#organization\",\"name\":\"Tupique\",\"url\":\"https:\\\/\\\/tupique.com\\\/\",\"logo\":{\"@type\":\"ImageObject\",\"inLanguage\":\"pt-PT\",\"@id\":\"https:\\\/\\\/tupique.com\\\/#\\\/schema\\\/logo\\\/image\\\/\",\"url\":\"https:\\\/\\\/tupique.com\\\/wp-content\\\/uploads\\\/2026\\\/03\\\/logo-tupique-1.webp\",\"contentUrl\":\"https:\\\/\\\/tupique.com\\\/wp-content\\\/uploads\\\/2026\\\/03\\\/logo-tupique-1.webp\",\"width\":500,\"height\":67,\"caption\":\"Tupique\"},\"image\":{\"@id\":\"https:\\\/\\\/tupique.com\\\/#\\\/schema\\\/logo\\\/image\\\/\"}}]}<\/script>\n<!-- \/ Yoast SEO plugin. -->","yoast_head_json":{"title":"Brosse de Nettoyage DKD Home Decor Naturel Bambou PE - Tupique","robots":{"index":"index","follow":"follow","max-snippet":"max-snippet:-1","max-image-preview":"max-image-preview:large","max-video-preview":"max-video-preview:-1"},"canonical":"https:\/\/tupique.com\/pt\/product\/cleaning-brush-dkd-home-decor-natural-bamboo-pe\/","og_locale":"pt_PT","og_type":"article","og_title":"Brosse de Nettoyage DKD Home Decor Naturel Bambou PE - Tupique","og_description":"Si vous aimez prendre soin de chaque d\u00e9tail de votre maiosn et d&#8217;\u00eatre \u00e0 la derni\u00e8re mode en mati\u00e8re de produits qui vous rendront la vie plus facile, achetez Brosse de Nettoyage DKD Home Decor Naturel Bambou PE au meilleur prix. Mat\u00e9riel: Bambou PE Couleur: Naturel","og_url":"https:\/\/tupique.com\/pt\/product\/cleaning-brush-dkd-home-decor-natural-bamboo-pe\/","og_site_name":"Tupique","article_modified_time":"2026-05-11T19:17:55+00:00","twitter_card":"summary_large_image","schema":{"@context":"https:\/\/schema.org","@graph":[{"@type":"WebPage","@id":"https:\/\/tupique.com\/product\/cleaning-brush-dkd-home-decor-natural-bamboo-pe\/","url":"https:\/\/tupique.com\/product\/cleaning-brush-dkd-home-decor-natural-bamboo-pe\/","name":"Brosse de Nettoyage DKD Home Decor Naturel Bambou PE - Tupique","isPartOf":{"@id":"https:\/\/tupique.com\/#website"},"primaryImageOfPage":{"@id":"https:\/\/tupique.com\/product\/cleaning-brush-dkd-home-decor-natural-bamboo-pe\/#primaryimage"},"image":{"@id":"https:\/\/tupique.com\/product\/cleaning-brush-dkd-home-decor-natural-bamboo-pe\/#primaryimage"},"thumbnailUrl":"https:\/\/tupique.com\/wp-content\/uploads\/2026\/05\/8424002026677_S3041336_P03.jpg","datePublished":"2026-03-27T20:07:33+00:00","dateModified":"2026-05-11T19:17:55+00:00","breadcrumb":{"@id":"https:\/\/tupique.com\/product\/cleaning-brush-dkd-home-decor-natural-bamboo-pe\/#breadcrumb"},"inLanguage":"pt-PT","potentialAction":[{"@type":"ReadAction","target":["https:\/\/tupique.com\/product\/cleaning-brush-dkd-home-decor-natural-bamboo-pe\/"]}]},{"@type":"ImageObject","inLanguage":"pt-PT","@id":"https:\/\/tupique.com\/product\/cleaning-brush-dkd-home-decor-natural-bamboo-pe\/#primaryimage","url":"https:\/\/tupique.com\/wp-content\/uploads\/2026\/05\/8424002026677_S3041336_P03.jpg","contentUrl":"https:\/\/tupique.com\/wp-content\/uploads\/2026\/05\/8424002026677_S3041336_P03.jpg","width":1200,"height":1200,"caption":"S3041336_0"},{"@type":"BreadcrumbList","@id":"https:\/\/tupique.com\/product\/cleaning-brush-dkd-home-decor-natural-bamboo-pe\/#breadcrumb","itemListElement":[{"@type":"ListItem","position":1,"name":"commencer","item":"https:\/\/tupique.com\/"},{"@type":"ListItem","position":2,"name":"Loja","item":"https:\/\/tupique.com\/loja\/"},{"@type":"ListItem","position":3,"name":"Brosse de Nettoyage DKD Home Decor Naturel Bambou PE"}]},{"@type":"WebSite","@id":"https:\/\/tupique.com\/#website","url":"https:\/\/tupique.com\/","name":"Tupique","description":"","publisher":{"@id":"https:\/\/tupique.com\/#organization"},"potentialAction":[{"@type":"SearchAction","target":{"@type":"EntryPoint","urlTemplate":"https:\/\/tupique.com\/?s={search_term_string}"},"query-input":{"@type":"PropertyValueSpecification","valueRequired":true,"valueName":"search_term_string"}}],"inLanguage":"pt-PT"},{"@type":"Organization","@id":"https:\/\/tupique.com\/#organization","name":"Tupique","url":"https:\/\/tupique.com\/","logo":{"@type":"ImageObject","inLanguage":"pt-PT","@id":"https:\/\/tupique.com\/#\/schema\/logo\/image\/","url":"https:\/\/tupique.com\/wp-content\/uploads\/2026\/03\/logo-tupique-1.webp","contentUrl":"https:\/\/tupique.com\/wp-content\/uploads\/2026\/03\/logo-tupique-1.webp","width":500,"height":67,"caption":"Tupique"},"image":{"@id":"https:\/\/tupique.com\/#\/schema\/logo\/image\/"}}]}},"_links":{"self":[{"href":"https:\/\/tupique.com\/pt\/wp-json\/wp\/v2\/product\/8921","targetHints":{"allow":["GET"]}}],"collection":[{"href":"https:\/\/tupique.com\/pt\/wp-json\/wp\/v2\/product"}],"about":[{"href":"https:\/\/tupique.com\/pt\/wp-json\/wp\/v2\/types\/product"}],"replies":[{"embeddable":true,"href":"https:\/\/tupique.com\/pt\/wp-json\/wp\/v2\/comments?post=8921"}],"wp:featuredmedia":[{"embeddable":true,"href":"https:\/\/tupique.com\/pt\/wp-json\/wp\/v2\/media\/183306"}],"wp:attachment":[{"href":"https:\/\/tupique.com\/pt\/wp-json\/wp\/v2\/media?parent=8921"}],"wp:term":[{"taxonomy":"product_brand","embeddable":true,"href":"https:\/\/tupique.com\/pt\/wp-json\/wp\/v2\/product_brand?post=8921"},{"taxonomy":"product_cat","embeddable":true,"href":"https:\/\/tupique.com\/pt\/wp-json\/wp\/v2\/product_cat?post=8921"},{"taxonomy":"product_tag","embeddable":true,"href":"https:\/\/tupique.com\/pt\/wp-json\/wp\/v2\/product_tag?post=8921"}],"curies":[{"name":"wp","href":"https:\/\/api.w.org\/{rel}","templated":true}]}}