{"id":8929,"date":"2026-03-27T22:07:43","date_gmt":"2026-03-27T20:07:43","guid":{"rendered":"https:\/\/bigbuy.tupique.com\/produto\/mug-dkd-home-decor-porcelain-stoneware-330-ml-3-units\/"},"modified":"2026-05-11T21:17:52","modified_gmt":"2026-05-11T19:17:52","slug":"mug-dkd-home-decor-porcelain-stoneware-330-ml-3-units","status":"publish","type":"product","link":"https:\/\/tupique.com\/pt\/product\/mug-dkd-home-decor-porcelain-stoneware-330-ml-3-units\/","title":{"rendered":"Tasse mug DKD Home Decor Porcelaine Gr\u00e8s (330 ml) (3 Unit\u00e9s)"},"content":{"rendered":"<p>Si vous aimez prendre soin de chaque d\u00e9tail de votre maiosn et d&#8217;\u00eatre \u00e0 la derni\u00e8re mode en mati\u00e8re de produits qui vous rendront la vie plus facile, achetez <b>Tasse mug DKD Home Decor Porcelaine Gr\u00e8s (330 ml) (3 Unit\u00e9s)<\/b> au meilleur prix.<\/p>\n<ul>\n<li>Mat\u00e9riel:\n<ul>\n<li>Porcelaine<\/li>\n<li>Gr\u00e8s<\/li>\n<\/ul>\n<\/li>\n<li>Caract\u00e9ristiques: Convient aux lave-vaisselles<\/li>\n<li>Capacit\u00e9: 330 ml<\/li>\n<li>Unit\u00e9s: 3 Unit\u00e9s<\/li>\n<li>Dimensions approx.: 12 x 9 x 8,4 cm<\/li>\n<li>Type: No\u00ebl<\/li>\n<li>Informations importantes: Dessins assortis envoy\u00e9s al\u00e9atoirement selon le stock disponible<\/li>\n<\/ul>","protected":false},"excerpt":{"rendered":"<p>Si vous aimez prendre soin de chaque d\u00e9tail de votre maiosn et d&#8217;\u00eatre \u00e0 la derni\u00e8re mode en mati\u00e8re de produits qui vous rendront la vie plus facile, achetez Tasse mug DKD Home Decor Porcelaine Gr\u00e8s (330 ml) (3 Unit\u00e9s) au meilleur prix. Mat\u00e9riel: Porcelaine Gr\u00e8s Caract\u00e9ristiques: Convient aux lave-vaisselles Capacit\u00e9: 330 ml Unit\u00e9s: 3 [&hellip;]<\/p>\n","protected":false},"featured_media":183309,"comment_status":"open","ping_status":"closed","template":"","meta":[],"product_brand":[263],"product_cat":[60,2356,216],"product_tag":[103,215],"woo-feed-brand":[],"class_list":{"0":"post-8929","1":"product","2":"type-product","3":"status-publish","4":"has-post-thumbnail","6":"product_brand-brandp_3770","7":"product_cat-cuisine-gourmet","8":"product_cat-tasses-et-thermos","9":"product_cat-ustensile","10":"product_tag-tag_1261","11":"product_tag-tag_427","13":"first","14":"instock","15":"taxable","16":"shipping-taxable","17":"purchasable","18":"product-type-simple"},"yoast_head":"<!-- This site is optimized with the Yoast SEO plugin v27.5 - https:\/\/yoast.com\/product\/yoast-seo-wordpress\/ -->\n<title>Tasse mug DKD Home Decor Porcelaine Gr\u00e8s (330 ml) (3 Unit\u00e9s) | | Tupique<\/title>\n<meta name=\"description\" content=\"Envie d&#039;acheter Tasse mug DKD Home Decor Porcelaine Gr\u00e8s (330 ml) (3 Unit\u00e9s)\u00a0? Achetez Tasse mug DKD Home Decor Porcelaine Gr\u00e8s (330 ml) (3 Unit\u00e9s) maintenant avec Tupique en 3 versements sans int\u00e9r\u00eat.\" \/>\n<meta name=\"robots\" content=\"index, follow, max-snippet:-1, max-image-preview:large, max-video-preview:-1\" \/>\n<link rel=\"canonical\" href=\"https:\/\/tupique.com\/pt\/product\/mug-dkd-home-decor-porcelain-stoneware-330-ml-3-units\/\" \/>\n<meta property=\"og:locale\" content=\"pt_PT\" \/>\n<meta property=\"og:type\" content=\"article\" \/>\n<meta property=\"og:title\" content=\"Tasse mug DKD Home Decor Porcelaine Gr\u00e8s (330 ml) (3 Unit\u00e9s) | | Tupique\" \/>\n<meta property=\"og:description\" content=\"Envie d&#039;acheter Tasse mug DKD Home Decor Porcelaine Gr\u00e8s (330 ml) (3 Unit\u00e9s)\u00a0? Achetez Tasse mug DKD Home Decor Porcelaine Gr\u00e8s (330 ml) (3 Unit\u00e9s) maintenant avec Tupique en 3 versements sans int\u00e9r\u00eat.\" \/>\n<meta property=\"og:url\" content=\"https:\/\/tupique.com\/pt\/product\/mug-dkd-home-decor-porcelain-stoneware-330-ml-3-units\/\" \/>\n<meta property=\"og:site_name\" content=\"Tupique\" \/>\n<meta property=\"article:modified_time\" content=\"2026-05-11T19:17:52+00:00\" \/>\n<meta property=\"og:image\" content=\"https:\/\/tupique.com\/wp-content\/uploads\/2026\/05\/8424001974504_S3035268_P22.jpg\" \/>\n\t<meta property=\"og:image:width\" content=\"1200\" \/>\n\t<meta property=\"og:image:height\" content=\"1200\" \/>\n\t<meta property=\"og:image:type\" content=\"image\/jpeg\" \/>\n<meta name=\"twitter:card\" content=\"summary_large_image\" \/>\n<script type=\"application\/ld+json\" class=\"yoast-schema-graph\">{\"@context\":\"https:\\\/\\\/schema.org\",\"@graph\":[{\"@type\":\"WebPage\",\"@id\":\"https:\\\/\\\/tupique.com\\\/en\\\/product\\\/mug-dkd-home-decor-porcelain-stoneware-330-ml-3-units\\\/\",\"url\":\"https:\\\/\\\/tupique.com\\\/en\\\/product\\\/mug-dkd-home-decor-porcelain-stoneware-330-ml-3-units\\\/\",\"name\":\"Tasse mug DKD Home Decor Porcelaine Gr\u00e8s (330 ml) (3 Unit\u00e9s) | | Tupique\",\"isPartOf\":{\"@id\":\"https:\\\/\\\/tupique.com\\\/#website\"},\"primaryImageOfPage\":{\"@id\":\"https:\\\/\\\/tupique.com\\\/en\\\/product\\\/mug-dkd-home-decor-porcelain-stoneware-330-ml-3-units\\\/#primaryimage\"},\"image\":{\"@id\":\"https:\\\/\\\/tupique.com\\\/en\\\/product\\\/mug-dkd-home-decor-porcelain-stoneware-330-ml-3-units\\\/#primaryimage\"},\"thumbnailUrl\":\"https:\\\/\\\/tupique.com\\\/wp-content\\\/uploads\\\/2026\\\/05\\\/8424001974504_S3035268_P22.jpg\",\"datePublished\":\"2026-03-27T20:07:43+00:00\",\"dateModified\":\"2026-05-11T19:17:52+00:00\",\"description\":\"Envie d'acheter Tasse mug DKD Home Decor Porcelaine Gr\u00e8s (330 ml) (3 Unit\u00e9s)\u00a0? Achetez Tasse mug DKD Home Decor Porcelaine Gr\u00e8s (330 ml) (3 Unit\u00e9s) maintenant avec Tupique en 3 versements sans int\u00e9r\u00eat.\",\"breadcrumb\":{\"@id\":\"https:\\\/\\\/tupique.com\\\/en\\\/product\\\/mug-dkd-home-decor-porcelain-stoneware-330-ml-3-units\\\/#breadcrumb\"},\"inLanguage\":\"pt-PT\",\"potentialAction\":[{\"@type\":\"ReadAction\",\"target\":[\"https:\\\/\\\/tupique.com\\\/en\\\/product\\\/mug-dkd-home-decor-porcelain-stoneware-330-ml-3-units\\\/\"]}]},{\"@type\":\"ImageObject\",\"inLanguage\":\"pt-PT\",\"@id\":\"https:\\\/\\\/tupique.com\\\/en\\\/product\\\/mug-dkd-home-decor-porcelain-stoneware-330-ml-3-units\\\/#primaryimage\",\"url\":\"https:\\\/\\\/tupique.com\\\/wp-content\\\/uploads\\\/2026\\\/05\\\/8424001974504_S3035268_P22.jpg\",\"contentUrl\":\"https:\\\/\\\/tupique.com\\\/wp-content\\\/uploads\\\/2026\\\/05\\\/8424001974504_S3035268_P22.jpg\",\"width\":1200,\"height\":1200,\"caption\":\"S3035268_0\"},{\"@type\":\"BreadcrumbList\",\"@id\":\"https:\\\/\\\/tupique.com\\\/en\\\/product\\\/mug-dkd-home-decor-porcelain-stoneware-330-ml-3-units\\\/#breadcrumb\",\"itemListElement\":[{\"@type\":\"ListItem\",\"position\":1,\"name\":\"commencer\",\"item\":\"https:\\\/\\\/tupique.com\\\/\"},{\"@type\":\"ListItem\",\"position\":2,\"name\":\"Loja\",\"item\":\"https:\\\/\\\/tupique.com\\\/pt\\\/loja\\\/\"},{\"@type\":\"ListItem\",\"position\":3,\"name\":\"Tasse mug DKD Home Decor Porcelaine Gr\u00e8s (330 ml) (3 Unit\u00e9s)\"}]},{\"@type\":\"WebSite\",\"@id\":\"https:\\\/\\\/tupique.com\\\/#website\",\"url\":\"https:\\\/\\\/tupique.com\\\/\",\"name\":\"Tupique\",\"description\":\"\",\"publisher\":{\"@id\":\"https:\\\/\\\/tupique.com\\\/#organization\"},\"potentialAction\":[{\"@type\":\"SearchAction\",\"target\":{\"@type\":\"EntryPoint\",\"urlTemplate\":\"https:\\\/\\\/tupique.com\\\/?s={search_term_string}\"},\"query-input\":{\"@type\":\"PropertyValueSpecification\",\"valueRequired\":true,\"valueName\":\"search_term_string\"}}],\"inLanguage\":\"pt-PT\"},{\"@type\":\"Organization\",\"@id\":\"https:\\\/\\\/tupique.com\\\/#organization\",\"name\":\"Tupique\",\"url\":\"https:\\\/\\\/tupique.com\\\/\",\"logo\":{\"@type\":\"ImageObject\",\"inLanguage\":\"pt-PT\",\"@id\":\"https:\\\/\\\/tupique.com\\\/#\\\/schema\\\/logo\\\/image\\\/\",\"url\":\"https:\\\/\\\/tupique.com\\\/wp-content\\\/uploads\\\/2026\\\/03\\\/logo-tupique-1.webp\",\"contentUrl\":\"https:\\\/\\\/tupique.com\\\/wp-content\\\/uploads\\\/2026\\\/03\\\/logo-tupique-1.webp\",\"width\":500,\"height\":67,\"caption\":\"Tupique\"},\"image\":{\"@id\":\"https:\\\/\\\/tupique.com\\\/#\\\/schema\\\/logo\\\/image\\\/\"}}]}<\/script>\n<!-- \/ Yoast SEO plugin. -->","yoast_head_json":{"title":"Tasse mug DKD Home Decor Porcelaine Gr\u00e8s (330 ml) (3 Unit\u00e9s) | | Tupique","description":"Envie d'acheter Tasse mug DKD Home Decor Porcelaine Gr\u00e8s (330 ml) (3 Unit\u00e9s)\u00a0? Achetez Tasse mug DKD Home Decor Porcelaine Gr\u00e8s (330 ml) (3 Unit\u00e9s) maintenant avec Tupique en 3 versements sans int\u00e9r\u00eat.","robots":{"index":"index","follow":"follow","max-snippet":"max-snippet:-1","max-image-preview":"max-image-preview:large","max-video-preview":"max-video-preview:-1"},"canonical":"https:\/\/tupique.com\/pt\/product\/mug-dkd-home-decor-porcelain-stoneware-330-ml-3-units\/","og_locale":"pt_PT","og_type":"article","og_title":"Tasse mug DKD Home Decor Porcelaine Gr\u00e8s (330 ml) (3 Unit\u00e9s) | | Tupique","og_description":"Envie d'acheter Tasse mug DKD Home Decor Porcelaine Gr\u00e8s (330 ml) (3 Unit\u00e9s)\u00a0? Achetez Tasse mug DKD Home Decor Porcelaine Gr\u00e8s (330 ml) (3 Unit\u00e9s) maintenant avec Tupique en 3 versements sans int\u00e9r\u00eat.","og_url":"https:\/\/tupique.com\/pt\/product\/mug-dkd-home-decor-porcelain-stoneware-330-ml-3-units\/","og_site_name":"Tupique","article_modified_time":"2026-05-11T19:17:52+00:00","og_image":[{"width":1200,"height":1200,"url":"https:\/\/tupique.com\/wp-content\/uploads\/2026\/05\/8424001974504_S3035268_P22.jpg","type":"image\/jpeg"}],"twitter_card":"summary_large_image","schema":{"@context":"https:\/\/schema.org","@graph":[{"@type":"WebPage","@id":"https:\/\/tupique.com\/en\/product\/mug-dkd-home-decor-porcelain-stoneware-330-ml-3-units\/","url":"https:\/\/tupique.com\/en\/product\/mug-dkd-home-decor-porcelain-stoneware-330-ml-3-units\/","name":"Tasse mug DKD Home Decor Porcelaine Gr\u00e8s (330 ml) (3 Unit\u00e9s) | | Tupique","isPartOf":{"@id":"https:\/\/tupique.com\/#website"},"primaryImageOfPage":{"@id":"https:\/\/tupique.com\/en\/product\/mug-dkd-home-decor-porcelain-stoneware-330-ml-3-units\/#primaryimage"},"image":{"@id":"https:\/\/tupique.com\/en\/product\/mug-dkd-home-decor-porcelain-stoneware-330-ml-3-units\/#primaryimage"},"thumbnailUrl":"https:\/\/tupique.com\/wp-content\/uploads\/2026\/05\/8424001974504_S3035268_P22.jpg","datePublished":"2026-03-27T20:07:43+00:00","dateModified":"2026-05-11T19:17:52+00:00","description":"Envie d'acheter Tasse mug DKD Home Decor Porcelaine Gr\u00e8s (330 ml) (3 Unit\u00e9s)\u00a0? Achetez Tasse mug DKD Home Decor Porcelaine Gr\u00e8s (330 ml) (3 Unit\u00e9s) maintenant avec Tupique en 3 versements sans int\u00e9r\u00eat.","breadcrumb":{"@id":"https:\/\/tupique.com\/en\/product\/mug-dkd-home-decor-porcelain-stoneware-330-ml-3-units\/#breadcrumb"},"inLanguage":"pt-PT","potentialAction":[{"@type":"ReadAction","target":["https:\/\/tupique.com\/en\/product\/mug-dkd-home-decor-porcelain-stoneware-330-ml-3-units\/"]}]},{"@type":"ImageObject","inLanguage":"pt-PT","@id":"https:\/\/tupique.com\/en\/product\/mug-dkd-home-decor-porcelain-stoneware-330-ml-3-units\/#primaryimage","url":"https:\/\/tupique.com\/wp-content\/uploads\/2026\/05\/8424001974504_S3035268_P22.jpg","contentUrl":"https:\/\/tupique.com\/wp-content\/uploads\/2026\/05\/8424001974504_S3035268_P22.jpg","width":1200,"height":1200,"caption":"S3035268_0"},{"@type":"BreadcrumbList","@id":"https:\/\/tupique.com\/en\/product\/mug-dkd-home-decor-porcelain-stoneware-330-ml-3-units\/#breadcrumb","itemListElement":[{"@type":"ListItem","position":1,"name":"commencer","item":"https:\/\/tupique.com\/"},{"@type":"ListItem","position":2,"name":"Loja","item":"https:\/\/tupique.com\/pt\/loja\/"},{"@type":"ListItem","position":3,"name":"Tasse mug DKD Home Decor Porcelaine Gr\u00e8s (330 ml) (3 Unit\u00e9s)"}]},{"@type":"WebSite","@id":"https:\/\/tupique.com\/#website","url":"https:\/\/tupique.com\/","name":"Tupique","description":"","publisher":{"@id":"https:\/\/tupique.com\/#organization"},"potentialAction":[{"@type":"SearchAction","target":{"@type":"EntryPoint","urlTemplate":"https:\/\/tupique.com\/?s={search_term_string}"},"query-input":{"@type":"PropertyValueSpecification","valueRequired":true,"valueName":"search_term_string"}}],"inLanguage":"pt-PT"},{"@type":"Organization","@id":"https:\/\/tupique.com\/#organization","name":"Tupique","url":"https:\/\/tupique.com\/","logo":{"@type":"ImageObject","inLanguage":"pt-PT","@id":"https:\/\/tupique.com\/#\/schema\/logo\/image\/","url":"https:\/\/tupique.com\/wp-content\/uploads\/2026\/03\/logo-tupique-1.webp","contentUrl":"https:\/\/tupique.com\/wp-content\/uploads\/2026\/03\/logo-tupique-1.webp","width":500,"height":67,"caption":"Tupique"},"image":{"@id":"https:\/\/tupique.com\/#\/schema\/logo\/image\/"}}]}},"_links":{"self":[{"href":"https:\/\/tupique.com\/pt\/wp-json\/wp\/v2\/product\/8929","targetHints":{"allow":["GET"]}}],"collection":[{"href":"https:\/\/tupique.com\/pt\/wp-json\/wp\/v2\/product"}],"about":[{"href":"https:\/\/tupique.com\/pt\/wp-json\/wp\/v2\/types\/product"}],"replies":[{"embeddable":true,"href":"https:\/\/tupique.com\/pt\/wp-json\/wp\/v2\/comments?post=8929"}],"wp:featuredmedia":[{"embeddable":true,"href":"https:\/\/tupique.com\/pt\/wp-json\/wp\/v2\/media\/183309"}],"wp:attachment":[{"href":"https:\/\/tupique.com\/pt\/wp-json\/wp\/v2\/media?parent=8929"}],"wp:term":[{"taxonomy":"product_brand","embeddable":true,"href":"https:\/\/tupique.com\/pt\/wp-json\/wp\/v2\/product_brand?post=8929"},{"taxonomy":"product_cat","embeddable":true,"href":"https:\/\/tupique.com\/pt\/wp-json\/wp\/v2\/product_cat?post=8929"},{"taxonomy":"product_tag","embeddable":true,"href":"https:\/\/tupique.com\/pt\/wp-json\/wp\/v2\/product_tag?post=8929"},{"taxonomy":"woo-feed-brand","embeddable":true,"href":"https:\/\/tupique.com\/pt\/wp-json\/wp\/v2\/woo-feed-brand?post=8929"}],"curies":[{"name":"wp","href":"https:\/\/api.w.org\/{rel}","templated":true}]}}