{"id":9055,"date":"2026-03-27T22:10:27","date_gmt":"2026-03-27T20:10:27","guid":{"rendered":"https:\/\/bigbuy.tupique.com\/produto\/muffin-tray-kinvara-blue-black-red-green-purple-multicolour-7-x-7-x-3-cm-35-x-3-x-265-cm-baking-tray-12-units\/"},"modified":"2026-05-11T21:18:41","modified_gmt":"2026-05-11T19:18:41","slug":"muffin-tray-kinvara-blue-black-red-green-purple-multicolour-7-x-7-x-3-cm-35-x-3-x-265-cm-baking-tray-12-units","status":"publish","type":"product","link":"https:\/\/tupique.com\/pt\/product\/muffin-tray-kinvara-blue-black-red-green-purple-multicolour-7-x-7-x-3-cm-35-x-3-x-265-cm-baking-tray-12-units\/","title":{"rendered":"Moules \u00e0 Muffins Kinvara Bleu Noir Rouge Vert Violet Multicouleur 7 x 7 x 3 cm 35 x 3 x 26,5 cm Plateau pour Four (12 Unit\u00e9s)"},"content":{"rendered":"<p>Si vous aimez prendre soin de chaque d\u00e9tail de votre maison et d&#8217;\u00eatre \u00e0 la derni\u00e8re mode en mati\u00e8re de produits qui vous rendront la vie plus facile, achetez <b>Moules \u00e0 Muffins Kinvara Bleu Noir Rouge Vert Violet Multicouleur 7 x 7 x 3 cm 35 x 3 x 26,5 cm Plateau pour Four (12 Unit\u00e9s)<\/b> au meilleur prix.<\/p>\n<p>Les <b>moules \u00e0 muffins<\/b> de Kinvara offrent une solution pratique et polyvalente pour la p\u00e2tisserie maison ou professionnelle, permettant de pr\u00e9parer muffins et cupcakes de mani\u00e8re uniforme et simple. Fabriqu\u00e9s en <b>papier apte au contact alimentaire<\/b>, ces moules assurent une cuisson homog\u00e8ne et facilitent le d\u00e9moulage, r\u00e9duisant le risque d\u2019adh\u00e9rence de la p\u00e2te et garantissant une pr\u00e9sentation soign\u00e9e \u00e0 chaque pi\u00e8ce. Pr\u00e9sent\u00e9s dans un plateau contenant <b>72 unit\u00e9s<\/b>, ils sont particuli\u00e8rement adapt\u00e9s \u00e0 la pr\u00e9paration de grandes quantit\u00e9s lors de f\u00eates, r\u00e9unions familiales ou \u00e9v\u00e9nements scolaires. Disponibles en <b>couleurs vari\u00e9es telles que bleu, noir, rouge et vert<\/b>, ils ajoutent une touche d\u00e9corative \u00e0 la pr\u00e9sentation finale, id\u00e9ale au quotidien comme pour les occasions sp\u00e9ciales. Provenant de <b>Chine<\/b>, ces moules respectent les standards habituels de qualit\u00e9 et de r\u00e9sistance pour les produits de p\u00e2tisserie, s\u2019adaptant facilement \u00e0 diff\u00e9rentes recettes et types de fours traditionnels. Gr\u00e2ce \u00e0 leur format jetable, ils se jettent apr\u00e8s chaque utilisation, ce qui permet de gagner du temps sur le nettoyage et de se concentrer sur la cr\u00e9ativit\u00e9 et le go\u00fbt des pr\u00e9parations. Ce set de moules Kinvara constitue ainsi une option pratique et efficace pour ceux qui recherchent des r\u00e9sultats esth\u00e9tiques et r\u00e9guliers en p\u00e2tisserie maison ou professionnelle.<\/p>\n<ul>\n<li>Inclut:\n<ul>\n<li>Plateau pour Four<\/li>\n<li>Moules x 72<\/li>\n<\/ul>\n<\/li>\n<li>Couleur:\n<ul>\n<li>Multicouleur<\/li>\n<li>Bleu<\/li>\n<li>Noir<\/li>\n<li>Rouge<\/li>\n<li>Vert<\/li>\n<li>Violet<\/li>\n<\/ul>\n<\/li>\n<li>Type: Moules \u00e0 cupcakes\/muffins<\/li>\n<li>Mati\u00e8re:\n<ul>\n<li>Papier<\/li>\n<li>Acier au carbone<\/li>\n<\/ul>\n<\/li>\n<li>Unit\u00e9s: 12 Unit\u00e9s<\/li>\n<li>Dimensions approx.:\n<ul>\n<li>7 x 7 x 3 cm<\/li>\n<li>35 x 3 x 26,5 cm<\/li>\n<\/ul>\n<\/li>\n<\/ul>","protected":false},"excerpt":{"rendered":"<p><span class=\"unit-info\">3.7492 &euro; \/ 1 unit<\/span><\/p>","protected":false},"featured_media":184434,"comment_status":"open","ping_status":"closed","template":"","meta":[],"product_brand":[260],"product_cat":[60,2352,246],"product_tag":[101],"woo-feed-brand":[],"class_list":{"0":"post-9055","1":"product","2":"type-product","3":"status-publish","4":"has-post-thumbnail","6":"product_brand-brandp_5246","7":"product_cat-cuisine-gourmet","8":"product_cat-decoration-accessoires-et-moules","9":"product_cat-patisserie","10":"product_tag-tag_599","12":"first","13":"instock","14":"taxable","15":"shipping-taxable","16":"purchasable","17":"product-type-simple"},"yoast_head":"<!-- This site is optimized with the Yoast SEO plugin v27.6 - https:\/\/yoast.com\/product\/yoast-seo-wordpress\/ -->\n<title>Moules \u00e0 Muffins Kinvara Bleu Noir Rouge Vert Violet Multicouleur 7 x 7 x 3 cm 35 x 3 x 26,5 cm Plateau pour Four (12 Unit\u00e9s) | | Tupique<\/title>\n<meta name=\"description\" content=\"Envie d&#039;acheter Moules \u00e0 Muffins Kinvara Bleu Noir Rouge Vert Violet Multicouleur 7 x 7 x 3 cm 35 x 3 x 26,5 cm Plateau pour Four (12 Unit\u00e9s)\u00a0? Achetez Moules \u00e0 Muffins Kinvara Bleu Noir Rouge Vert Violet Multicouleur 7 x 7 x 3 cm 35 x 3 x 26,5 cm Plateau pour Four (12 Unit\u00e9s) maintenant avec Tupique en 3 versements sans int\u00e9r\u00eat.\" \/>\n<meta name=\"robots\" content=\"index, follow, max-snippet:-1, max-image-preview:large, max-video-preview:-1\" \/>\n<link rel=\"canonical\" href=\"https:\/\/tupique.com\/pt\/product\/muffin-tray-kinvara-blue-black-red-green-purple-multicolour-7-x-7-x-3-cm-35-x-3-x-265-cm-baking-tray-12-units\/\" \/>\n<meta property=\"og:locale\" content=\"pt_PT\" \/>\n<meta property=\"og:type\" content=\"article\" \/>\n<meta property=\"og:title\" content=\"Moules \u00e0 Muffins Kinvara Bleu Noir Rouge Vert Violet Multicouleur 7 x 7 x 3 cm 35 x 3 x 26,5 cm Plateau pour Four (12 Unit\u00e9s) | | Tupique\" \/>\n<meta property=\"og:description\" content=\"Envie d&#039;acheter Moules \u00e0 Muffins Kinvara Bleu Noir Rouge Vert Violet Multicouleur 7 x 7 x 3 cm 35 x 3 x 26,5 cm Plateau pour Four (12 Unit\u00e9s)\u00a0? Achetez Moules \u00e0 Muffins Kinvara Bleu Noir Rouge Vert Violet Multicouleur 7 x 7 x 3 cm 35 x 3 x 26,5 cm Plateau pour Four (12 Unit\u00e9s) maintenant avec Tupique en 3 versements sans int\u00e9r\u00eat.\" \/>\n<meta property=\"og:url\" content=\"https:\/\/tupique.com\/pt\/product\/muffin-tray-kinvara-blue-black-red-green-purple-multicolour-7-x-7-x-3-cm-35-x-3-x-265-cm-baking-tray-12-units\/\" \/>\n<meta property=\"og:site_name\" content=\"Tupique\" \/>\n<meta property=\"article:modified_time\" content=\"2026-05-11T19:18:41+00:00\" \/>\n<meta property=\"og:image\" content=\"https:\/\/tupique.com\/wp-content\/uploads\/2026\/05\/S3615889_P0_icon1.jpg\" \/>\n\t<meta property=\"og:image:width\" content=\"1200\" \/>\n\t<meta property=\"og:image:height\" content=\"1200\" \/>\n\t<meta property=\"og:image:type\" content=\"image\/jpeg\" \/>\n<meta name=\"twitter:card\" content=\"summary_large_image\" \/>\n<meta name=\"twitter:label1\" content=\"Tempo estimado de leitura\" \/>\n\t<meta name=\"twitter:data1\" content=\"2 minutos\" \/>\n<script type=\"application\/ld+json\" class=\"yoast-schema-graph\">{\"@context\":\"https:\\\/\\\/schema.org\",\"@graph\":[{\"@type\":\"WebPage\",\"@id\":\"https:\\\/\\\/tupique.com\\\/product\\\/muffin-tray-kinvara-blue-black-red-green-purple-multicolour-7-x-7-x-3-cm-35-x-3-x-265-cm-baking-tray-12-units\\\/\",\"url\":\"https:\\\/\\\/tupique.com\\\/product\\\/muffin-tray-kinvara-blue-black-red-green-purple-multicolour-7-x-7-x-3-cm-35-x-3-x-265-cm-baking-tray-12-units\\\/\",\"name\":\"Moules \u00e0 Muffins Kinvara Bleu Noir Rouge Vert Violet Multicouleur 7 x 7 x 3 cm 35 x 3 x 26,5 cm Plateau pour Four (12 Unit\u00e9s) | | Tupique\",\"isPartOf\":{\"@id\":\"https:\\\/\\\/tupique.com\\\/#website\"},\"primaryImageOfPage\":{\"@id\":\"https:\\\/\\\/tupique.com\\\/product\\\/muffin-tray-kinvara-blue-black-red-green-purple-multicolour-7-x-7-x-3-cm-35-x-3-x-265-cm-baking-tray-12-units\\\/#primaryimage\"},\"image\":{\"@id\":\"https:\\\/\\\/tupique.com\\\/product\\\/muffin-tray-kinvara-blue-black-red-green-purple-multicolour-7-x-7-x-3-cm-35-x-3-x-265-cm-baking-tray-12-units\\\/#primaryimage\"},\"thumbnailUrl\":\"https:\\\/\\\/tupique.com\\\/wp-content\\\/uploads\\\/2026\\\/05\\\/S3615889_P0_icon1.jpg\",\"datePublished\":\"2026-03-27T20:10:27+00:00\",\"dateModified\":\"2026-05-11T19:18:41+00:00\",\"description\":\"Envie d'acheter Moules \u00e0 Muffins Kinvara Bleu Noir Rouge Vert Violet Multicouleur 7 x 7 x 3 cm 35 x 3 x 26,5 cm Plateau pour Four (12 Unit\u00e9s)\u00a0? Achetez Moules \u00e0 Muffins Kinvara Bleu Noir Rouge Vert Violet Multicouleur 7 x 7 x 3 cm 35 x 3 x 26,5 cm Plateau pour Four (12 Unit\u00e9s) maintenant avec Tupique en 3 versements sans int\u00e9r\u00eat.\",\"breadcrumb\":{\"@id\":\"https:\\\/\\\/tupique.com\\\/product\\\/muffin-tray-kinvara-blue-black-red-green-purple-multicolour-7-x-7-x-3-cm-35-x-3-x-265-cm-baking-tray-12-units\\\/#breadcrumb\"},\"inLanguage\":\"pt-PT\",\"potentialAction\":[{\"@type\":\"ReadAction\",\"target\":[\"https:\\\/\\\/tupique.com\\\/product\\\/muffin-tray-kinvara-blue-black-red-green-purple-multicolour-7-x-7-x-3-cm-35-x-3-x-265-cm-baking-tray-12-units\\\/\"]}]},{\"@type\":\"ImageObject\",\"inLanguage\":\"pt-PT\",\"@id\":\"https:\\\/\\\/tupique.com\\\/product\\\/muffin-tray-kinvara-blue-black-red-green-purple-multicolour-7-x-7-x-3-cm-35-x-3-x-265-cm-baking-tray-12-units\\\/#primaryimage\",\"url\":\"https:\\\/\\\/tupique.com\\\/wp-content\\\/uploads\\\/2026\\\/05\\\/S3615889_P0_icon1.jpg\",\"contentUrl\":\"https:\\\/\\\/tupique.com\\\/wp-content\\\/uploads\\\/2026\\\/05\\\/S3615889_P0_icon1.jpg\",\"width\":1200,\"height\":1200,\"caption\":\"S3615889_0\"},{\"@type\":\"BreadcrumbList\",\"@id\":\"https:\\\/\\\/tupique.com\\\/product\\\/muffin-tray-kinvara-blue-black-red-green-purple-multicolour-7-x-7-x-3-cm-35-x-3-x-265-cm-baking-tray-12-units\\\/#breadcrumb\",\"itemListElement\":[{\"@type\":\"ListItem\",\"position\":1,\"name\":\"commencer\",\"item\":\"https:\\\/\\\/tupique.com\\\/\"},{\"@type\":\"ListItem\",\"position\":2,\"name\":\"Loja\",\"item\":\"https:\\\/\\\/tupique.com\\\/pt\\\/loja\\\/\"},{\"@type\":\"ListItem\",\"position\":3,\"name\":\"Moules \u00e0 Muffins Kinvara Bleu Noir Rouge Vert Violet Multicouleur 7 x 7 x 3 cm 35 x 3 x 26,5 cm Plateau pour Four (12 Unit\u00e9s)\"}]},{\"@type\":\"WebSite\",\"@id\":\"https:\\\/\\\/tupique.com\\\/#website\",\"url\":\"https:\\\/\\\/tupique.com\\\/\",\"name\":\"Tupique\",\"description\":\"\",\"publisher\":{\"@id\":\"https:\\\/\\\/tupique.com\\\/#organization\"},\"potentialAction\":[{\"@type\":\"SearchAction\",\"target\":{\"@type\":\"EntryPoint\",\"urlTemplate\":\"https:\\\/\\\/tupique.com\\\/?s={search_term_string}\"},\"query-input\":{\"@type\":\"PropertyValueSpecification\",\"valueRequired\":true,\"valueName\":\"search_term_string\"}}],\"inLanguage\":\"pt-PT\"},{\"@type\":\"Organization\",\"@id\":\"https:\\\/\\\/tupique.com\\\/#organization\",\"name\":\"Tupique\",\"url\":\"https:\\\/\\\/tupique.com\\\/\",\"logo\":{\"@type\":\"ImageObject\",\"inLanguage\":\"pt-PT\",\"@id\":\"https:\\\/\\\/tupique.com\\\/#\\\/schema\\\/logo\\\/image\\\/\",\"url\":\"https:\\\/\\\/tupique.com\\\/wp-content\\\/uploads\\\/2026\\\/03\\\/logo-tupique-1.webp\",\"contentUrl\":\"https:\\\/\\\/tupique.com\\\/wp-content\\\/uploads\\\/2026\\\/03\\\/logo-tupique-1.webp\",\"width\":500,\"height\":67,\"caption\":\"Tupique\"},\"image\":{\"@id\":\"https:\\\/\\\/tupique.com\\\/#\\\/schema\\\/logo\\\/image\\\/\"}}]}<\/script>\n<!-- \/ Yoast SEO plugin. -->","yoast_head_json":{"title":"Moules \u00e0 Muffins Kinvara Bleu Noir Rouge Vert Violet Multicouleur 7 x 7 x 3 cm 35 x 3 x 26,5 cm Plateau pour Four (12 Unit\u00e9s) | | Tupique","description":"Envie d'acheter Moules \u00e0 Muffins Kinvara Bleu Noir Rouge Vert Violet Multicouleur 7 x 7 x 3 cm 35 x 3 x 26,5 cm Plateau pour Four (12 Unit\u00e9s)\u00a0? Achetez Moules \u00e0 Muffins Kinvara Bleu Noir Rouge Vert Violet Multicouleur 7 x 7 x 3 cm 35 x 3 x 26,5 cm Plateau pour Four (12 Unit\u00e9s) maintenant avec Tupique en 3 versements sans int\u00e9r\u00eat.","robots":{"index":"index","follow":"follow","max-snippet":"max-snippet:-1","max-image-preview":"max-image-preview:large","max-video-preview":"max-video-preview:-1"},"canonical":"https:\/\/tupique.com\/pt\/product\/muffin-tray-kinvara-blue-black-red-green-purple-multicolour-7-x-7-x-3-cm-35-x-3-x-265-cm-baking-tray-12-units\/","og_locale":"pt_PT","og_type":"article","og_title":"Moules \u00e0 Muffins Kinvara Bleu Noir Rouge Vert Violet Multicouleur 7 x 7 x 3 cm 35 x 3 x 26,5 cm Plateau pour Four (12 Unit\u00e9s) | | Tupique","og_description":"Envie d'acheter Moules \u00e0 Muffins Kinvara Bleu Noir Rouge Vert Violet Multicouleur 7 x 7 x 3 cm 35 x 3 x 26,5 cm Plateau pour Four (12 Unit\u00e9s)\u00a0? Achetez Moules \u00e0 Muffins Kinvara Bleu Noir Rouge Vert Violet Multicouleur 7 x 7 x 3 cm 35 x 3 x 26,5 cm Plateau pour Four (12 Unit\u00e9s) maintenant avec Tupique en 3 versements sans int\u00e9r\u00eat.","og_url":"https:\/\/tupique.com\/pt\/product\/muffin-tray-kinvara-blue-black-red-green-purple-multicolour-7-x-7-x-3-cm-35-x-3-x-265-cm-baking-tray-12-units\/","og_site_name":"Tupique","article_modified_time":"2026-05-11T19:18:41+00:00","og_image":[{"width":1200,"height":1200,"url":"https:\/\/tupique.com\/wp-content\/uploads\/2026\/05\/S3615889_P0_icon1.jpg","type":"image\/jpeg"}],"twitter_card":"summary_large_image","twitter_misc":{"Tempo estimado de leitura":"2 minutos"},"schema":{"@context":"https:\/\/schema.org","@graph":[{"@type":"WebPage","@id":"https:\/\/tupique.com\/product\/muffin-tray-kinvara-blue-black-red-green-purple-multicolour-7-x-7-x-3-cm-35-x-3-x-265-cm-baking-tray-12-units\/","url":"https:\/\/tupique.com\/product\/muffin-tray-kinvara-blue-black-red-green-purple-multicolour-7-x-7-x-3-cm-35-x-3-x-265-cm-baking-tray-12-units\/","name":"Moules \u00e0 Muffins Kinvara Bleu Noir Rouge Vert Violet Multicouleur 7 x 7 x 3 cm 35 x 3 x 26,5 cm Plateau pour Four (12 Unit\u00e9s) | | Tupique","isPartOf":{"@id":"https:\/\/tupique.com\/#website"},"primaryImageOfPage":{"@id":"https:\/\/tupique.com\/product\/muffin-tray-kinvara-blue-black-red-green-purple-multicolour-7-x-7-x-3-cm-35-x-3-x-265-cm-baking-tray-12-units\/#primaryimage"},"image":{"@id":"https:\/\/tupique.com\/product\/muffin-tray-kinvara-blue-black-red-green-purple-multicolour-7-x-7-x-3-cm-35-x-3-x-265-cm-baking-tray-12-units\/#primaryimage"},"thumbnailUrl":"https:\/\/tupique.com\/wp-content\/uploads\/2026\/05\/S3615889_P0_icon1.jpg","datePublished":"2026-03-27T20:10:27+00:00","dateModified":"2026-05-11T19:18:41+00:00","description":"Envie d'acheter Moules \u00e0 Muffins Kinvara Bleu Noir Rouge Vert Violet Multicouleur 7 x 7 x 3 cm 35 x 3 x 26,5 cm Plateau pour Four (12 Unit\u00e9s)\u00a0? Achetez Moules \u00e0 Muffins Kinvara Bleu Noir Rouge Vert Violet Multicouleur 7 x 7 x 3 cm 35 x 3 x 26,5 cm Plateau pour Four (12 Unit\u00e9s) maintenant avec Tupique en 3 versements sans int\u00e9r\u00eat.","breadcrumb":{"@id":"https:\/\/tupique.com\/product\/muffin-tray-kinvara-blue-black-red-green-purple-multicolour-7-x-7-x-3-cm-35-x-3-x-265-cm-baking-tray-12-units\/#breadcrumb"},"inLanguage":"pt-PT","potentialAction":[{"@type":"ReadAction","target":["https:\/\/tupique.com\/product\/muffin-tray-kinvara-blue-black-red-green-purple-multicolour-7-x-7-x-3-cm-35-x-3-x-265-cm-baking-tray-12-units\/"]}]},{"@type":"ImageObject","inLanguage":"pt-PT","@id":"https:\/\/tupique.com\/product\/muffin-tray-kinvara-blue-black-red-green-purple-multicolour-7-x-7-x-3-cm-35-x-3-x-265-cm-baking-tray-12-units\/#primaryimage","url":"https:\/\/tupique.com\/wp-content\/uploads\/2026\/05\/S3615889_P0_icon1.jpg","contentUrl":"https:\/\/tupique.com\/wp-content\/uploads\/2026\/05\/S3615889_P0_icon1.jpg","width":1200,"height":1200,"caption":"S3615889_0"},{"@type":"BreadcrumbList","@id":"https:\/\/tupique.com\/product\/muffin-tray-kinvara-blue-black-red-green-purple-multicolour-7-x-7-x-3-cm-35-x-3-x-265-cm-baking-tray-12-units\/#breadcrumb","itemListElement":[{"@type":"ListItem","position":1,"name":"commencer","item":"https:\/\/tupique.com\/"},{"@type":"ListItem","position":2,"name":"Loja","item":"https:\/\/tupique.com\/pt\/loja\/"},{"@type":"ListItem","position":3,"name":"Moules \u00e0 Muffins Kinvara Bleu Noir Rouge Vert Violet Multicouleur 7 x 7 x 3 cm 35 x 3 x 26,5 cm Plateau pour Four (12 Unit\u00e9s)"}]},{"@type":"WebSite","@id":"https:\/\/tupique.com\/#website","url":"https:\/\/tupique.com\/","name":"Tupique","description":"","publisher":{"@id":"https:\/\/tupique.com\/#organization"},"potentialAction":[{"@type":"SearchAction","target":{"@type":"EntryPoint","urlTemplate":"https:\/\/tupique.com\/?s={search_term_string}"},"query-input":{"@type":"PropertyValueSpecification","valueRequired":true,"valueName":"search_term_string"}}],"inLanguage":"pt-PT"},{"@type":"Organization","@id":"https:\/\/tupique.com\/#organization","name":"Tupique","url":"https:\/\/tupique.com\/","logo":{"@type":"ImageObject","inLanguage":"pt-PT","@id":"https:\/\/tupique.com\/#\/schema\/logo\/image\/","url":"https:\/\/tupique.com\/wp-content\/uploads\/2026\/03\/logo-tupique-1.webp","contentUrl":"https:\/\/tupique.com\/wp-content\/uploads\/2026\/03\/logo-tupique-1.webp","width":500,"height":67,"caption":"Tupique"},"image":{"@id":"https:\/\/tupique.com\/#\/schema\/logo\/image\/"}}]}},"_links":{"self":[{"href":"https:\/\/tupique.com\/pt\/wp-json\/wp\/v2\/product\/9055","targetHints":{"allow":["GET"]}}],"collection":[{"href":"https:\/\/tupique.com\/pt\/wp-json\/wp\/v2\/product"}],"about":[{"href":"https:\/\/tupique.com\/pt\/wp-json\/wp\/v2\/types\/product"}],"replies":[{"embeddable":true,"href":"https:\/\/tupique.com\/pt\/wp-json\/wp\/v2\/comments?post=9055"}],"wp:featuredmedia":[{"embeddable":true,"href":"https:\/\/tupique.com\/pt\/wp-json\/wp\/v2\/media\/184434"}],"wp:attachment":[{"href":"https:\/\/tupique.com\/pt\/wp-json\/wp\/v2\/media?parent=9055"}],"wp:term":[{"taxonomy":"product_brand","embeddable":true,"href":"https:\/\/tupique.com\/pt\/wp-json\/wp\/v2\/product_brand?post=9055"},{"taxonomy":"product_cat","embeddable":true,"href":"https:\/\/tupique.com\/pt\/wp-json\/wp\/v2\/product_cat?post=9055"},{"taxonomy":"product_tag","embeddable":true,"href":"https:\/\/tupique.com\/pt\/wp-json\/wp\/v2\/product_tag?post=9055"},{"taxonomy":"woo-feed-brand","embeddable":true,"href":"https:\/\/tupique.com\/pt\/wp-json\/wp\/v2\/woo-feed-brand?post=9055"}],"curies":[{"name":"wp","href":"https:\/\/api.w.org\/{rel}","templated":true}]}}