{"id":9194,"date":"2026-03-27T22:24:36","date_gmt":"2026-03-27T20:24:36","guid":{"rendered":"https:\/\/bigbuy.tupique.com\/produto\/ladle-nylon-7-x-32-x-7-cm-black-red-12-units\/"},"modified":"2026-05-11T21:13:39","modified_gmt":"2026-05-11T19:13:39","slug":"ladle-nylon-7-x-32-x-7-cm-black-red-12-units","status":"publish","type":"product","link":"https:\/\/tupique.com\/pt\/product\/ladle-nylon-7-x-32-x-7-cm-black-red-12-units\/","title":{"rendered":"Louche Nylon 7 x 32 x 7 cm Noir Rouge (12 Unit\u00e9s)"},"content":{"rendered":"<p>Si vous aimez prendre soin de chaque d\u00e9tail de votre maison et d&#8217;\u00eatre \u00e0 la derni\u00e8re mode en mati\u00e8re de produits qui vous rendront la vie plus facile, achetez <b>Louche Nylon 7 x 32 x 7 cm Noir Rouge (12 Unit\u00e9s)<\/b> au meilleur prix.<\/p>\n<p>A <b>louche<\/b> de <b>BigBuy Home<\/b> est un ustensile indispensable dans toute cuisine domestique ou professionnelle, con\u00e7ue pour servir facilement soupes, rago\u00fbts et bouillons gr\u00e2ce \u00e0 sa structure robuste et ergonomique. Fabriqu\u00e9e en <b>nylon<\/b>, cette louche offre une grande r\u00e9sistance \u00e0 la chaleur et convient aussi bien aux ustensiles traditionnels qu\u2019aux casseroles et po\u00eales antiadh\u00e9sives, \u00e9vitant ainsi de rayer les surfaces. Elle pr\u00e9sente des dimensions de <b>7 x 32 x 7 cm<\/b>, assurant une prise en main confortable et efficace, permettant de pr\u00e9lever et de verser les liquides avec pr\u00e9cision. Disponible en <b>noir et rouge<\/b>, elle apporte une touche moderne et fonctionnelle \u00e0 l\u2019espace culinaire. Le lot comprend <b>12 unit\u00e9s<\/b>, facilitant son utilisation dans la restauration, les grandes r\u00e9unions familiales ou l\u2019\u00e9quipement de plusieurs cuisines simultan\u00e9ment. Cette louche, class\u00e9e comme cuill\u00e8re de cuisine, est con\u00e7ue pour r\u00e9sister \u00e0 un usage fr\u00e9quent et se distingue par sa facilit\u00e9 de nettoyage et sa durabilit\u00e9, des qualit\u00e9s essentielles pour un usage quotidien. Son design est originaire de Chine, pays reconnu pour son efficacit\u00e9 dans la fabrication d\u2019ustensiles de cuisine en mat\u00e9riaux techniques. Un choix pratique et r\u00e9sistant pour ceux qui souhaitent \u00e9quiper leur cuisine d\u2019outils fiables, fonctionnels et adapt\u00e9s \u00e0 tous types de pr\u00e9parations.<\/p>\n<ul>\n<li>Type: Cuill\u00e8re de cuisine, louche<\/li>\n<li>Couleur:\n<ul>\n<li>Noir<\/li>\n<li>Rouge<\/li>\n<\/ul>\n<\/li>\n<li>Composition: Nylon<\/li>\n<li>Unit\u00e9s: 12 Unit\u00e9s<\/li>\n<li>Dimensions approx.: 7 x 32 x 7 cm<\/li>\n<\/ul>","protected":false},"excerpt":{"rendered":"<p><span class=\"unit-info\">2.1658 &euro; \/ 1 unit<\/span><\/p>","protected":false},"featured_media":187767,"comment_status":"open","ping_status":"closed","template":"","meta":[],"product_brand":[122],"product_cat":[225,60,224],"product_tag":[210],"woo-feed-brand":[],"class_list":{"0":"post-9194","1":"product","2":"type-product","3":"status-publish","4":"has-post-thumbnail","6":"product_brand-brandp_2386","7":"product_cat-autres-accessoires-et-ustensiles-de-cuisine","8":"product_cat-cuisine-gourmet","9":"product_cat-ustensiles-et-accessoires-de-cuisine","10":"product_tag-tag_25","12":"first","13":"instock","14":"taxable","15":"shipping-taxable","16":"purchasable","17":"product-type-simple"},"yoast_head":"<!-- This site is optimized with the Yoast SEO plugin v27.6 - https:\/\/yoast.com\/product\/yoast-seo-wordpress\/ -->\n<title>Louche Nylon 7 x 32 x 7 cm Noir Rouge (12 Unit\u00e9s) | | Tupique<\/title>\n<meta name=\"description\" content=\"Envie d&#039;acheter Louche Nylon 7 x 32 x 7 cm Noir Rouge (12 Unit\u00e9s)\u00a0? Achetez Louche Nylon 7 x 32 x 7 cm Noir Rouge (12 Unit\u00e9s) maintenant avec Tupique en 3 versements sans int\u00e9r\u00eat.\" \/>\n<meta name=\"robots\" content=\"index, follow, max-snippet:-1, max-image-preview:large, max-video-preview:-1\" \/>\n<link rel=\"canonical\" href=\"https:\/\/tupique.com\/pt\/product\/ladle-nylon-7-x-32-x-7-cm-black-red-12-units\/\" \/>\n<meta property=\"og:locale\" content=\"pt_PT\" \/>\n<meta property=\"og:type\" content=\"article\" \/>\n<meta property=\"og:title\" content=\"Louche Nylon 7 x 32 x 7 cm Noir Rouge (12 Unit\u00e9s) | | Tupique\" \/>\n<meta property=\"og:description\" content=\"Envie d&#039;acheter Louche Nylon 7 x 32 x 7 cm Noir Rouge (12 Unit\u00e9s)\u00a0? Achetez Louche Nylon 7 x 32 x 7 cm Noir Rouge (12 Unit\u00e9s) maintenant avec Tupique en 3 versements sans int\u00e9r\u00eat.\" \/>\n<meta property=\"og:url\" content=\"https:\/\/tupique.com\/pt\/product\/ladle-nylon-7-x-32-x-7-cm-black-red-12-units\/\" \/>\n<meta property=\"og:site_name\" content=\"Tupique\" \/>\n<meta property=\"article:modified_time\" content=\"2026-05-11T19:13:39+00:00\" \/>\n<meta property=\"og:image\" content=\"https:\/\/tupique.com\/wp-content\/uploads\/2026\/05\/S3623760_P0_WBG_icon1.jpg\" \/>\n\t<meta property=\"og:image:width\" content=\"1200\" \/>\n\t<meta property=\"og:image:height\" content=\"1200\" \/>\n\t<meta property=\"og:image:type\" content=\"image\/jpeg\" \/>\n<meta name=\"twitter:card\" content=\"summary_large_image\" \/>\n<meta name=\"twitter:label1\" content=\"Tempo estimado de leitura\" \/>\n\t<meta name=\"twitter:data1\" content=\"1 minuto\" \/>\n<script type=\"application\/ld+json\" class=\"yoast-schema-graph\">{\"@context\":\"https:\\\/\\\/schema.org\",\"@graph\":[{\"@type\":\"WebPage\",\"@id\":\"https:\\\/\\\/tupique.com\\\/product\\\/ladle-nylon-7-x-32-x-7-cm-black-red-12-units\\\/\",\"url\":\"https:\\\/\\\/tupique.com\\\/product\\\/ladle-nylon-7-x-32-x-7-cm-black-red-12-units\\\/\",\"name\":\"Louche Nylon 7 x 32 x 7 cm Noir Rouge (12 Unit\u00e9s) | | Tupique\",\"isPartOf\":{\"@id\":\"https:\\\/\\\/tupique.com\\\/#website\"},\"primaryImageOfPage\":{\"@id\":\"https:\\\/\\\/tupique.com\\\/product\\\/ladle-nylon-7-x-32-x-7-cm-black-red-12-units\\\/#primaryimage\"},\"image\":{\"@id\":\"https:\\\/\\\/tupique.com\\\/product\\\/ladle-nylon-7-x-32-x-7-cm-black-red-12-units\\\/#primaryimage\"},\"thumbnailUrl\":\"https:\\\/\\\/tupique.com\\\/wp-content\\\/uploads\\\/2026\\\/05\\\/S3623760_P0_WBG_icon1.jpg\",\"datePublished\":\"2026-03-27T20:24:36+00:00\",\"dateModified\":\"2026-05-11T19:13:39+00:00\",\"description\":\"Envie d'acheter Louche Nylon 7 x 32 x 7 cm Noir Rouge (12 Unit\u00e9s)\u00a0? Achetez Louche Nylon 7 x 32 x 7 cm Noir Rouge (12 Unit\u00e9s) maintenant avec Tupique en 3 versements sans int\u00e9r\u00eat.\",\"breadcrumb\":{\"@id\":\"https:\\\/\\\/tupique.com\\\/product\\\/ladle-nylon-7-x-32-x-7-cm-black-red-12-units\\\/#breadcrumb\"},\"inLanguage\":\"pt-PT\",\"potentialAction\":[{\"@type\":\"ReadAction\",\"target\":[\"https:\\\/\\\/tupique.com\\\/product\\\/ladle-nylon-7-x-32-x-7-cm-black-red-12-units\\\/\"]}]},{\"@type\":\"ImageObject\",\"inLanguage\":\"pt-PT\",\"@id\":\"https:\\\/\\\/tupique.com\\\/product\\\/ladle-nylon-7-x-32-x-7-cm-black-red-12-units\\\/#primaryimage\",\"url\":\"https:\\\/\\\/tupique.com\\\/wp-content\\\/uploads\\\/2026\\\/05\\\/S3623760_P0_WBG_icon1.jpg\",\"contentUrl\":\"https:\\\/\\\/tupique.com\\\/wp-content\\\/uploads\\\/2026\\\/05\\\/S3623760_P0_WBG_icon1.jpg\",\"width\":1200,\"height\":1200,\"caption\":\"S3623760_0\"},{\"@type\":\"BreadcrumbList\",\"@id\":\"https:\\\/\\\/tupique.com\\\/product\\\/ladle-nylon-7-x-32-x-7-cm-black-red-12-units\\\/#breadcrumb\",\"itemListElement\":[{\"@type\":\"ListItem\",\"position\":1,\"name\":\"commencer\",\"item\":\"https:\\\/\\\/tupique.com\\\/\"},{\"@type\":\"ListItem\",\"position\":2,\"name\":\"Loja\",\"item\":\"https:\\\/\\\/tupique.com\\\/pt\\\/loja\\\/\"},{\"@type\":\"ListItem\",\"position\":3,\"name\":\"Louche Nylon 7 x 32 x 7 cm Noir Rouge (12 Unit\u00e9s)\"}]},{\"@type\":\"WebSite\",\"@id\":\"https:\\\/\\\/tupique.com\\\/#website\",\"url\":\"https:\\\/\\\/tupique.com\\\/\",\"name\":\"Tupique\",\"description\":\"\",\"publisher\":{\"@id\":\"https:\\\/\\\/tupique.com\\\/#organization\"},\"potentialAction\":[{\"@type\":\"SearchAction\",\"target\":{\"@type\":\"EntryPoint\",\"urlTemplate\":\"https:\\\/\\\/tupique.com\\\/?s={search_term_string}\"},\"query-input\":{\"@type\":\"PropertyValueSpecification\",\"valueRequired\":true,\"valueName\":\"search_term_string\"}}],\"inLanguage\":\"pt-PT\"},{\"@type\":\"Organization\",\"@id\":\"https:\\\/\\\/tupique.com\\\/#organization\",\"name\":\"Tupique\",\"url\":\"https:\\\/\\\/tupique.com\\\/\",\"logo\":{\"@type\":\"ImageObject\",\"inLanguage\":\"pt-PT\",\"@id\":\"https:\\\/\\\/tupique.com\\\/#\\\/schema\\\/logo\\\/image\\\/\",\"url\":\"https:\\\/\\\/tupique.com\\\/wp-content\\\/uploads\\\/2026\\\/03\\\/logo-tupique-1.webp\",\"contentUrl\":\"https:\\\/\\\/tupique.com\\\/wp-content\\\/uploads\\\/2026\\\/03\\\/logo-tupique-1.webp\",\"width\":500,\"height\":67,\"caption\":\"Tupique\"},\"image\":{\"@id\":\"https:\\\/\\\/tupique.com\\\/#\\\/schema\\\/logo\\\/image\\\/\"}}]}<\/script>\n<!-- \/ Yoast SEO plugin. -->","yoast_head_json":{"title":"Louche Nylon 7 x 32 x 7 cm Noir Rouge (12 Unit\u00e9s) | | Tupique","description":"Envie d'acheter Louche Nylon 7 x 32 x 7 cm Noir Rouge (12 Unit\u00e9s)\u00a0? Achetez Louche Nylon 7 x 32 x 7 cm Noir Rouge (12 Unit\u00e9s) maintenant avec Tupique en 3 versements sans int\u00e9r\u00eat.","robots":{"index":"index","follow":"follow","max-snippet":"max-snippet:-1","max-image-preview":"max-image-preview:large","max-video-preview":"max-video-preview:-1"},"canonical":"https:\/\/tupique.com\/pt\/product\/ladle-nylon-7-x-32-x-7-cm-black-red-12-units\/","og_locale":"pt_PT","og_type":"article","og_title":"Louche Nylon 7 x 32 x 7 cm Noir Rouge (12 Unit\u00e9s) | | Tupique","og_description":"Envie d'acheter Louche Nylon 7 x 32 x 7 cm Noir Rouge (12 Unit\u00e9s)\u00a0? Achetez Louche Nylon 7 x 32 x 7 cm Noir Rouge (12 Unit\u00e9s) maintenant avec Tupique en 3 versements sans int\u00e9r\u00eat.","og_url":"https:\/\/tupique.com\/pt\/product\/ladle-nylon-7-x-32-x-7-cm-black-red-12-units\/","og_site_name":"Tupique","article_modified_time":"2026-05-11T19:13:39+00:00","og_image":[{"width":1200,"height":1200,"url":"https:\/\/tupique.com\/wp-content\/uploads\/2026\/05\/S3623760_P0_WBG_icon1.jpg","type":"image\/jpeg"}],"twitter_card":"summary_large_image","twitter_misc":{"Tempo estimado de leitura":"1 minuto"},"schema":{"@context":"https:\/\/schema.org","@graph":[{"@type":"WebPage","@id":"https:\/\/tupique.com\/product\/ladle-nylon-7-x-32-x-7-cm-black-red-12-units\/","url":"https:\/\/tupique.com\/product\/ladle-nylon-7-x-32-x-7-cm-black-red-12-units\/","name":"Louche Nylon 7 x 32 x 7 cm Noir Rouge (12 Unit\u00e9s) | | Tupique","isPartOf":{"@id":"https:\/\/tupique.com\/#website"},"primaryImageOfPage":{"@id":"https:\/\/tupique.com\/product\/ladle-nylon-7-x-32-x-7-cm-black-red-12-units\/#primaryimage"},"image":{"@id":"https:\/\/tupique.com\/product\/ladle-nylon-7-x-32-x-7-cm-black-red-12-units\/#primaryimage"},"thumbnailUrl":"https:\/\/tupique.com\/wp-content\/uploads\/2026\/05\/S3623760_P0_WBG_icon1.jpg","datePublished":"2026-03-27T20:24:36+00:00","dateModified":"2026-05-11T19:13:39+00:00","description":"Envie d'acheter Louche Nylon 7 x 32 x 7 cm Noir Rouge (12 Unit\u00e9s)\u00a0? Achetez Louche Nylon 7 x 32 x 7 cm Noir Rouge (12 Unit\u00e9s) maintenant avec Tupique en 3 versements sans int\u00e9r\u00eat.","breadcrumb":{"@id":"https:\/\/tupique.com\/product\/ladle-nylon-7-x-32-x-7-cm-black-red-12-units\/#breadcrumb"},"inLanguage":"pt-PT","potentialAction":[{"@type":"ReadAction","target":["https:\/\/tupique.com\/product\/ladle-nylon-7-x-32-x-7-cm-black-red-12-units\/"]}]},{"@type":"ImageObject","inLanguage":"pt-PT","@id":"https:\/\/tupique.com\/product\/ladle-nylon-7-x-32-x-7-cm-black-red-12-units\/#primaryimage","url":"https:\/\/tupique.com\/wp-content\/uploads\/2026\/05\/S3623760_P0_WBG_icon1.jpg","contentUrl":"https:\/\/tupique.com\/wp-content\/uploads\/2026\/05\/S3623760_P0_WBG_icon1.jpg","width":1200,"height":1200,"caption":"S3623760_0"},{"@type":"BreadcrumbList","@id":"https:\/\/tupique.com\/product\/ladle-nylon-7-x-32-x-7-cm-black-red-12-units\/#breadcrumb","itemListElement":[{"@type":"ListItem","position":1,"name":"commencer","item":"https:\/\/tupique.com\/"},{"@type":"ListItem","position":2,"name":"Loja","item":"https:\/\/tupique.com\/pt\/loja\/"},{"@type":"ListItem","position":3,"name":"Louche Nylon 7 x 32 x 7 cm Noir Rouge (12 Unit\u00e9s)"}]},{"@type":"WebSite","@id":"https:\/\/tupique.com\/#website","url":"https:\/\/tupique.com\/","name":"Tupique","description":"","publisher":{"@id":"https:\/\/tupique.com\/#organization"},"potentialAction":[{"@type":"SearchAction","target":{"@type":"EntryPoint","urlTemplate":"https:\/\/tupique.com\/?s={search_term_string}"},"query-input":{"@type":"PropertyValueSpecification","valueRequired":true,"valueName":"search_term_string"}}],"inLanguage":"pt-PT"},{"@type":"Organization","@id":"https:\/\/tupique.com\/#organization","name":"Tupique","url":"https:\/\/tupique.com\/","logo":{"@type":"ImageObject","inLanguage":"pt-PT","@id":"https:\/\/tupique.com\/#\/schema\/logo\/image\/","url":"https:\/\/tupique.com\/wp-content\/uploads\/2026\/03\/logo-tupique-1.webp","contentUrl":"https:\/\/tupique.com\/wp-content\/uploads\/2026\/03\/logo-tupique-1.webp","width":500,"height":67,"caption":"Tupique"},"image":{"@id":"https:\/\/tupique.com\/#\/schema\/logo\/image\/"}}]}},"_links":{"self":[{"href":"https:\/\/tupique.com\/pt\/wp-json\/wp\/v2\/product\/9194","targetHints":{"allow":["GET"]}}],"collection":[{"href":"https:\/\/tupique.com\/pt\/wp-json\/wp\/v2\/product"}],"about":[{"href":"https:\/\/tupique.com\/pt\/wp-json\/wp\/v2\/types\/product"}],"replies":[{"embeddable":true,"href":"https:\/\/tupique.com\/pt\/wp-json\/wp\/v2\/comments?post=9194"}],"wp:featuredmedia":[{"embeddable":true,"href":"https:\/\/tupique.com\/pt\/wp-json\/wp\/v2\/media\/187767"}],"wp:attachment":[{"href":"https:\/\/tupique.com\/pt\/wp-json\/wp\/v2\/media?parent=9194"}],"wp:term":[{"taxonomy":"product_brand","embeddable":true,"href":"https:\/\/tupique.com\/pt\/wp-json\/wp\/v2\/product_brand?post=9194"},{"taxonomy":"product_cat","embeddable":true,"href":"https:\/\/tupique.com\/pt\/wp-json\/wp\/v2\/product_cat?post=9194"},{"taxonomy":"product_tag","embeddable":true,"href":"https:\/\/tupique.com\/pt\/wp-json\/wp\/v2\/product_tag?post=9194"},{"taxonomy":"woo-feed-brand","embeddable":true,"href":"https:\/\/tupique.com\/pt\/wp-json\/wp\/v2\/woo-feed-brand?post=9194"}],"curies":[{"name":"wp","href":"https:\/\/api.w.org\/{rel}","templated":true}]}}