{"id":9280,"date":"2026-03-27T22:26:31","date_gmt":"2026-03-27T20:26:31","guid":{"rendered":"https:\/\/bigbuy.tupique.com\/produto\/table-mat-kinvara-bon-appetit-white-red-33-x-03-x-48-cm-12-units\/"},"modified":"2026-05-11T21:55:59","modified_gmt":"2026-05-11T19:55:59","slug":"table-mat-kinvara-bon-appetit-white-red-33-x-03-x-48-cm-12-units","status":"publish","type":"product","link":"https:\/\/tupique.com\/pt\/product\/table-mat-kinvara-bon-appetit-white-red-33-x-03-x-48-cm-12-units\/","title":{"rendered":"Dessous de plat Kinvara Bon Appetit Blanc Rouge 33 x 0,3 x 48 cm (12 Unit\u00e9s)"},"content":{"rendered":"<p>Si vous aimez prendre soin de chaque d\u00e9tail de votre maison et d&#8217;\u00eatre \u00e0 la derni\u00e8re mode en mati\u00e8re de produits qui vous rendront la vie plus facile, achetez <b>Dessous de plat Kinvara Bon Appetit Blanc Rouge 33 x 0,3 x 48 cm (12 Unit\u00e9s)<\/b> au meilleur prix.<\/p>\n<p>Ler <b>set de table<\/b> <b>Bon Appetit<\/b> de Kinvara est un accessoire indispensable pour la <b>cuisine<\/b>, alliant fonctionnalit\u00e9 et esth\u00e9tique, id\u00e9al pour prot\u00e9ger la table des taches, de la chaleur et des rayures lors des repas quotidiens. Confectionn\u00e9 avec un m\u00e9lange soign\u00e9 de <b>70 % coton<\/b> et 30 % polyester, ce set de table offre une surface douce, r\u00e9sistante et facile \u00e0 nettoyer, assurant ainsi une bonne durabilit\u00e9 face \u00e0 un usage intensif dans tout foyer. Disponible en <b>blanc<\/b> e <b>rouge<\/b>, son design moderne s\u2019int\u00e8gre ais\u00e9ment \u00e0 diff\u00e9rents styles de d\u00e9coration culinaire, convenant aussi bien aux tables classiques que contemporaines. Originaire du Pakistan, r\u00e9gion reconnue pour la qualit\u00e9 de ses textiles, ce produit garantit des finitions soign\u00e9es et une texture agr\u00e9able au toucher, facilitant son entretien et son lavage apr\u00e8s chaque utilisation. C\u2019est un accessoire polyvalent et pratique, con\u00e7u aussi bien pour un usage individuel que pour composer des ensembles coordonn\u00e9s lors d\u2019occasions quotidiennes ou sp\u00e9ciales. Le set de table Bon Appetit de Kinvara apporte protection, confort et une touche distinctive \u00e0 la pr\u00e9sentation de la table, s\u2019adaptant aux besoins de tout foyer moderne.<\/p>\n<ul>\n<li>Tipo:\n<ul>\n<li>Cuisine<\/li>\n<li>Dessous de plat<\/li>\n<\/ul>\n<\/li>\n<li>Composition:\n<ul>\n<li>70 % coton<\/li>\n<li>30 % Polyester<\/li>\n<\/ul>\n<\/li>\n<li>Couleur:\n<ul>\n<li>Blanc<\/li>\n<li>Rouge<\/li>\n<\/ul>\n<\/li>\n<li>Unit\u00e9s: 12 Unit\u00e9s<\/li>\n<li>Dimensions approx.: 33 x 0,3 x 48 cm<\/li>\n<\/ul>","protected":false},"excerpt":{"rendered":"<p><span class=\"unit-info\">1.5825 &euro; \/ 1 unit<\/span><\/p>","protected":false},"featured_media":188450,"comment_status":"open","ping_status":"closed","template":"","meta":[],"product_brand":[260],"product_cat":[60,1795,216],"product_tag":[104],"woo-feed-brand":[],"class_list":{"0":"post-9280","1":"product","2":"type-product","3":"status-publish","4":"has-post-thumbnail","6":"product_brand-brandp_5246","7":"product_cat-cuisine-gourmet","8":"product_cat-sous-verres-dessous-de-plat-et-serviettes-de-table","9":"product_cat-ustensile","10":"product_tag-tag_1279","12":"first","13":"instock","14":"taxable","15":"shipping-taxable","16":"purchasable","17":"product-type-simple"},"yoast_head":"<!-- This site is optimized with the Yoast SEO plugin v27.6 - https:\/\/yoast.com\/product\/yoast-seo-wordpress\/ -->\n<title>Dessous de plat Kinvara Bon Appetit Blanc Rouge 33 x 0,3 x 48 cm (12 Unit\u00e9s) | | Tupique<\/title>\n<meta name=\"description\" content=\"Envie d&#039;acheter Dessous de plat Kinvara Bon Appetit Blanc Rouge 33 x 0,3 x 48 cm (12 Unit\u00e9s)\u00a0? Achetez Dessous de plat Kinvara Bon Appetit Blanc Rouge 33 x 0,3 x 48 cm (12 Unit\u00e9s) maintenant avec Tupique en 3 versements sans int\u00e9r\u00eat.\" \/>\n<meta name=\"robots\" content=\"index, follow, max-snippet:-1, max-image-preview:large, max-video-preview:-1\" \/>\n<link rel=\"canonical\" href=\"https:\/\/tupique.com\/pt\/product\/table-mat-kinvara-bon-appetit-white-red-33-x-03-x-48-cm-12-units\/\" \/>\n<meta property=\"og:locale\" content=\"pt_PT\" \/>\n<meta property=\"og:type\" content=\"article\" \/>\n<meta property=\"og:title\" content=\"Dessous de plat Kinvara Bon Appetit Blanc Rouge 33 x 0,3 x 48 cm (12 Unit\u00e9s) | | Tupique\" \/>\n<meta property=\"og:description\" content=\"Envie d&#039;acheter Dessous de plat Kinvara Bon Appetit Blanc Rouge 33 x 0,3 x 48 cm (12 Unit\u00e9s)\u00a0? Achetez Dessous de plat Kinvara Bon Appetit Blanc Rouge 33 x 0,3 x 48 cm (12 Unit\u00e9s) maintenant avec Tupique en 3 versements sans int\u00e9r\u00eat.\" \/>\n<meta property=\"og:url\" content=\"https:\/\/tupique.com\/pt\/product\/table-mat-kinvara-bon-appetit-white-red-33-x-03-x-48-cm-12-units\/\" \/>\n<meta property=\"og:site_name\" content=\"Tupique\" \/>\n<meta property=\"article:modified_time\" content=\"2026-05-11T19:55:59+00:00\" \/>\n<meta property=\"og:image\" content=\"https:\/\/tupique.com\/wp-content\/uploads\/2026\/05\/S3625785_P1_W_00_WBG_icon1.jpg\" \/>\n\t<meta property=\"og:image:width\" content=\"1200\" \/>\n\t<meta property=\"og:image:height\" content=\"1200\" \/>\n\t<meta property=\"og:image:type\" content=\"image\/jpeg\" \/>\n<meta name=\"twitter:card\" content=\"summary_large_image\" \/>\n<meta name=\"twitter:label1\" content=\"Tempo estimado de leitura\" \/>\n\t<meta name=\"twitter:data1\" content=\"1 minuto\" \/>\n<script type=\"application\/ld+json\" class=\"yoast-schema-graph\">{\"@context\":\"https:\\\/\\\/schema.org\",\"@graph\":[{\"@type\":\"WebPage\",\"@id\":\"https:\\\/\\\/tupique.com\\\/pt\\\/product\\\/table-mat-kinvara-bon-appetit-white-red-33-x-03-x-48-cm-12-units\\\/\",\"url\":\"https:\\\/\\\/tupique.com\\\/pt\\\/product\\\/table-mat-kinvara-bon-appetit-white-red-33-x-03-x-48-cm-12-units\\\/\",\"name\":\"Dessous de plat Kinvara Bon Appetit Blanc Rouge 33 x 0,3 x 48 cm (12 Unit\u00e9s) | | Tupique\",\"isPartOf\":{\"@id\":\"https:\\\/\\\/tupique.com\\\/#website\"},\"primaryImageOfPage\":{\"@id\":\"https:\\\/\\\/tupique.com\\\/pt\\\/product\\\/table-mat-kinvara-bon-appetit-white-red-33-x-03-x-48-cm-12-units\\\/#primaryimage\"},\"image\":{\"@id\":\"https:\\\/\\\/tupique.com\\\/pt\\\/product\\\/table-mat-kinvara-bon-appetit-white-red-33-x-03-x-48-cm-12-units\\\/#primaryimage\"},\"thumbnailUrl\":\"https:\\\/\\\/tupique.com\\\/wp-content\\\/uploads\\\/2026\\\/05\\\/S3625785_P1_W_00_WBG_icon1.jpg\",\"datePublished\":\"2026-03-27T20:26:31+00:00\",\"dateModified\":\"2026-05-11T19:55:59+00:00\",\"description\":\"Envie d'acheter Dessous de plat Kinvara Bon Appetit Blanc Rouge 33 x 0,3 x 48 cm (12 Unit\u00e9s)\u00a0? Achetez Dessous de plat Kinvara Bon Appetit Blanc Rouge 33 x 0,3 x 48 cm (12 Unit\u00e9s) maintenant avec Tupique en 3 versements sans int\u00e9r\u00eat.\",\"breadcrumb\":{\"@id\":\"https:\\\/\\\/tupique.com\\\/pt\\\/product\\\/table-mat-kinvara-bon-appetit-white-red-33-x-03-x-48-cm-12-units\\\/#breadcrumb\"},\"inLanguage\":\"pt-PT\",\"potentialAction\":[{\"@type\":\"ReadAction\",\"target\":[\"https:\\\/\\\/tupique.com\\\/pt\\\/product\\\/table-mat-kinvara-bon-appetit-white-red-33-x-03-x-48-cm-12-units\\\/\"]}]},{\"@type\":\"ImageObject\",\"inLanguage\":\"pt-PT\",\"@id\":\"https:\\\/\\\/tupique.com\\\/pt\\\/product\\\/table-mat-kinvara-bon-appetit-white-red-33-x-03-x-48-cm-12-units\\\/#primaryimage\",\"url\":\"https:\\\/\\\/tupique.com\\\/wp-content\\\/uploads\\\/2026\\\/05\\\/S3625785_P1_W_00_WBG_icon1.jpg\",\"contentUrl\":\"https:\\\/\\\/tupique.com\\\/wp-content\\\/uploads\\\/2026\\\/05\\\/S3625785_P1_W_00_WBG_icon1.jpg\",\"width\":1200,\"height\":1200,\"caption\":\"S3625785_0\"},{\"@type\":\"BreadcrumbList\",\"@id\":\"https:\\\/\\\/tupique.com\\\/pt\\\/product\\\/table-mat-kinvara-bon-appetit-white-red-33-x-03-x-48-cm-12-units\\\/#breadcrumb\",\"itemListElement\":[{\"@type\":\"ListItem\",\"position\":1,\"name\":\"commencer\",\"item\":\"https:\\\/\\\/tupique.com\\\/\"},{\"@type\":\"ListItem\",\"position\":2,\"name\":\"Loja\",\"item\":\"https:\\\/\\\/tupique.com\\\/pt\\\/loja\\\/\"},{\"@type\":\"ListItem\",\"position\":3,\"name\":\"Dessous de plat Kinvara Bon Appetit Blanc Rouge 33 x 0,3 x 48 cm (12 Unit\u00e9s)\"}]},{\"@type\":\"WebSite\",\"@id\":\"https:\\\/\\\/tupique.com\\\/#website\",\"url\":\"https:\\\/\\\/tupique.com\\\/\",\"name\":\"Tupique\",\"description\":\"\",\"publisher\":{\"@id\":\"https:\\\/\\\/tupique.com\\\/#organization\"},\"potentialAction\":[{\"@type\":\"SearchAction\",\"target\":{\"@type\":\"EntryPoint\",\"urlTemplate\":\"https:\\\/\\\/tupique.com\\\/?s={search_term_string}\"},\"query-input\":{\"@type\":\"PropertyValueSpecification\",\"valueRequired\":true,\"valueName\":\"search_term_string\"}}],\"inLanguage\":\"pt-PT\"},{\"@type\":\"Organization\",\"@id\":\"https:\\\/\\\/tupique.com\\\/#organization\",\"name\":\"Tupique\",\"url\":\"https:\\\/\\\/tupique.com\\\/\",\"logo\":{\"@type\":\"ImageObject\",\"inLanguage\":\"pt-PT\",\"@id\":\"https:\\\/\\\/tupique.com\\\/#\\\/schema\\\/logo\\\/image\\\/\",\"url\":\"https:\\\/\\\/tupique.com\\\/wp-content\\\/uploads\\\/2026\\\/03\\\/logo-tupique-1.webp\",\"contentUrl\":\"https:\\\/\\\/tupique.com\\\/wp-content\\\/uploads\\\/2026\\\/03\\\/logo-tupique-1.webp\",\"width\":500,\"height\":67,\"caption\":\"Tupique\"},\"image\":{\"@id\":\"https:\\\/\\\/tupique.com\\\/#\\\/schema\\\/logo\\\/image\\\/\"}}]}<\/script>\n<!-- \/ Yoast SEO plugin. -->","yoast_head_json":{"title":"Dessous de plat Kinvara Bon Appetit Blanc Rouge 33 x 0,3 x 48 cm (12 Unit\u00e9s) | | Tupique","description":"Envie d'acheter Dessous de plat Kinvara Bon Appetit Blanc Rouge 33 x 0,3 x 48 cm (12 Unit\u00e9s)\u00a0? Achetez Dessous de plat Kinvara Bon Appetit Blanc Rouge 33 x 0,3 x 48 cm (12 Unit\u00e9s) maintenant avec Tupique en 3 versements sans int\u00e9r\u00eat.","robots":{"index":"index","follow":"follow","max-snippet":"max-snippet:-1","max-image-preview":"max-image-preview:large","max-video-preview":"max-video-preview:-1"},"canonical":"https:\/\/tupique.com\/pt\/product\/table-mat-kinvara-bon-appetit-white-red-33-x-03-x-48-cm-12-units\/","og_locale":"pt_PT","og_type":"article","og_title":"Dessous de plat Kinvara Bon Appetit Blanc Rouge 33 x 0,3 x 48 cm (12 Unit\u00e9s) | | Tupique","og_description":"Envie d'acheter Dessous de plat Kinvara Bon Appetit Blanc Rouge 33 x 0,3 x 48 cm (12 Unit\u00e9s)\u00a0? Achetez Dessous de plat Kinvara Bon Appetit Blanc Rouge 33 x 0,3 x 48 cm (12 Unit\u00e9s) maintenant avec Tupique en 3 versements sans int\u00e9r\u00eat.","og_url":"https:\/\/tupique.com\/pt\/product\/table-mat-kinvara-bon-appetit-white-red-33-x-03-x-48-cm-12-units\/","og_site_name":"Tupique","article_modified_time":"2026-05-11T19:55:59+00:00","og_image":[{"width":1200,"height":1200,"url":"https:\/\/tupique.com\/wp-content\/uploads\/2026\/05\/S3625785_P1_W_00_WBG_icon1.jpg","type":"image\/jpeg"}],"twitter_card":"summary_large_image","twitter_misc":{"Tempo estimado de leitura":"1 minuto"},"schema":{"@context":"https:\/\/schema.org","@graph":[{"@type":"WebPage","@id":"https:\/\/tupique.com\/pt\/product\/table-mat-kinvara-bon-appetit-white-red-33-x-03-x-48-cm-12-units\/","url":"https:\/\/tupique.com\/pt\/product\/table-mat-kinvara-bon-appetit-white-red-33-x-03-x-48-cm-12-units\/","name":"Dessous de plat Kinvara Bon Appetit Blanc Rouge 33 x 0,3 x 48 cm (12 Unit\u00e9s) | | Tupique","isPartOf":{"@id":"https:\/\/tupique.com\/#website"},"primaryImageOfPage":{"@id":"https:\/\/tupique.com\/pt\/product\/table-mat-kinvara-bon-appetit-white-red-33-x-03-x-48-cm-12-units\/#primaryimage"},"image":{"@id":"https:\/\/tupique.com\/pt\/product\/table-mat-kinvara-bon-appetit-white-red-33-x-03-x-48-cm-12-units\/#primaryimage"},"thumbnailUrl":"https:\/\/tupique.com\/wp-content\/uploads\/2026\/05\/S3625785_P1_W_00_WBG_icon1.jpg","datePublished":"2026-03-27T20:26:31+00:00","dateModified":"2026-05-11T19:55:59+00:00","description":"Envie d'acheter Dessous de plat Kinvara Bon Appetit Blanc Rouge 33 x 0,3 x 48 cm (12 Unit\u00e9s)\u00a0? Achetez Dessous de plat Kinvara Bon Appetit Blanc Rouge 33 x 0,3 x 48 cm (12 Unit\u00e9s) maintenant avec Tupique en 3 versements sans int\u00e9r\u00eat.","breadcrumb":{"@id":"https:\/\/tupique.com\/pt\/product\/table-mat-kinvara-bon-appetit-white-red-33-x-03-x-48-cm-12-units\/#breadcrumb"},"inLanguage":"pt-PT","potentialAction":[{"@type":"ReadAction","target":["https:\/\/tupique.com\/pt\/product\/table-mat-kinvara-bon-appetit-white-red-33-x-03-x-48-cm-12-units\/"]}]},{"@type":"ImageObject","inLanguage":"pt-PT","@id":"https:\/\/tupique.com\/pt\/product\/table-mat-kinvara-bon-appetit-white-red-33-x-03-x-48-cm-12-units\/#primaryimage","url":"https:\/\/tupique.com\/wp-content\/uploads\/2026\/05\/S3625785_P1_W_00_WBG_icon1.jpg","contentUrl":"https:\/\/tupique.com\/wp-content\/uploads\/2026\/05\/S3625785_P1_W_00_WBG_icon1.jpg","width":1200,"height":1200,"caption":"S3625785_0"},{"@type":"BreadcrumbList","@id":"https:\/\/tupique.com\/pt\/product\/table-mat-kinvara-bon-appetit-white-red-33-x-03-x-48-cm-12-units\/#breadcrumb","itemListElement":[{"@type":"ListItem","position":1,"name":"commencer","item":"https:\/\/tupique.com\/"},{"@type":"ListItem","position":2,"name":"Loja","item":"https:\/\/tupique.com\/pt\/loja\/"},{"@type":"ListItem","position":3,"name":"Dessous de plat Kinvara Bon Appetit Blanc Rouge 33 x 0,3 x 48 cm (12 Unit\u00e9s)"}]},{"@type":"WebSite","@id":"https:\/\/tupique.com\/#website","url":"https:\/\/tupique.com\/","name":"Tupique","description":"","publisher":{"@id":"https:\/\/tupique.com\/#organization"},"potentialAction":[{"@type":"SearchAction","target":{"@type":"EntryPoint","urlTemplate":"https:\/\/tupique.com\/?s={search_term_string}"},"query-input":{"@type":"PropertyValueSpecification","valueRequired":true,"valueName":"search_term_string"}}],"inLanguage":"pt-PT"},{"@type":"Organization","@id":"https:\/\/tupique.com\/#organization","name":"Tupique","url":"https:\/\/tupique.com\/","logo":{"@type":"ImageObject","inLanguage":"pt-PT","@id":"https:\/\/tupique.com\/#\/schema\/logo\/image\/","url":"https:\/\/tupique.com\/wp-content\/uploads\/2026\/03\/logo-tupique-1.webp","contentUrl":"https:\/\/tupique.com\/wp-content\/uploads\/2026\/03\/logo-tupique-1.webp","width":500,"height":67,"caption":"Tupique"},"image":{"@id":"https:\/\/tupique.com\/#\/schema\/logo\/image\/"}}]}},"_links":{"self":[{"href":"https:\/\/tupique.com\/pt\/wp-json\/wp\/v2\/product\/9280","targetHints":{"allow":["GET"]}}],"collection":[{"href":"https:\/\/tupique.com\/pt\/wp-json\/wp\/v2\/product"}],"about":[{"href":"https:\/\/tupique.com\/pt\/wp-json\/wp\/v2\/types\/product"}],"replies":[{"embeddable":true,"href":"https:\/\/tupique.com\/pt\/wp-json\/wp\/v2\/comments?post=9280"}],"wp:featuredmedia":[{"embeddable":true,"href":"https:\/\/tupique.com\/pt\/wp-json\/wp\/v2\/media\/188450"}],"wp:attachment":[{"href":"https:\/\/tupique.com\/pt\/wp-json\/wp\/v2\/media?parent=9280"}],"wp:term":[{"taxonomy":"product_brand","embeddable":true,"href":"https:\/\/tupique.com\/pt\/wp-json\/wp\/v2\/product_brand?post=9280"},{"taxonomy":"product_cat","embeddable":true,"href":"https:\/\/tupique.com\/pt\/wp-json\/wp\/v2\/product_cat?post=9280"},{"taxonomy":"product_tag","embeddable":true,"href":"https:\/\/tupique.com\/pt\/wp-json\/wp\/v2\/product_tag?post=9280"},{"taxonomy":"woo-feed-brand","embeddable":true,"href":"https:\/\/tupique.com\/pt\/wp-json\/wp\/v2\/woo-feed-brand?post=9280"}],"curies":[{"name":"wp","href":"https:\/\/api.w.org\/{rel}","templated":true}]}}