{"id":9585,"date":"2026-03-27T22:42:59","date_gmt":"2026-03-27T20:42:59","guid":{"rendered":"https:\/\/bigbuy.tupique.com\/produto\/table-mat-kinvara-natural-bamboo-circular-19-x-1-x-19-cm-24-units\/"},"modified":"2026-05-12T01:25:35","modified_gmt":"2026-05-11T23:25:35","slug":"table-mat-kinvara-natural-bamboo-circular-19-x-1-x-19-cm-24-units","status":"publish","type":"product","link":"https:\/\/tupique.com\/pt\/product\/table-mat-kinvara-natural-bamboo-circular-19-x-1-x-19-cm-24-units\/","title":{"rendered":"Dessous de plat Kinvara Naturel Bambou Rond 19 x 1 x 19 cm (24 Unit\u00e9s)"},"content":{"rendered":"<p>Si vous aimez prendre soin de chaque d\u00e9tail de votre maison et d&#8217;\u00eatre \u00e0 la derni\u00e8re mode en mati\u00e8re de produits qui vous rendront la vie plus facile, achetez <b>Dessous de plat Kinvara Naturel Bambou Rond 19 x 1 x 19 cm (24 Unit\u00e9s)<\/b> au meilleur prix.<\/p>\n<p>Ler <b>set de dessous de plat<\/b> de la marque <b>Kinvara<\/b> est une option fonctionnelle et durable parmi les accessoires et ustensiles de cuisine, id\u00e9ale pour prot\u00e9ger vos surfaces lors des repas ou des r\u00e9unions. Fabriqu\u00e9 en <b>bambou naturel<\/b>, un mat\u00e9riau reconnu pour sa r\u00e9sistance, sa durabilit\u00e9 et son engagement \u00e9cologique, ce dessous de plat pr\u00e9sente une finition \u00e9l\u00e9gante qui s\u2019int\u00e8gre harmonieusement \u00e0 tout style de cuisine ou de salle \u00e0 manger. Le set comprend <b>24 pi\u00e8ces<\/b>, ce qui en fait une solution pratique aussi bien pour la maison que pour la restauration, les r\u00e9unions de famille ou les \u00e9v\u00e9nements avec de nombreux convives. Chaque dessous de plat mesure environ <b>19 x 1 x 19 cm<\/b>, offrant suffisamment d\u2019espace pour les assiettes, casseroles ou plats chauds, garantissant une protection efficace contre la chaleur et les taches \u00e9ventuelles sur les tables en bois ou autres surfaces d\u00e9licates. Sa <b>couleur naturelle<\/b> met en valeur le grain et la texture du bambou, apportant une touche chaleureuse et d\u00e9corative \u00e0 la pr\u00e9sentation de la table. L\u00e9ger, il est \u00e9galement facile \u00e0 nettoyer et \u00e0 ranger, ce qui facilite l\u2019entretien et l\u2019organisation quotidienne en cuisine. Cet ensemble de dessous de plat repr\u00e9sente un choix pratique et naturel pour ceux qui recherchent robustesse et respect de l\u2019environnement dans les accessoires de leur maison.<\/p>\n<ul>\n<li>Tipo:\n<ul>\n<li>Linge et ustensiles de cuisine<\/li>\n<li>Dessous de plat<\/li>\n<\/ul>\n<\/li>\n<li>Design: Rond<\/li>\n<li>Couleur: Naturel<\/li>\n<li>Mati\u00e8re: Bambou<\/li>\n<li>Unit\u00e9s: 24 Unit\u00e9s<\/li>\n<li>Dimensions approx.: 19 x 1 x 19 cm<\/li>\n<\/ul>","protected":false},"excerpt":{"rendered":"<p><span class=\"unit-info\">1.2079 &euro; \/ 1 unit<\/span><\/p>","protected":false},"featured_media":191423,"comment_status":"open","ping_status":"closed","template":"","meta":[],"product_brand":[260],"product_cat":[60,1795,216],"product_tag":[104],"woo-feed-brand":[],"class_list":{"0":"post-9585","1":"product","2":"type-product","3":"status-publish","4":"has-post-thumbnail","6":"product_brand-brandp_5246","7":"product_cat-cuisine-gourmet","8":"product_cat-sous-verres-dessous-de-plat-et-serviettes-de-table","9":"product_cat-ustensile","10":"product_tag-tag_1279","12":"first","13":"instock","14":"taxable","15":"shipping-taxable","16":"purchasable","17":"product-type-simple"},"yoast_head":"<!-- This site is optimized with the Yoast SEO plugin v27.6 - https:\/\/yoast.com\/product\/yoast-seo-wordpress\/ -->\n<title>Dessous de plat Kinvara Naturel Bambou Rond 19 x 1 x 19 cm (24 Unit\u00e9s) | | Tupique<\/title>\n<meta name=\"description\" content=\"Envie d&#039;acheter Dessous de plat Kinvara Naturel Bambou Rond 19 x 1 x 19 cm (24 Unit\u00e9s)\u00a0? Achetez Dessous de plat Kinvara Naturel Bambou Rond 19 x 1 x 19 cm (24 Unit\u00e9s) maintenant avec Tupique en 3 versements sans int\u00e9r\u00eat.\" \/>\n<meta name=\"robots\" content=\"index, follow, max-snippet:-1, max-image-preview:large, max-video-preview:-1\" \/>\n<link rel=\"canonical\" href=\"https:\/\/tupique.com\/pt\/product\/table-mat-kinvara-natural-bamboo-circular-19-x-1-x-19-cm-24-units\/\" \/>\n<meta property=\"og:locale\" content=\"pt_PT\" \/>\n<meta property=\"og:type\" content=\"article\" \/>\n<meta property=\"og:title\" content=\"Dessous de plat Kinvara Naturel Bambou Rond 19 x 1 x 19 cm (24 Unit\u00e9s) | | Tupique\" \/>\n<meta property=\"og:description\" content=\"Envie d&#039;acheter Dessous de plat Kinvara Naturel Bambou Rond 19 x 1 x 19 cm (24 Unit\u00e9s)\u00a0? Achetez Dessous de plat Kinvara Naturel Bambou Rond 19 x 1 x 19 cm (24 Unit\u00e9s) maintenant avec Tupique en 3 versements sans int\u00e9r\u00eat.\" \/>\n<meta property=\"og:url\" content=\"https:\/\/tupique.com\/pt\/product\/table-mat-kinvara-natural-bamboo-circular-19-x-1-x-19-cm-24-units\/\" \/>\n<meta property=\"og:site_name\" content=\"Tupique\" \/>\n<meta property=\"article:modified_time\" content=\"2026-05-11T23:25:35+00:00\" \/>\n<meta property=\"og:image\" content=\"https:\/\/tupique.com\/wp-content\/uploads\/2026\/05\/S3631900_P0_icon0.jpg\" \/>\n\t<meta property=\"og:image:width\" content=\"1200\" \/>\n\t<meta property=\"og:image:height\" content=\"1200\" \/>\n\t<meta property=\"og:image:type\" content=\"image\/jpeg\" \/>\n<meta name=\"twitter:card\" content=\"summary_large_image\" \/>\n<meta name=\"twitter:label1\" content=\"Tempo estimado de leitura\" \/>\n\t<meta name=\"twitter:data1\" content=\"1 minuto\" \/>\n<script type=\"application\/ld+json\" class=\"yoast-schema-graph\">{\"@context\":\"https:\\\/\\\/schema.org\",\"@graph\":[{\"@type\":\"WebPage\",\"@id\":\"https:\\\/\\\/tupique.com\\\/pt\\\/product\\\/table-mat-kinvara-natural-bamboo-circular-19-x-1-x-19-cm-24-units\\\/\",\"url\":\"https:\\\/\\\/tupique.com\\\/pt\\\/product\\\/table-mat-kinvara-natural-bamboo-circular-19-x-1-x-19-cm-24-units\\\/\",\"name\":\"Dessous de plat Kinvara Naturel Bambou Rond 19 x 1 x 19 cm (24 Unit\u00e9s) | | Tupique\",\"isPartOf\":{\"@id\":\"https:\\\/\\\/tupique.com\\\/#website\"},\"primaryImageOfPage\":{\"@id\":\"https:\\\/\\\/tupique.com\\\/pt\\\/product\\\/table-mat-kinvara-natural-bamboo-circular-19-x-1-x-19-cm-24-units\\\/#primaryimage\"},\"image\":{\"@id\":\"https:\\\/\\\/tupique.com\\\/pt\\\/product\\\/table-mat-kinvara-natural-bamboo-circular-19-x-1-x-19-cm-24-units\\\/#primaryimage\"},\"thumbnailUrl\":\"https:\\\/\\\/tupique.com\\\/wp-content\\\/uploads\\\/2026\\\/05\\\/S3631900_P0_icon0.jpg\",\"datePublished\":\"2026-03-27T20:42:59+00:00\",\"dateModified\":\"2026-05-11T23:25:35+00:00\",\"description\":\"Envie d'acheter Dessous de plat Kinvara Naturel Bambou Rond 19 x 1 x 19 cm (24 Unit\u00e9s)\u00a0? Achetez Dessous de plat Kinvara Naturel Bambou Rond 19 x 1 x 19 cm (24 Unit\u00e9s) maintenant avec Tupique en 3 versements sans int\u00e9r\u00eat.\",\"breadcrumb\":{\"@id\":\"https:\\\/\\\/tupique.com\\\/pt\\\/product\\\/table-mat-kinvara-natural-bamboo-circular-19-x-1-x-19-cm-24-units\\\/#breadcrumb\"},\"inLanguage\":\"pt-PT\",\"potentialAction\":[{\"@type\":\"ReadAction\",\"target\":[\"https:\\\/\\\/tupique.com\\\/pt\\\/product\\\/table-mat-kinvara-natural-bamboo-circular-19-x-1-x-19-cm-24-units\\\/\"]}]},{\"@type\":\"ImageObject\",\"inLanguage\":\"pt-PT\",\"@id\":\"https:\\\/\\\/tupique.com\\\/pt\\\/product\\\/table-mat-kinvara-natural-bamboo-circular-19-x-1-x-19-cm-24-units\\\/#primaryimage\",\"url\":\"https:\\\/\\\/tupique.com\\\/wp-content\\\/uploads\\\/2026\\\/05\\\/S3631900_P0_icon0.jpg\",\"contentUrl\":\"https:\\\/\\\/tupique.com\\\/wp-content\\\/uploads\\\/2026\\\/05\\\/S3631900_P0_icon0.jpg\",\"width\":1200,\"height\":1200,\"caption\":\"S3631900_0\"},{\"@type\":\"BreadcrumbList\",\"@id\":\"https:\\\/\\\/tupique.com\\\/pt\\\/product\\\/table-mat-kinvara-natural-bamboo-circular-19-x-1-x-19-cm-24-units\\\/#breadcrumb\",\"itemListElement\":[{\"@type\":\"ListItem\",\"position\":1,\"name\":\"commencer\",\"item\":\"https:\\\/\\\/tupique.com\\\/\"},{\"@type\":\"ListItem\",\"position\":2,\"name\":\"Loja\",\"item\":\"https:\\\/\\\/tupique.com\\\/pt\\\/loja\\\/\"},{\"@type\":\"ListItem\",\"position\":3,\"name\":\"Dessous de plat Kinvara Naturel Bambou Rond 19 x 1 x 19 cm (24 Unit\u00e9s)\"}]},{\"@type\":\"WebSite\",\"@id\":\"https:\\\/\\\/tupique.com\\\/#website\",\"url\":\"https:\\\/\\\/tupique.com\\\/\",\"name\":\"Tupique\",\"description\":\"\",\"publisher\":{\"@id\":\"https:\\\/\\\/tupique.com\\\/#organization\"},\"potentialAction\":[{\"@type\":\"SearchAction\",\"target\":{\"@type\":\"EntryPoint\",\"urlTemplate\":\"https:\\\/\\\/tupique.com\\\/?s={search_term_string}\"},\"query-input\":{\"@type\":\"PropertyValueSpecification\",\"valueRequired\":true,\"valueName\":\"search_term_string\"}}],\"inLanguage\":\"pt-PT\"},{\"@type\":\"Organization\",\"@id\":\"https:\\\/\\\/tupique.com\\\/#organization\",\"name\":\"Tupique\",\"url\":\"https:\\\/\\\/tupique.com\\\/\",\"logo\":{\"@type\":\"ImageObject\",\"inLanguage\":\"pt-PT\",\"@id\":\"https:\\\/\\\/tupique.com\\\/#\\\/schema\\\/logo\\\/image\\\/\",\"url\":\"https:\\\/\\\/tupique.com\\\/wp-content\\\/uploads\\\/2026\\\/03\\\/logo-tupique-1.webp\",\"contentUrl\":\"https:\\\/\\\/tupique.com\\\/wp-content\\\/uploads\\\/2026\\\/03\\\/logo-tupique-1.webp\",\"width\":500,\"height\":67,\"caption\":\"Tupique\"},\"image\":{\"@id\":\"https:\\\/\\\/tupique.com\\\/#\\\/schema\\\/logo\\\/image\\\/\"}}]}<\/script>\n<!-- \/ Yoast SEO plugin. -->","yoast_head_json":{"title":"Dessous de plat Kinvara Naturel Bambou Rond 19 x 1 x 19 cm (24 Unit\u00e9s) | | Tupique","description":"Envie d'acheter Dessous de plat Kinvara Naturel Bambou Rond 19 x 1 x 19 cm (24 Unit\u00e9s)\u00a0? Achetez Dessous de plat Kinvara Naturel Bambou Rond 19 x 1 x 19 cm (24 Unit\u00e9s) maintenant avec Tupique en 3 versements sans int\u00e9r\u00eat.","robots":{"index":"index","follow":"follow","max-snippet":"max-snippet:-1","max-image-preview":"max-image-preview:large","max-video-preview":"max-video-preview:-1"},"canonical":"https:\/\/tupique.com\/pt\/product\/table-mat-kinvara-natural-bamboo-circular-19-x-1-x-19-cm-24-units\/","og_locale":"pt_PT","og_type":"article","og_title":"Dessous de plat Kinvara Naturel Bambou Rond 19 x 1 x 19 cm (24 Unit\u00e9s) | | Tupique","og_description":"Envie d'acheter Dessous de plat Kinvara Naturel Bambou Rond 19 x 1 x 19 cm (24 Unit\u00e9s)\u00a0? Achetez Dessous de plat Kinvara Naturel Bambou Rond 19 x 1 x 19 cm (24 Unit\u00e9s) maintenant avec Tupique en 3 versements sans int\u00e9r\u00eat.","og_url":"https:\/\/tupique.com\/pt\/product\/table-mat-kinvara-natural-bamboo-circular-19-x-1-x-19-cm-24-units\/","og_site_name":"Tupique","article_modified_time":"2026-05-11T23:25:35+00:00","og_image":[{"width":1200,"height":1200,"url":"https:\/\/tupique.com\/wp-content\/uploads\/2026\/05\/S3631900_P0_icon0.jpg","type":"image\/jpeg"}],"twitter_card":"summary_large_image","twitter_misc":{"Tempo estimado de leitura":"1 minuto"},"schema":{"@context":"https:\/\/schema.org","@graph":[{"@type":"WebPage","@id":"https:\/\/tupique.com\/pt\/product\/table-mat-kinvara-natural-bamboo-circular-19-x-1-x-19-cm-24-units\/","url":"https:\/\/tupique.com\/pt\/product\/table-mat-kinvara-natural-bamboo-circular-19-x-1-x-19-cm-24-units\/","name":"Dessous de plat Kinvara Naturel Bambou Rond 19 x 1 x 19 cm (24 Unit\u00e9s) | | Tupique","isPartOf":{"@id":"https:\/\/tupique.com\/#website"},"primaryImageOfPage":{"@id":"https:\/\/tupique.com\/pt\/product\/table-mat-kinvara-natural-bamboo-circular-19-x-1-x-19-cm-24-units\/#primaryimage"},"image":{"@id":"https:\/\/tupique.com\/pt\/product\/table-mat-kinvara-natural-bamboo-circular-19-x-1-x-19-cm-24-units\/#primaryimage"},"thumbnailUrl":"https:\/\/tupique.com\/wp-content\/uploads\/2026\/05\/S3631900_P0_icon0.jpg","datePublished":"2026-03-27T20:42:59+00:00","dateModified":"2026-05-11T23:25:35+00:00","description":"Envie d'acheter Dessous de plat Kinvara Naturel Bambou Rond 19 x 1 x 19 cm (24 Unit\u00e9s)\u00a0? Achetez Dessous de plat Kinvara Naturel Bambou Rond 19 x 1 x 19 cm (24 Unit\u00e9s) maintenant avec Tupique en 3 versements sans int\u00e9r\u00eat.","breadcrumb":{"@id":"https:\/\/tupique.com\/pt\/product\/table-mat-kinvara-natural-bamboo-circular-19-x-1-x-19-cm-24-units\/#breadcrumb"},"inLanguage":"pt-PT","potentialAction":[{"@type":"ReadAction","target":["https:\/\/tupique.com\/pt\/product\/table-mat-kinvara-natural-bamboo-circular-19-x-1-x-19-cm-24-units\/"]}]},{"@type":"ImageObject","inLanguage":"pt-PT","@id":"https:\/\/tupique.com\/pt\/product\/table-mat-kinvara-natural-bamboo-circular-19-x-1-x-19-cm-24-units\/#primaryimage","url":"https:\/\/tupique.com\/wp-content\/uploads\/2026\/05\/S3631900_P0_icon0.jpg","contentUrl":"https:\/\/tupique.com\/wp-content\/uploads\/2026\/05\/S3631900_P0_icon0.jpg","width":1200,"height":1200,"caption":"S3631900_0"},{"@type":"BreadcrumbList","@id":"https:\/\/tupique.com\/pt\/product\/table-mat-kinvara-natural-bamboo-circular-19-x-1-x-19-cm-24-units\/#breadcrumb","itemListElement":[{"@type":"ListItem","position":1,"name":"commencer","item":"https:\/\/tupique.com\/"},{"@type":"ListItem","position":2,"name":"Loja","item":"https:\/\/tupique.com\/pt\/loja\/"},{"@type":"ListItem","position":3,"name":"Dessous de plat Kinvara Naturel Bambou Rond 19 x 1 x 19 cm (24 Unit\u00e9s)"}]},{"@type":"WebSite","@id":"https:\/\/tupique.com\/#website","url":"https:\/\/tupique.com\/","name":"Tupique","description":"","publisher":{"@id":"https:\/\/tupique.com\/#organization"},"potentialAction":[{"@type":"SearchAction","target":{"@type":"EntryPoint","urlTemplate":"https:\/\/tupique.com\/?s={search_term_string}"},"query-input":{"@type":"PropertyValueSpecification","valueRequired":true,"valueName":"search_term_string"}}],"inLanguage":"pt-PT"},{"@type":"Organization","@id":"https:\/\/tupique.com\/#organization","name":"Tupique","url":"https:\/\/tupique.com\/","logo":{"@type":"ImageObject","inLanguage":"pt-PT","@id":"https:\/\/tupique.com\/#\/schema\/logo\/image\/","url":"https:\/\/tupique.com\/wp-content\/uploads\/2026\/03\/logo-tupique-1.webp","contentUrl":"https:\/\/tupique.com\/wp-content\/uploads\/2026\/03\/logo-tupique-1.webp","width":500,"height":67,"caption":"Tupique"},"image":{"@id":"https:\/\/tupique.com\/#\/schema\/logo\/image\/"}}]}},"_links":{"self":[{"href":"https:\/\/tupique.com\/pt\/wp-json\/wp\/v2\/product\/9585","targetHints":{"allow":["GET"]}}],"collection":[{"href":"https:\/\/tupique.com\/pt\/wp-json\/wp\/v2\/product"}],"about":[{"href":"https:\/\/tupique.com\/pt\/wp-json\/wp\/v2\/types\/product"}],"replies":[{"embeddable":true,"href":"https:\/\/tupique.com\/pt\/wp-json\/wp\/v2\/comments?post=9585"}],"wp:featuredmedia":[{"embeddable":true,"href":"https:\/\/tupique.com\/pt\/wp-json\/wp\/v2\/media\/191423"}],"wp:attachment":[{"href":"https:\/\/tupique.com\/pt\/wp-json\/wp\/v2\/media?parent=9585"}],"wp:term":[{"taxonomy":"product_brand","embeddable":true,"href":"https:\/\/tupique.com\/pt\/wp-json\/wp\/v2\/product_brand?post=9585"},{"taxonomy":"product_cat","embeddable":true,"href":"https:\/\/tupique.com\/pt\/wp-json\/wp\/v2\/product_cat?post=9585"},{"taxonomy":"product_tag","embeddable":true,"href":"https:\/\/tupique.com\/pt\/wp-json\/wp\/v2\/product_tag?post=9585"},{"taxonomy":"woo-feed-brand","embeddable":true,"href":"https:\/\/tupique.com\/pt\/wp-json\/wp\/v2\/woo-feed-brand?post=9585"}],"curies":[{"name":"wp","href":"https:\/\/api.w.org\/{rel}","templated":true}]}}